{"id":115621,"date":"2021-10-07T00:00:00","date_gmt":"2021-10-06T22:00:00","guid":{"rendered":"http:\/\/gpl-love.com\/fr\/produit\/mythemeshop-best-wordpress-theme\/"},"modified":"2026-04-10T18:32:41","modified_gmt":"2026-04-10T16:32:41","slug":"mythemeshop-best-wordpress-theme","status":"publish","type":"product","link":"https:\/\/gpl-love.com\/fr\/produit\/mythemeshop-best-wordpress-theme\/","title":{"rendered":"MyThemeShop Best WordPress Theme 2.2.11"},"content":{"rendered":"<h3>MyThemeShop Best WordPress Theme Traits<\/h3>\n<p>Con\u00e7u pour am\u00e9liorer l&rsquo;esth\u00e9tique visuelle et le professionnalisme de votre site Web, le th\u00e8me MyTheMeshop Best WordPress est un th\u00e8me premium exceptionnel. Une multitude d&rsquo;options personnalisables sont \u00e0 votre disposition, vous permettant d&rsquo;adapter le th\u00e8me pour correspondre avec pr\u00e9cision \u00e0 votre identit\u00e9 de marque et \u00e0 votre style unique. De plus, ce th\u00e8me est m\u00e9ticuleusement optimis\u00e9 pour la vitesse, garantissant que votre site Web se charge rapidement et de mani\u00e8re transparente, offrant ainsi une exp\u00e9rience utilisateur am\u00e9lior\u00e9e. En outre, ce th\u00e8me remarquable poss\u00e8de une conception r\u00e9active, garantissant qu&rsquo;il peut \u00eatre accessible et utilis\u00e9 sans effort sur n&rsquo;importe quel appareil, ajoutant ainsi \u00e0 sa commodit\u00e9. De plus, le th\u00e8me MyTheMeshop Best WordPress poss\u00e8de une gamme compl\u00e8te de fonctionnalit\u00e9s de r\u00e9f\u00e9rencement int\u00e9gr\u00e9es pour aider \u00e0 renforcer le classement de votre site Web sur les moteurs de recherche, en amplifiant ainsi votre visibilit\u00e9 en ligne et en fin de compte de conduire plus de trafic vers votre site. Que vous vous lanciez dans un voyage de blogs passionnant, que vous \u00e9tabliez un magasin de commerce \u00e9lectronique florissant ou que vous aviez de l&rsquo;avant avec un site Web d&rsquo;entreprise de pointe, ce th\u00e8me est la quintessence d&rsquo;un choix impeccable pour quiconque cherche \u00e0 \u00e9laborer une pr\u00e9sence en ligne \u00e9l\u00e9gante et \u00e9l\u00e9gante sans la t\u00e2che lourde du codage.<\/p>\n<ul>\n<li>Conception enti\u00e8rement r\u00e9active qui fonctionne sur tous les appareils<\/li>\n<li>Livr\u00e9 avec une vari\u00e9t\u00e9 d&rsquo;options de personnalisation pour un look unique<\/li>\n<li>Comprend plus de 600 polices Google et options de polices personnalis\u00e9es<\/li>\n<li>Syst\u00e8me de gestion de publicit\u00e9 int\u00e9gr\u00e9 pour mon\u00e9tiser votre site<\/li>\n<li>Vitesse de chargement rapide pour une meilleure exp\u00e9rience utilisateur et am\u00e9lior\u00e9 SEO<\/li>\n<li>Code et int\u00e9gration Schema.org adapt\u00e9s au r\u00e9f\u00e9rencement<\/li>\n<li>Compatible avec tous les principaux plugins WordPress<\/li>\n<li>Support 24\/7 d&rsquo;une \u00e9quipe exp\u00e9riment\u00e9e de d\u00e9veloppeurs<\/li>\n<li>Importation de d\u00e9monstration en un clic pour une configuration facile<\/li>\n<li>Utilisation \u00e0 vie avec les mises \u00e0 jour et le support inclus<\/li>\n<\/ul>\n","protected":false},"excerpt":{"rendered":"<p>MytheMeshop Le meilleur th\u00e8me WordPress est un th\u00e8me premium extraordinaire, m\u00e9ticuleusement con\u00e7u avec l&rsquo;intention de vous offrir un site Web visuellement frappant qui est \u00e0 la fois convivial et facile \u00e0 naviguer. Il poss\u00e8de une multitude d&rsquo;options personnalisables, vous offrant la possibilit\u00e9 de modifier parfaitement chaque \u00e9l\u00e9ment de votre site afin de l&rsquo;aligner parfaitement avec votre marque unique et votre style distinct. De plus, ce th\u00e8me pr\u00e9sente une r\u00e9activit\u00e9 compl\u00e8te, ce qui signifie que votre site Web d\u00e9gagera un attrait visuel transparent sur tous les types d&rsquo;appareils. En plus de cela, il a \u00e9t\u00e9 impeccablement optimis\u00e9 pour faciliter les temps de chargement rapides, am\u00e9liorant ainsi efficacement le classement des moteurs de recherche de votre site. Par cons\u00e9quent, que vous soyez un blogueur, un individu cr\u00e9atif ou un propri\u00e9taire d&rsquo;entreprise, ce th\u00e8me est sans \u00e9quivoque un choix exceptionnel pour vous. Avec MyTheShop Best WordPress Th\u00e8me, soyez assur\u00e9 que vous vous d\u00e9marquerez sans effort au milieu du vaste paysage num\u00e9rique, laissant une impression en ligne remarquable et ind\u00e9l\u00e9bile sur vos visiteurs.<\/p>\n","protected":false},"featured_media":144645,"comment_status":"open","ping_status":"open","template":"","meta":[],"product_brand":[2601],"product_cat":[1220,1212,1213],"product_tag":[1309],"class_list":{"0":"post-115621","1":"product","2":"type-product","3":"status-publish","4":"has-post-thumbnail","6":"product_brand-my-theme-shop","7":"product_cat-blog-magazine","8":"product_cat-themes","9":"product_cat-wordpress-themes","10":"product_tag-my-theme-shop","11":"member-discount","12":"discount-restricted","14":"first","15":"instock","16":"sale","17":"downloadable","18":"virtual","19":"sold-individually","20":"purchasable","21":"product-type-simple"},"_links":{"self":[{"href":"https:\/\/gpl-love.com\/fr\/wp-json\/wp\/v2\/product\/115621","targetHints":{"allow":["GET"]}}],"collection":[{"href":"https:\/\/gpl-love.com\/fr\/wp-json\/wp\/v2\/product"}],"about":[{"href":"https:\/\/gpl-love.com\/fr\/wp-json\/wp\/v2\/types\/product"}],"replies":[{"embeddable":true,"href":"https:\/\/gpl-love.com\/fr\/wp-json\/wp\/v2\/comments?post=115621"}],"wp:featuredmedia":[{"embeddable":true,"href":"https:\/\/gpl-love.com\/fr\/wp-json\/wp\/v2\/media\/144645"}],"wp:attachment":[{"href":"https:\/\/gpl-love.com\/fr\/wp-json\/wp\/v2\/media?parent=115621"}],"wp:term":[{"taxonomy":"product_brand","embeddable":true,"href":"https:\/\/gpl-love.com\/fr\/wp-json\/wp\/v2\/product_brand?post=115621"},{"taxonomy":"product_cat","embeddable":true,"href":"https:\/\/gpl-love.com\/fr\/wp-json\/wp\/v2\/product_cat?post=115621"},{"taxonomy":"product_tag","embeddable":true,"href":"https:\/\/gpl-love.com\/fr\/wp-json\/wp\/v2\/product_tag?post=115621"}],"curies":[{"name":"wp","href":"https:\/\/api.w.org\/{rel}","templated":true}]}}