{"id":115619,"date":"2025-11-17T00:00:00","date_gmt":"2025-11-16T23:00:00","guid":{"rendered":"http:\/\/gpl-love.com\/fr\/produit\/learnpress-announcements-addon\/"},"modified":"2026-03-20T23:22:05","modified_gmt":"2026-03-20T22:22:05","slug":"learnpress-announcements-addon","status":"publish","type":"product","link":"https:\/\/gpl-love.com\/fr\/produit\/learnpress-announcements-addon\/","title":{"rendered":"LearnPress Announcements Addon 4.1.2"},"content":{"rendered":"<h3>LearnPress Announcements Addon Traits<\/h3>\n<p>L&rsquo;addon d&rsquo;annonces LearnPress, caract\u00e9ris\u00e9 par son immense pouvoir, sert d&rsquo;outil pr\u00e9cieux qui poss\u00e8de la capacit\u00e9 de faciliter efficacement la communication entre les instructeurs et leurs \u00e9tudiants. Au moyen de cet addon remarquable, les instructeurs peuvent sans effort cr\u00e9er et envoyer des annonces \u00e0 l&rsquo;ensemble de leur corps \u00e9tudiant simultan\u00e9ment, garantissant ainsi qu&rsquo;ils sont bien inform\u00e9s en ce qui concerne les mises \u00e0 jour cruciales, les d\u00e9lais imminents et toute autre modification relative au cours. De plus, cet addon permet en outre les instructeurs \u00e0 planifier avec diligence les annonces \u00e0 l&rsquo;avance, les permettant ainsi de concevoir une strat\u00e9gie de communication compl\u00e8te et de garantir que leurs \u00e9tudiants re\u00e7oivent des informations pertinentes et opportunes. Que l&rsquo;environnement p\u00e9dagogique soit effectu\u00e9 pratiquement ou dans un cadre traditionnel de brique et de mortier, les annonces LearnPress Annonces se tiennent sur le point d&rsquo;am\u00e9liorer consid\u00e9rablement la communication et l&rsquo;engagement, aboutissant finalement \u00e0 des r\u00e9sultats d&rsquo;apprentissage am\u00e9lior\u00e9s pour les \u00e9tudiants.<\/p>\n<ul>\n<li>Ajoute une fonctionnalit\u00e9 d&rsquo;annonce au plugin LearnPress<\/li>\n<li>Permet aux instructeurs de communiquer des mises \u00e0 jour et des messages de cours importants aux \u00e9tudiants<\/li>\n<li>Fournit une interface conviviale pour la cr\u00e9ation et la gestion des annonces<\/li>\n<li>Permet aux instructeurs de planifier des annonces pour \u00eatre en ligne \u00e0 des moments pr\u00e9cis<\/li>\n<li>Option pour envoyer des notifications d&rsquo;annonce aux \u00e9tudiants par e-mail ou notifications sur place<\/li>\n<li>Aide \u00e0 am\u00e9liorer la communication et l&rsquo;engagement entre les instructeurs et les \u00e9tudiants<\/li>\n<li>Compatible avec la derni\u00e8re version de LearnPress et WordPress<\/li>\n<li>Constamment mis \u00e0 jour pour les corrections de bogues et les nouvelles fonctionnalit\u00e9s<\/li>\n<li>Livr\u00e9 avec une \u00e9quipe de support d\u00e9di\u00e9e pour tout probl\u00e8me ou questions<\/li>\n<\/ul>\n","protected":false},"excerpt":{"rendered":"<p>L&rsquo;Addon d&rsquo;annonces LearnPress, un outil extr\u00eamement puissant, accorde aux enseignants et aux administrateurs la possibilit\u00e9 de g\u00e9n\u00e9rer et de contr\u00f4ler les annonces pour leurs cours virtuels. Gr\u00e2ce \u00e0 l&rsquo;utilisation de cet addon, on peut relayer sans effort les informations vitales \u00e0 leurs \u00e9tudiants, telles que des dates d&rsquo;\u00e9ch\u00e9ance imminentes, des r\u00e9visions de cours et d&rsquo;autres mises \u00e0 jour remarquables. De plus, cet addon poss\u00e8de la convivialit\u00e9 des utilisateurs et un \u00e9ventail d&rsquo;options de personnalisation, permettant la cr\u00e9ation d&rsquo;annonces qui d\u00e9gagent une aura professionnelle, parfaitement adapt\u00e9e pour r\u00e9pondre \u00e0 ses exigences sp\u00e9cifiques. Que l&rsquo;on soit absorb\u00e9 par la t\u00e2che d&rsquo;instruire un cours en ligne ou d&rsquo;entreprendre la gestion d&rsquo;un \u00e9tablissement d&rsquo;enseignement tentaculaire, l&rsquo;addon d&rsquo;annonces LearnPress sert d&rsquo;outil indispensable, garantissant l&rsquo;efficacit\u00e9 organisationnelle et la diss\u00e9mination constante des connaissances pertinentes pour les \u00e9tudiants.<\/p>\n","protected":false},"featured_media":144351,"comment_status":"open","ping_status":"open","template":"","meta":[],"product_brand":[2582],"product_cat":[1189,1181,1186],"product_tag":[2190],"class_list":{"0":"post-115619","1":"product","2":"type-product","3":"status-publish","4":"has-post-thumbnail","6":"product_brand-learnpress","7":"product_cat-personnalisation","8":"product_cat-plugins","9":"product_cat-wordpress-plugins","10":"product_tag-learnpress","11":"member-discount","12":"discount-restricted","14":"first","15":"instock","16":"sale","17":"downloadable","18":"virtual","19":"sold-individually","20":"purchasable","21":"product-type-simple"},"_links":{"self":[{"href":"https:\/\/gpl-love.com\/fr\/wp-json\/wp\/v2\/product\/115619","targetHints":{"allow":["GET"]}}],"collection":[{"href":"https:\/\/gpl-love.com\/fr\/wp-json\/wp\/v2\/product"}],"about":[{"href":"https:\/\/gpl-love.com\/fr\/wp-json\/wp\/v2\/types\/product"}],"replies":[{"embeddable":true,"href":"https:\/\/gpl-love.com\/fr\/wp-json\/wp\/v2\/comments?post=115619"}],"wp:featuredmedia":[{"embeddable":true,"href":"https:\/\/gpl-love.com\/fr\/wp-json\/wp\/v2\/media\/144351"}],"wp:attachment":[{"href":"https:\/\/gpl-love.com\/fr\/wp-json\/wp\/v2\/media?parent=115619"}],"wp:term":[{"taxonomy":"product_brand","embeddable":true,"href":"https:\/\/gpl-love.com\/fr\/wp-json\/wp\/v2\/product_brand?post=115619"},{"taxonomy":"product_cat","embeddable":true,"href":"https:\/\/gpl-love.com\/fr\/wp-json\/wp\/v2\/product_cat?post=115619"},{"taxonomy":"product_tag","embeddable":true,"href":"https:\/\/gpl-love.com\/fr\/wp-json\/wp\/v2\/product_tag?post=115619"}],"curies":[{"name":"wp","href":"https:\/\/api.w.org\/{rel}","templated":true}]}}