{"id":115617,"date":"2026-05-02T00:00:00","date_gmt":"2026-05-01T22:00:00","guid":{"rendered":"http:\/\/gpl-love.com\/fr\/produit\/gravityview-gravity-forms-calendar\/"},"modified":"2026-05-13T00:30:33","modified_gmt":"2026-05-12T22:30:33","slug":"gravityview-gravity-forms-calendar","status":"publish","type":"product","link":"https:\/\/gpl-love.com\/fr\/produit\/gravityview-gravity-forms-calendar\/","title":{"rendered":"Gravity View Calendar 2.16.2"},"content":{"rendered":"<h3>Gravity View Calendar Traits<\/h3>\n<p>Gravity View Calendar est un outil exceptionnellement robuste qui permet aux utilisateurs la possibilit\u00e9 de cr\u00e9er et de pr\u00e9senter des calendriers personnalis\u00e9s sans effort sur leurs sites Web WordPress. Son intuitivit\u00e9 remarquable et son interface conviviale font la t\u00e2che d&rsquo;ajouter des \u00e9v\u00e9nements, de modifier les aspects visuels du calendrier et de le pr\u00e9senter dans divers formats une brise absolue. Ce plugin ing\u00e9nieux poss\u00e8de un niveau d&rsquo;adaptabilit\u00e9 extraordinaire, offrant une multitude de perspectives telles que le mois, la semaine et la journ\u00e9e, tout en accordant aux utilisateurs la capacit\u00e9 de filtrer les \u00e9v\u00e9nements en fonction de la cat\u00e9gorie ou de l&#8217;emplacement. De plus, Gravity View Calendar offre une large gamme d&rsquo;options de personnalisation, englobant une gamme de choix pour les couleurs, les polices et les styles, tout en \u00e9tant compatibles avec plusieurs langues. Que vous aspirez \u00e0 pr\u00e9senter des \u00e9v\u00e9nements \u00e0 venir ou \u00e0 g\u00e9rer de mani\u00e8re comp\u00e9tente l&rsquo;agenda de votre \u00e9quipe, l&rsquo;outil indispensable qui est le calendrier de vue de gravit\u00e9 est une n\u00e9cessit\u00e9 absolue pour tout site Web WordPress.<\/p>\n<ul>\n<li>Un affichage de calendrier personnalisable qui utilise l&rsquo;entr\u00e9e de donn\u00e9es des formulaires de gravit\u00e9<\/li>\n<li>Pr\u00e9sente des \u00e9v\u00e9nements et des rendez-vous dans un format intuitif visuellement attrayant<\/li>\n<li>Fournit une vari\u00e9t\u00e9 d&rsquo;options de personnalisation pour adapter le calendrier \u00e0 vos besoins sp\u00e9cifiques<\/li>\n<li>S&rsquo;int\u00e8gre de mani\u00e8re transparente \u00e0 la configuration des formulaires de gravit\u00e9 existants pour une exp\u00e9rience utilisateur transparente<\/li>\n<li>Permet une gestion des \u00e9v\u00e9nements faciles avec des fonctionnalit\u00e9s int\u00e9gr\u00e9es pour l&rsquo;\u00e9dition et la publication des d\u00e9tails des \u00e9v\u00e9nements<\/li>\n<li>Prend en charge plusieurs vues, notamment le mois, la semaine, la journ\u00e9e et les options de liste<\/li>\n<li>Optimis\u00e9 pour l&rsquo;affichage mobile, assurer l&rsquo;accessibilit\u00e9 sur les appareils de bureau et mobiles<\/li>\n<li>Permet les autorisations des utilisateurs pour l&rsquo;acc\u00e8s bas\u00e9 sur les r\u00f4les aux informations du calendrier<\/li>\n<li>Comprend des capacit\u00e9s avanc\u00e9es de filtrage et de recherche pour trouver facilement des \u00e9v\u00e9nements ou des rendez-vous sp\u00e9cifiques<\/li>\n<li>Offre des cat\u00e9gories d&rsquo;\u00e9v\u00e9nements cod\u00e9es en couleur illimit\u00e9s pour une organisation et une clart\u00e9 am\u00e9lior\u00e9es.<\/li>\n<\/ul>\n","protected":false},"excerpt":{"rendered":"<p>Le calendrier de vue de Gravity, un outil incroyablement puissant, est con\u00e7u pour faciliter la visualisation de vos donn\u00e9es via un format qui peut \u00eatre personnalis\u00e9 pour r\u00e9pondre \u00e0 vos besoins. Cet outil vous permet de cr\u00e9er sans effort des calendriers qui pr\u00e9sentent efficacement tout type de donn\u00e9es que vous d\u00e9sirez, que ce soit des \u00e9v\u00e9nements, des rendez-vous, des d\u00e9lais ou toute autre information pertinente. Que vous soyez responsable de la gestion des d\u00e9lais du projet ou que vous planifiez avec diligence les dates importantes, le calendrier de la vue de Gravity s&rsquo;av\u00e8re \u00eatre un atout inestimable, vous permettant de rester facilement au courant de tout dans un seul emplacement centralis\u00e9. B\u00e9n\u00e9ficiant d&rsquo;une interface conviviale et d&rsquo;une vaste gamme d&rsquo;options de personnalisation, cet outil remarquable vous aidera sans aucun doute \u00e0 maintenir un haut niveau d&rsquo;organisation et vous permettra d&rsquo;exceller dans vos efforts. Profitez de l&rsquo;occasion pour vivre l&rsquo;impact transformateur du calendrier de la vue Gravity sur votre travail en l&rsquo;essayant aujourd&rsquo;hui.<\/p>\n","protected":false},"featured_media":144138,"comment_status":"open","ping_status":"open","template":"","meta":[],"product_brand":[2568],"product_cat":[1189,1181,1186],"product_tag":[1279],"class_list":{"0":"post-115617","1":"product","2":"type-product","3":"status-publish","4":"has-post-thumbnail","6":"product_brand-gravityview","7":"product_cat-personnalisation","8":"product_cat-plugins","9":"product_cat-wordpress-plugins","10":"product_tag-gravityview","11":"member-discount","12":"discount-restricted","14":"first","15":"instock","16":"sale","17":"downloadable","18":"virtual","19":"sold-individually","20":"purchasable","21":"product-type-simple"},"_links":{"self":[{"href":"https:\/\/gpl-love.com\/fr\/wp-json\/wp\/v2\/product\/115617","targetHints":{"allow":["GET"]}}],"collection":[{"href":"https:\/\/gpl-love.com\/fr\/wp-json\/wp\/v2\/product"}],"about":[{"href":"https:\/\/gpl-love.com\/fr\/wp-json\/wp\/v2\/types\/product"}],"replies":[{"embeddable":true,"href":"https:\/\/gpl-love.com\/fr\/wp-json\/wp\/v2\/comments?post=115617"}],"wp:featuredmedia":[{"embeddable":true,"href":"https:\/\/gpl-love.com\/fr\/wp-json\/wp\/v2\/media\/144138"}],"wp:attachment":[{"href":"https:\/\/gpl-love.com\/fr\/wp-json\/wp\/v2\/media?parent=115617"}],"wp:term":[{"taxonomy":"product_brand","embeddable":true,"href":"https:\/\/gpl-love.com\/fr\/wp-json\/wp\/v2\/product_brand?post=115617"},{"taxonomy":"product_cat","embeddable":true,"href":"https:\/\/gpl-love.com\/fr\/wp-json\/wp\/v2\/product_cat?post=115617"},{"taxonomy":"product_tag","embeddable":true,"href":"https:\/\/gpl-love.com\/fr\/wp-json\/wp\/v2\/product_tag?post=115617"}],"curies":[{"name":"wp","href":"https:\/\/api.w.org\/{rel}","templated":true}]}}