{"id":115600,"date":"2021-05-28T00:00:00","date_gmt":"2021-05-27T22:00:00","guid":{"rendered":"http:\/\/gpl-love.com\/fr\/produit\/mp3-sticky-player-wordpress-plugin\/"},"modified":"2026-04-10T18:32:10","modified_gmt":"2026-04-10T16:32:10","slug":"mp3-sticky-player-wordpress-plugin","status":"publish","type":"product","link":"https:\/\/gpl-love.com\/fr\/produit\/mp3-sticky-player-wordpress-plugin\/","title":{"rendered":"MP3 Sticky Player WordPress Plugin 7.2"},"content":{"rendered":"<h3>MP3 Sticky Player WordPress Plugin Traits<\/h3>\n<p>Le plugin WordPress MP3 Sticky Player pr\u00e9sente une solution optimale pour les personnes qui souhaitent incorporer des fichiers audio de haute qualit\u00e9 sur leur site Web, le rendant ainsi plus engageant et captivant. Ce plugin remarquable a \u00e9t\u00e9 m\u00e9ticuleusement con\u00e7u pour hi\u00e9rarchiser la convivialit\u00e9 et la facilit\u00e9 d&rsquo;utilisation, facilitant un processus rapide et transparent de t\u00e9l\u00e9chargement de fichiers audio et de fabriquer par la suite des lecteurs audio visuellement frappants et interactifs qui captiveront et divertiront efficacement les visiteurs de votre site Web. De plus, ce plugin poss\u00e8de une gamme d&rsquo;options personnalisables, vous permettant d&rsquo;aligner sans effort l&rsquo;apparence et l&rsquo;ambiance de vos joueurs audio avec la conception et l&rsquo;esth\u00e9tique uniques de votre site Web. Que vous vous identifiiez comme un musicien, un podcaster ou un blogueur, le plugin WordPress MP3 Sticky Player appara\u00eet comme un outil inestimable, vous permettant d&rsquo;infuser votre site Web avec l&rsquo;attrait de l&rsquo;audio convaincant.<\/p>\n<ul>\n<li>Le plugin WordPress MP3 Sticky Player est un outil puissant qui vous permet d&rsquo;int\u00e9grer des lecteurs audio sur votre site Web.<\/li>\n<li>Avec son interface facile \u00e0 utiliser, vous pouvez ajouter rapidement et sans effort des pistes audio \u00e0 n&rsquo;importe quelle page ou publication sur votre site.<\/li>\n<li>Le joueur est enti\u00e8rement personnalisable, vous permettant de le faire correspondre \u00e0 l&rsquo;apparence de votre site Web.<\/li>\n<li>Une fois qu&rsquo;un visiteur commencera \u00e0 jouer une piste, le joueur s&rsquo;en tiendra au bas de l&rsquo;\u00e9cran, ce qui signifie qu&rsquo;il restera visible et accessible, peu importe o\u00f9 vous naviguez sur votre site.<\/li>\n<li>Le plugin prend en charge plusieurs formats audio, y compris MP3, WAV et OGG.<\/li>\n<li>Vous pouvez choisir d&rsquo;afficher le lecteur dans diff\u00e9rents formats, y compris la barre, le cercle et le carr\u00e9.<\/li>\n<li>Le plugin est enti\u00e8rement r\u00e9actif, ce qui signifie qu&rsquo;il fonctionnera de mani\u00e8re transparente sur n&rsquo;importe quel appareil, y compris les mobiles et les tablettes.<\/li>\n<li>Le joueur est \u00e9quip\u00e9 de commandes pour permettre aux visiteurs de faire une pause, de jouer, de rembobiner ou de passer rapidement.<\/li>\n<li>Vous pouvez ajouter des informations ou des liens personnalis\u00e9s au joueur, tels que l&rsquo;artiste de piste, l&rsquo;album ou m\u00eame les liens personnalis\u00e9s.<\/li>\n<li>Le plugin WordPress MP3 Sticky Player est l&rsquo;outil parfait pour tout musicien, h\u00f4te de podcast ou blogueur qui souhaite ajouter un lecteur audio \u00e0 son site Web.<\/li>\n<\/ul>\n","protected":false},"excerpt":{"rendered":"<p>Le plugin WordPress MP3 Sticky Player, connu pour ses capacit\u00e9s exceptionnelles, est un lecteur audio d&rsquo;immense puissance qui vous accorde la capacit\u00e9 transparente \u00e0 int\u00e9grer des clips audio sur votre site Web. Ce formidable plugin s&rsquo;av\u00e8re \u00eatre la quintessence de la perfection pour les blogs musicaux, les podcasters ou toute personne cherchant \u00e0 distribuer sans effort le contenu audio entre leur public. B\u00e9n\u00e9ficiant d&rsquo;une nature enti\u00e8rement personnalisable, le joueur profite \u00e0 l&rsquo;option d&rsquo;\u00eatre fix\u00e9e \u00e0 la partie la plus \u00e9lev\u00e9e ou la plus basse de votre site Web, assurant ainsi une accessibilit\u00e9 optimale \u00e0 tout moment. Le t\u00e9l\u00e9chargement et la gestion sans effort de vos fichiers audio devient un jeu d&rsquo;enfant en raison de son interface remarquablement conviviale, et de la compatibilit\u00e9 avec tous les formats audio populaires, y compris MP3 et WAV, \u00e9l\u00e8ve encore sa grandeur. En incorporant le plugin WordPress MP3 Sticky Player, vous obtenez la possibilit\u00e9 remarquable d&rsquo;augmenter l&rsquo;exp\u00e9rience auditive de votre site Web et de captiver votre public avec un contenu audio par excellence.<\/p>\n","protected":false},"featured_media":144595,"comment_status":"open","ping_status":"open","template":"","meta":[],"product_brand":[2435],"product_cat":[1189,1181,1186],"product_tag":[1231],"class_list":{"0":"post-115600","1":"product","2":"type-product","3":"status-publish","4":"has-post-thumbnail","6":"product_brand-codecanyon","7":"product_cat-personnalisation","8":"product_cat-plugins","9":"product_cat-wordpress-plugins","10":"product_tag-codecanyon","11":"member-discount","12":"discount-restricted","14":"first","15":"instock","16":"sale","17":"downloadable","18":"virtual","19":"sold-individually","20":"purchasable","21":"product-type-simple"},"_links":{"self":[{"href":"https:\/\/gpl-love.com\/fr\/wp-json\/wp\/v2\/product\/115600","targetHints":{"allow":["GET"]}}],"collection":[{"href":"https:\/\/gpl-love.com\/fr\/wp-json\/wp\/v2\/product"}],"about":[{"href":"https:\/\/gpl-love.com\/fr\/wp-json\/wp\/v2\/types\/product"}],"replies":[{"embeddable":true,"href":"https:\/\/gpl-love.com\/fr\/wp-json\/wp\/v2\/comments?post=115600"}],"wp:featuredmedia":[{"embeddable":true,"href":"https:\/\/gpl-love.com\/fr\/wp-json\/wp\/v2\/media\/144595"}],"wp:attachment":[{"href":"https:\/\/gpl-love.com\/fr\/wp-json\/wp\/v2\/media?parent=115600"}],"wp:term":[{"taxonomy":"product_brand","embeddable":true,"href":"https:\/\/gpl-love.com\/fr\/wp-json\/wp\/v2\/product_brand?post=115600"},{"taxonomy":"product_cat","embeddable":true,"href":"https:\/\/gpl-love.com\/fr\/wp-json\/wp\/v2\/product_cat?post=115600"},{"taxonomy":"product_tag","embeddable":true,"href":"https:\/\/gpl-love.com\/fr\/wp-json\/wp\/v2\/product_tag?post=115600"}],"curies":[{"name":"wp","href":"https:\/\/api.w.org\/{rel}","templated":true}]}}