{"id":115598,"date":"2026-03-03T00:00:00","date_gmt":"2026-03-02T23:00:00","guid":{"rendered":"http:\/\/gpl-love.com\/fr\/produit\/all-in-one-addons-pour-wpbakery-page-builder\/"},"modified":"2026-03-20T22:54:21","modified_gmt":"2026-03-20T21:54:21","slug":"all-in-one-addons-pour-wpbakery-page-builder","status":"publish","type":"product","link":"https:\/\/gpl-love.com\/fr\/produit\/all-in-one-addons-pour-wpbakery-page-builder\/","title":{"rendered":"All In One Addons pour WPBakery Page Builder 8.7.2"},"content":{"rendered":"<h3>All In One Addons pour WPBakery Page Builder Traits<\/h3>\n<p>Le Builder de Page All in One pour WPBAKERY, un outil absolument essentiel pour les personnes qui cherchent \u00e0 am\u00e9liorer leur exp\u00e9rience de cr\u00e9ation de sites Web, offre une pl\u00e9thore de fonctionnalit\u00e9s et de fonctionnalit\u00e9s qui sont con\u00e7ues de mani\u00e8re globale pour aider les utilisateurs \u00e0 cr\u00e9er sans effort des sites Web qui d\u00e9gagent le professionnalisme. En utilisant ce module compl\u00e9mentaire, les utilisateurs ont la possibilit\u00e9 d&rsquo;incorporer de mani\u00e8re transparente des \u00e9l\u00e9ments, des animations et des effets personnalis\u00e9s dans leurs pages, ce qui entra\u00eene un attrait visuel et un niveau d&rsquo;engagement sans pr\u00e9c\u00e9dent. De plus, le module compl\u00e9mentaire poss\u00e8de un assortiment robuste de mod\u00e8les, de blocs pr\u00e9-con\u00e7us et de widgets qui peuvent \u00eatre personnalis\u00e9s sans effort pour s&rsquo;aligner sur tout style de conception pr\u00e9f\u00e9r\u00e9. Que l&rsquo;objectif soit de construire un blog personnel ou un site de commerce \u00e9lectronique \u00e0 multiples facettes, le constructeur de pages WPBakery pour WPBakery repr\u00e9sente la solution ultime pour toutes les exigences de construction de sites Web.<\/p>\n<ul>\n<li>Acc\u00e8s \u00e0 plus de 100 \u00e9l\u00e9ments uniques et personnalisables \u00e0 ajouter \u00e0 votre site Web<\/li>\n<li>Aucun codage n\u00e9cessaire &#8211; faites glisser et d\u00e9posez simplement les \u00e9l\u00e9ments sur votre page<\/li>\n<li>Les \u00e9l\u00e9ments comprennent<\/li>\n<li>R\u00e9guli\u00e8rement mis \u00e0 jour avec des \u00e9l\u00e9ments nouveaux et innovants<\/li>\n<li>Enti\u00e8rement compatible avec le plugin de g\u00e9n\u00e9rateur de page WPBakery<\/li>\n<li>Interface intuitive et conviviale pour une personnalisation sans effort<\/li>\n<li>Documentation d\u00e9taill\u00e9e et \u00e9quipe de support d\u00e9di\u00e9e disponible pour l&rsquo;aide<\/li>\n<li>Aide \u00e0 gagner du temps et \u00e0 rationaliser le processus de cr\u00e9ation du site Web<\/li>\n<li>Convient \u00e0 une gamme d&rsquo;industries et de sites Web<\/li>\n<li>Prix \u200b\u200babordables pour un large \u00e9ventail d&rsquo;utilisateurs<\/li>\n<\/ul>\n","protected":false},"excerpt":{"rendered":"<p>D\u00e9couvrez les addons All In One pour WPBakery Page Builder, une solution compl\u00e8te con\u00e7ue pour am\u00e9liorer l&rsquo;exp\u00e9rience de la construction de votre site Web. Cet outil est rempli de fonctionnalit\u00e9s qui rationalisent le processus de conception Web, ce qui en fait un incontournable pour les d\u00e9butants et les d\u00e9veloppeurs chevronn\u00e9s. Avec All In One Addons, vous pouvez ajouter sans effort de la valeur \u00e0 votre g\u00e9n\u00e9rateur de page WPBAKERY, vous permettant de cr\u00e9er des sites Web \u00e9poustouflants et fonctionnels plus rapidement.<\/p>\n<p>L&rsquo;All in One Addons propose un large \u00e9ventail d&rsquo;\u00e9l\u00e9ments personnalisables qui peuvent \u00eatre facilement ajust\u00e9s pour correspondre \u00e0 l&rsquo;esth\u00e9tique de votre site Web. Profitez de la libert\u00e9 d&rsquo;exp\u00e9rimenter avec diff\u00e9rentes mises en page, styles et th\u00e8mes, sans aucune connaissance de codage requise.<\/p>\n<p>L&rsquo;un des principaux avantages de cet addon est sa compatibilit\u00e9. Il fonctionne parfaitement avec n&rsquo;importe quel th\u00e8me WordPress qui prend en charge WPBakery Page Builder. Cela signifie que vous n&rsquo;avez pas \u00e0 vous soucier des conflits ou des probl\u00e8mes potentiels, permettant des op\u00e9rations plus lisses et moins de temps d&rsquo;arr\u00eat.<\/p>\n<p>De plus, les addons All in One sont con\u00e7us pour \u00eatre enti\u00e8rement r\u00e9actifs. Cela garantit que votre<\/p>\n","protected":false},"featured_media":143112,"comment_status":"open","ping_status":"open","template":"","meta":[],"product_brand":[2435],"product_cat":[1189,1181,1186],"product_tag":[1231],"class_list":{"0":"post-115598","1":"product","2":"type-product","3":"status-publish","4":"has-post-thumbnail","6":"product_brand-codecanyon","7":"product_cat-personnalisation","8":"product_cat-plugins","9":"product_cat-wordpress-plugins","10":"product_tag-codecanyon","11":"member-discount","12":"discount-restricted","14":"first","15":"instock","16":"sale","17":"downloadable","18":"virtual","19":"sold-individually","20":"purchasable","21":"product-type-simple"},"_links":{"self":[{"href":"https:\/\/gpl-love.com\/fr\/wp-json\/wp\/v2\/product\/115598","targetHints":{"allow":["GET"]}}],"collection":[{"href":"https:\/\/gpl-love.com\/fr\/wp-json\/wp\/v2\/product"}],"about":[{"href":"https:\/\/gpl-love.com\/fr\/wp-json\/wp\/v2\/types\/product"}],"replies":[{"embeddable":true,"href":"https:\/\/gpl-love.com\/fr\/wp-json\/wp\/v2\/comments?post=115598"}],"wp:featuredmedia":[{"embeddable":true,"href":"https:\/\/gpl-love.com\/fr\/wp-json\/wp\/v2\/media\/143112"}],"wp:attachment":[{"href":"https:\/\/gpl-love.com\/fr\/wp-json\/wp\/v2\/media?parent=115598"}],"wp:term":[{"taxonomy":"product_brand","embeddable":true,"href":"https:\/\/gpl-love.com\/fr\/wp-json\/wp\/v2\/product_brand?post=115598"},{"taxonomy":"product_cat","embeddable":true,"href":"https:\/\/gpl-love.com\/fr\/wp-json\/wp\/v2\/product_cat?post=115598"},{"taxonomy":"product_tag","embeddable":true,"href":"https:\/\/gpl-love.com\/fr\/wp-json\/wp\/v2\/product_tag?post=115598"}],"curies":[{"name":"wp","href":"https:\/\/api.w.org\/{rel}","templated":true}]}}