{"id":115596,"date":"2021-05-28T00:00:00","date_gmt":"2021-05-27T22:00:00","guid":{"rendered":"http:\/\/gpl-love.com\/fr\/produit\/solaz-an-elegant-hotel-et-lodge-wordpress-theme\/"},"modified":"2026-04-10T18:40:07","modified_gmt":"2026-04-10T16:40:07","slug":"solaz-an-elegant-hotel-et-lodge-wordpress-theme","status":"publish","type":"product","link":"https:\/\/gpl-love.com\/fr\/produit\/solaz-an-elegant-hotel-et-lodge-wordpress-theme\/","title":{"rendered":"Solaz An Elegant Hotel et Lodge WordPress Theme 1.2.2"},"content":{"rendered":"<h3>Solaz An Elegant Hotel et Lodge WordPress Theme Traits<\/h3>\n<p>Solaz, un th\u00e8me remarquable d&rsquo;h\u00f4tel et de lodge WordPress, a \u00e9t\u00e9 m\u00e9ticuleusement con\u00e7u pour \u00e9tablir une pr\u00e9sence en ligne impressionnante pour les h\u00f4tels et les lodges opulents. Il est \u00e9quip\u00e9 d&rsquo;une vaste gamme de fonctionnalit\u00e9s qui r\u00e9pondent aux conditions sp\u00e9cifiques des h\u00f4tels et des lodges, englobant les listes de chambres, un syst\u00e8me de r\u00e9servation complet, une gestion comp\u00e9tente des \u00e9v\u00e9nements, etc. Offrant une multitude de d\u00e9mos pr\u00e9d\u00e9finies, ce th\u00e8me accorde aux utilisateurs la plus grande flexibilit\u00e9 pour s\u00e9lectionner parmi un assortiment de styles et de conceptions qui s&rsquo;alignent impeccablement avec leur marque. De plus, Solaz est compl\u00e8tement r\u00e9actif, garantissant que votre site Web conserve son \u00e9minence visuelle sur tous les appareils. Avec son interface conviviale et ses fonctionnalit\u00e9s puissantes, Solaz repr\u00e9sente la solution par excellence pour les h\u00f4tels et les lodges aspirant \u00e0 se distinguer dans le domaine num\u00e9rique.<\/p>\n<ul>\n<li>Th\u00e8me WordPress magnifiquement con\u00e7u pour les h\u00f4tels et les lodges<\/li>\n<li>Conception moderne et r\u00e9active pour tout appareil<\/li>\n<li>Plusieurs variations de page d&rsquo;accueil au choix<\/li>\n<li>Dispositions personnalisables pour s&rsquo;adapter \u00e0 votre marque<\/li>\n<li>Int\u00e9gration du syst\u00e8me de r\u00e9servation pour les r\u00e9servations en ligne faciles<\/li>\n<li>Section de blog pour tenir les invit\u00e9s inform\u00e9s des \u00e9v\u00e9nements et des promotions<\/li>\n<li>Section des t\u00e9moignages pour pr\u00e9senter des exp\u00e9riences positives des clients<\/li>\n<li>L&rsquo;int\u00e9gration des m\u00e9dias sociaux pour se connecter avec les invit\u00e9s et promouvoir votre propri\u00e9t\u00e9<\/li>\n<li>Panneau d&rsquo;administration facile \u00e0 utiliser pour les mises \u00e0 jour et la maintenance simples<\/li>\n<li>Conforme aux derni\u00e8res normes WordPress et aux meilleures pratiques de r\u00e9f\u00e9rencement.<\/li>\n<\/ul>\n","protected":false},"excerpt":{"rendered":"<p>Solaz est un th\u00e8me WordPress bien fa\u00e7onn\u00e9 et esth\u00e9tique qui a \u00e9t\u00e9 complicit\u00e9 dans le but expr\u00e8s de r\u00e9pondre aux besoins des h\u00f4tels et des lodges. B\u00e9n\u00e9ficiant d&rsquo;un design vierge et contemporain, Solaz accorde efficacement \u00e0 votre site Web un air d&rsquo;\u00e9l\u00e9gance et de professionnalisme. Saisissez l&rsquo;opportunit\u00e9 d&rsquo;exposer efficacement votre \u00e9ventail d&rsquo;\u00e9quipements et de services en utilisant les dispositions hautement personnalisables du th\u00e8me et les animations \u00e9l\u00e9gantes sans effort. En outre, le th\u00e8me est \u00e9galement \u00e9quip\u00e9 d&rsquo;un syst\u00e8me de r\u00e9servation et de r\u00e9servation incroyablement pratique, facilitant ainsi un processus transparent et sans tracas pour que les clients puissent faire des demandes et r\u00e9server des chambres directement via votre site Web. L&rsquo;installation et la personnalisation de Solaz sont une brise absolue, et il offre m\u00eame une documentation et un soutien complet pour vous assurer que vous \u00eates \u00e9quip\u00e9 des ressources n\u00e9cessaires pour naviguer sans effort \u00e0 travers tous les d\u00e9fis qui peuvent survenir. Par cons\u00e9quent, vous avez la capacit\u00e9 de captiver et de laisser une impression durable sur vos invit\u00e9s en leur pr\u00e9sentant un site Web extr\u00eamement beau et incroyablement convivial, tout cela gr\u00e2ce aux capacit\u00e9s remarquables de Solaz.<\/p>\n","protected":false},"featured_media":145289,"comment_status":"open","ping_status":"open","template":"","meta":[],"product_brand":[2433],"product_cat":[1558,1212,1213],"product_tag":[1366],"class_list":{"0":"post-115596","1":"product","2":"type-product","3":"status-publish","4":"has-post-thumbnail","6":"product_brand-themeforest","7":"product_cat-hotel-resort","8":"product_cat-themes","9":"product_cat-wordpress-themes","10":"product_tag-themeforest","11":"member-discount","12":"discount-restricted","14":"first","15":"instock","16":"sale","17":"downloadable","18":"virtual","19":"sold-individually","20":"purchasable","21":"product-type-simple"},"_links":{"self":[{"href":"https:\/\/gpl-love.com\/fr\/wp-json\/wp\/v2\/product\/115596","targetHints":{"allow":["GET"]}}],"collection":[{"href":"https:\/\/gpl-love.com\/fr\/wp-json\/wp\/v2\/product"}],"about":[{"href":"https:\/\/gpl-love.com\/fr\/wp-json\/wp\/v2\/types\/product"}],"replies":[{"embeddable":true,"href":"https:\/\/gpl-love.com\/fr\/wp-json\/wp\/v2\/comments?post=115596"}],"wp:featuredmedia":[{"embeddable":true,"href":"https:\/\/gpl-love.com\/fr\/wp-json\/wp\/v2\/media\/145289"}],"wp:attachment":[{"href":"https:\/\/gpl-love.com\/fr\/wp-json\/wp\/v2\/media?parent=115596"}],"wp:term":[{"taxonomy":"product_brand","embeddable":true,"href":"https:\/\/gpl-love.com\/fr\/wp-json\/wp\/v2\/product_brand?post=115596"},{"taxonomy":"product_cat","embeddable":true,"href":"https:\/\/gpl-love.com\/fr\/wp-json\/wp\/v2\/product_cat?post=115596"},{"taxonomy":"product_tag","embeddable":true,"href":"https:\/\/gpl-love.com\/fr\/wp-json\/wp\/v2\/product_tag?post=115596"}],"curies":[{"name":"wp","href":"https:\/\/api.w.org\/{rel}","templated":true}]}}