{"id":115594,"date":"2022-03-28T00:00:00","date_gmt":"2022-03-27T22:00:00","guid":{"rendered":"http:\/\/gpl-love.com\/fr\/produit\/order-delivery-date-pro-pour-woocommerce\/"},"modified":"2026-04-10T18:35:22","modified_gmt":"2026-04-10T16:35:22","slug":"order-delivery-date-pro-pour-woocommerce","status":"publish","type":"product","link":"https:\/\/gpl-love.com\/fr\/produit\/order-delivery-date-pro-pour-woocommerce\/","title":{"rendered":"Order Delivery Date Pro pour WooCommerce 9.29.0"},"content":{"rendered":"<h3>Order Delivery Date Pro pour WooCommerce Traits<\/h3>\n<p>Date de livraison de commande Pro pour WooCommerce est un plugin incroyablement robuste et tr\u00e8s efficace qui a \u00e9t\u00e9 m\u00e9ticuleusement con\u00e7u pour simplifier consid\u00e9rablement l&rsquo;int\u00e9gralit\u00e9 du processus de livraison de commande pour les propri\u00e9taires de magasins en ligne. Ce plugin remarquable offre aux clients la capacit\u00e9 inestimable de s\u00e9lectionner sans effort une date et une heure de livraison pr\u00e9cises pour leurs commandes, assouplissant ainsi consid\u00e9rablement le fardeau de planifier leurs horaires charg\u00e9s et de garantir la r\u00e9ception transparente de leurs produits convoit\u00e9s au moment le plus opportun. Avec son interface intuitivement conviviale, l&rsquo;installation et la configuration de ce plugin sont une brise absolue, permettant aux propri\u00e9taires de magasins de g\u00e9rer efficacement une gamme de fonctionnalit\u00e9s essentielles li\u00e9es \u00e0 la livraison telles que la manipulation flexible des d\u00e9lais de livraison, l&rsquo;\u00e9tablissement de limites de commande quotidien maximales et de nombreuses autres fonctionnalit\u00e9s indispensables. Furthermore, this exceptional plugin boasts an incredibly comprehensive and highly functional admin dashboard that empowers owners with the ability to conveniently oversee and meticulously monitor all delivery date requests, deftly manage an extensive array of orders, and even seamlessly export intricate delivery schedules with utmost ease and efficacit\u00e9. It is unequivocally evident that Order Delivery Date Pro for WooCommerce is an indispensable and indispensable tool for any e-commerce store that ardently aspires to optimize and streamline their entire order delivery process while simultaneously furnishing their cherished customers with an unforgettable, unparalleled, and unequivocally superlative exp\u00e9rience d&rsquo;achat.<\/p>\n<ul>\n<li>D\u00e9finir facilement des dates de livraison sp\u00e9cifiques pour les commandes des clients<\/li>\n<li>Places pour temps de livraison personnalisables pour les clients pour choisir<\/li>\n<li>Option pour limiter le nombre de commandes par jour ou \u00e0 l&rsquo;heure<\/li>\n<li>Capacit\u00e9 \u00e0 d\u00e9finir un nombre minimum ou maximum de jours \u00e0 l&rsquo;avance pour les commandes<\/li>\n<li>Notifications automatiques aux clients et \u00e0 l&rsquo;administrateur lorsque la date de livraison est d\u00e9finie ou modifi\u00e9e<\/li>\n<li>Param\u00e8tres flexibles pour s&rsquo;adapter \u00e0 diff\u00e9rents calendriers commerciaux et capacit\u00e9s de livraison<\/li>\n<li>Am\u00e9lioration de la satisfaction des clients avec les dates de livraison pr\u00e9cises et fiables<\/li>\n<li>Efficacit\u00e9 accrue pour les propri\u00e9taires d&rsquo;entreprise avec une gestion des commandes rationalis\u00e9e<\/li>\n<li>Compatibilit\u00e9 avec les produits physiques et virtuels dans WooCommerce<\/li>\n<li>Acc\u00e8s \u00e0 un support client bien inform\u00e9 pour l&rsquo;aide et le d\u00e9pannage<\/li>\n<\/ul>\n","protected":false},"excerpt":{"rendered":"<p>Date de livraison de commande Pro pour WooCommerce est un plugin exceptionnellement robuste et efficace qui offre aux clients la capacit\u00e9 dynamique de d\u00e9signer la date et l&rsquo;heure de livraison souhait\u00e9es pour leurs commandes respectives. Ce plugin propose une pl\u00e9thore de fonctionnalit\u00e9s avantageuses qui permettent une gestion transparente des commandes et des calendriers de livraison des clients, facilitant ainsi un processus de livraison rationalis\u00e9 et optimis\u00e9, entra\u00eenant finalement des niveaux accrus de satisfaction du client. Que vous soyez le propri\u00e9taire d&rsquo;une boutique en ligne ou de l&rsquo;exploitant d&rsquo;un service de livraison local, la date de livraison de commande Pro pour WooCommerce sert de solution par excellence pour g\u00e9rer impeccablement les livraisons de commande. Ne perdez pas de temps et ne ressentez pas le potentiel transformateur de ce plugin remarquable aujourd&rsquo;hui, car il a le potentiel de catapulter votre service de livraison \u00e0 des hauteurs de succ\u00e8s et de distinction sans pr\u00e9c\u00e9dent!<\/p>\n","protected":false},"featured_media":144874,"comment_status":"open","ping_status":"open","template":"","meta":[],"product_brand":[2612],"product_cat":[1182,1223,1181],"product_tag":[2189],"class_list":{"0":"post-115594","1":"product","2":"type-product","3":"status-publish","4":"has-post-thumbnail","6":"product_brand-tyche","7":"product_cat-commerce-electronique-plugins","8":"product_cat-personnalisation-commerce-electronique-plugins","9":"product_cat-plugins","10":"product_tag-tyche","11":"member-discount","12":"discount-restricted","14":"first","15":"instock","16":"sale","17":"downloadable","18":"virtual","19":"sold-individually","20":"purchasable","21":"product-type-simple"},"_links":{"self":[{"href":"https:\/\/gpl-love.com\/fr\/wp-json\/wp\/v2\/product\/115594","targetHints":{"allow":["GET"]}}],"collection":[{"href":"https:\/\/gpl-love.com\/fr\/wp-json\/wp\/v2\/product"}],"about":[{"href":"https:\/\/gpl-love.com\/fr\/wp-json\/wp\/v2\/types\/product"}],"replies":[{"embeddable":true,"href":"https:\/\/gpl-love.com\/fr\/wp-json\/wp\/v2\/comments?post=115594"}],"wp:featuredmedia":[{"embeddable":true,"href":"https:\/\/gpl-love.com\/fr\/wp-json\/wp\/v2\/media\/144874"}],"wp:attachment":[{"href":"https:\/\/gpl-love.com\/fr\/wp-json\/wp\/v2\/media?parent=115594"}],"wp:term":[{"taxonomy":"product_brand","embeddable":true,"href":"https:\/\/gpl-love.com\/fr\/wp-json\/wp\/v2\/product_brand?post=115594"},{"taxonomy":"product_cat","embeddable":true,"href":"https:\/\/gpl-love.com\/fr\/wp-json\/wp\/v2\/product_cat?post=115594"},{"taxonomy":"product_tag","embeddable":true,"href":"https:\/\/gpl-love.com\/fr\/wp-json\/wp\/v2\/product_tag?post=115594"}],"curies":[{"name":"wp","href":"https:\/\/api.w.org\/{rel}","templated":true}]}}