{"id":115592,"date":"2021-05-28T00:00:00","date_gmt":"2021-05-27T22:00:00","guid":{"rendered":"http:\/\/gpl-love.com\/fr\/produit\/woocommerce-gift-manager\/"},"modified":"2026-04-10T18:47:05","modified_gmt":"2026-04-10T16:47:05","slug":"woocommerce-gift-manager","status":"publish","type":"product","link":"https:\/\/gpl-love.com\/fr\/produit\/woocommerce-gift-manager\/","title":{"rendered":"WooCommerce Gift Manager 3.0"},"content":{"rendered":"<h3>WooCommerce Gift Manager Traits<\/h3>\n<p>Le gestionnaire de cadeaux WooCommerce pr\u00e9sente un outil robuste et formidable con\u00e7u pour g\u00e9rer avec comp\u00e9tence la gestion des cartes-cadeaux et des bons dans votre boutique WooCommerce. En utilisant cet outil, vous avez la possibilit\u00e9 de cr\u00e9er et de superviser sans effort les cartes-cadeaux personnalis\u00e9es, dans laquelle vous pouvez \u00e9tablir des dates d&rsquo;expiration, allouer des valeurs mon\u00e9taires sp\u00e9cifiques et surveiller efficacement l&rsquo;utilisation de ces cartes. B\u00e9n\u00e9ficiant d&rsquo;une interface remarquablement conviviale, cet outil facilite la gestion fluide de vos cartes-cadeaux et de vos bons, vous accordant la capacit\u00e9 de parcourir les rapports de vente et de suivre les rachats avec une facilit\u00e9. De plus, le gestionnaire de cadeaux se caract\u00e9rise par sa remarquable adaptabilit\u00e9, car elle s&rsquo;int\u00e8gre de mani\u00e8re transparente dans votre magasin sans obstacle. Par cons\u00e9quent, avec l&rsquo;introduction du gestionnaire de cadeaux WooCommerce, vous pourrez offrir \u00e0 vos clients estim\u00e9s une exp\u00e9rience d&rsquo;achat in\u00e9gal\u00e9e, amplifier consid\u00e9rablement vos ventes et se pr\u00e9lasser dans les prouesses avantageuses des cartes-cadeaux et des bons.<\/p>\n<ul>\n<li>Gestion facile des cartes-cadeaux et certificats dans la plate-forme WooCommerce<\/li>\n<li>Cr\u00e9er des conceptions de cartes-cadeaux personnalis\u00e9es et des d\u00e9nominations<\/li>\n<li>Option pour d\u00e9finir les dates d&rsquo;expiration pour les cartes-cadeaux<\/li>\n<li>Les clients peuvent facilement acheter et \u00e9changer des cartes-cadeaux sur votre site Web<\/li>\n<li>Rapports d\u00e9taill\u00e9s et analyse des ventes de cartes-cadeaux et des rachats<\/li>\n<li>S&rsquo;int\u00e8gre aux passerelles de paiement populaires pour les transactions s\u00e9curis\u00e9es<\/li>\n<li>Options flexibles pour la livraison des cartes-cadeaux, y compris le courrier \u00e9lectronique, l&rsquo;impression \u00e0 la maison et la livraison physique<\/li>\n<li>Suivi facile de l&rsquo;inventaire des cartes-cadeaux et de l&rsquo;historique des ventes<\/li>\n<li>Interface conviviale pour l&rsquo;administrateur du site et les clients<\/li>\n<li>Option d&rsquo;importation en vrac \/ exportation de donn\u00e9es de carte-cadeau.<\/li>\n<\/ul>\n","protected":false},"excerpt":{"rendered":"<p>Le gestionnaire de cadeaux WooCommerce poss\u00e8de une fonctionnalit\u00e9 robuste, vous accordant la possibilit\u00e9 de g\u00e9n\u00e9rer et de superviser sans effort des produits cadeaux dans votre vitrine virtuelle. En profitant de ce plugin inestimable, vous pouvez modeler sans effort des produits cadeaux disponibles \u00e0 l&rsquo;achat par votre client\u00e8le estim\u00e9e, tout en stipulant simultan\u00e9ment les conditions pr\u00e9alables qui doivent \u00eatre remplies avant que les cadeaux puissent \u00eatre appliqu\u00e9s. De plus, vous poss\u00e9dez la libert\u00e9 d&rsquo;adapter la messagerie et l&rsquo;esth\u00e9tique de vos produits cadeaux, rationalisant ainsi la cr\u00e9ation d&rsquo;une rencontre d&rsquo;achat poli et distingu\u00e9e pour vos pr\u00e9cieux clients. Ergo, il est indubitablement imp\u00e9ratif pour tout propri\u00e9taire de boutique en ligne exigeant qui aspire \u00e0 renforcer les ventes et \u00e0 engendrer un contentement client accru pour se procurer le remarquable gestionnaire de cadeaux WooCommerce.<\/p>\n","protected":false},"featured_media":145898,"comment_status":"open","ping_status":"open","template":"","meta":[],"product_brand":[2435],"product_cat":[1182,1223,1181],"product_tag":[1231],"class_list":{"0":"post-115592","1":"product","2":"type-product","3":"status-publish","4":"has-post-thumbnail","6":"product_brand-codecanyon","7":"product_cat-commerce-electronique-plugins","8":"product_cat-personnalisation-commerce-electronique-plugins","9":"product_cat-plugins","10":"product_tag-codecanyon","11":"member-discount","12":"discount-restricted","14":"first","15":"instock","16":"sale","17":"downloadable","18":"virtual","19":"sold-individually","20":"purchasable","21":"product-type-simple"},"_links":{"self":[{"href":"https:\/\/gpl-love.com\/fr\/wp-json\/wp\/v2\/product\/115592","targetHints":{"allow":["GET"]}}],"collection":[{"href":"https:\/\/gpl-love.com\/fr\/wp-json\/wp\/v2\/product"}],"about":[{"href":"https:\/\/gpl-love.com\/fr\/wp-json\/wp\/v2\/types\/product"}],"replies":[{"embeddable":true,"href":"https:\/\/gpl-love.com\/fr\/wp-json\/wp\/v2\/comments?post=115592"}],"wp:featuredmedia":[{"embeddable":true,"href":"https:\/\/gpl-love.com\/fr\/wp-json\/wp\/v2\/media\/145898"}],"wp:attachment":[{"href":"https:\/\/gpl-love.com\/fr\/wp-json\/wp\/v2\/media?parent=115592"}],"wp:term":[{"taxonomy":"product_brand","embeddable":true,"href":"https:\/\/gpl-love.com\/fr\/wp-json\/wp\/v2\/product_brand?post=115592"},{"taxonomy":"product_cat","embeddable":true,"href":"https:\/\/gpl-love.com\/fr\/wp-json\/wp\/v2\/product_cat?post=115592"},{"taxonomy":"product_tag","embeddable":true,"href":"https:\/\/gpl-love.com\/fr\/wp-json\/wp\/v2\/product_tag?post=115592"}],"curies":[{"name":"wp","href":"https:\/\/api.w.org\/{rel}","templated":true}]}}