{"id":115590,"date":"2021-10-13T00:00:00","date_gmt":"2021-10-12T22:00:00","guid":{"rendered":"http:\/\/gpl-love.com\/fr\/produit\/rt-theme-19-multi-purpose-wordpress-theme\/"},"modified":"2026-03-20T23:34:18","modified_gmt":"2026-03-20T22:34:18","slug":"rt-theme-19-multi-purpose-wordpress-theme","status":"publish","type":"product","link":"https:\/\/gpl-love.com\/fr\/produit\/rt-theme-19-multi-purpose-wordpress-theme\/","title":{"rendered":"RT Th\u00e8me 19 Multi Purpose WordPress Theme 2.9.9.3"},"content":{"rendered":"<h3>RT Th\u00e8me 19 Multi Purpose WordPress Theme Traits<\/h3>\n<p>Le th\u00e8me RT 19 est un th\u00e8me WordPress polyvalent remarquablement polyvalent et extraordinairement flexible qui poss\u00e8de une vaste gamme de fonctionnalit\u00e9s et une gamme impressionnante d&rsquo;options de personnalisation. Avec sa conception intrins\u00e8quement r\u00e9active et sa interface remarquablement intuitive, vous pouvez infliger sans effort des sites Web remarquables \u00e0 un large \u00e9ventail de fins, englobant les efforts d&rsquo;entreprise, les vitrines de portefeuille, les blogs \u00e9clairants et les plates-formes de commerce \u00e9lectronique dynamiques. Le th\u00e8me offre une abondance de mod\u00e8les m\u00e9ticuleusement con\u00e7us et pr\u00e9d\u00e9finis, de dispositions de page soigneusement construites et de contenu de d\u00e9monstration captivant, qui peuvent tous \u00eatre import\u00e9s et adapt\u00e9s sans effort pour convenir \u00e0 vos sp\u00e9cifications exactes en utilisant le constructeur de pages de compositeur visuel immens\u00e9ment puissant. De plus, le th\u00e8me RT 19 a \u00e9t\u00e9 m\u00e9ticuleusement optimis\u00e9 pour offrir des performances de r\u00e9f\u00e9rencement in\u00e9gal\u00e9es et des vitesses de chargement inverses et flamboyantes, garantissant ainsi que votre site Web s\u00e9curise une position pro\u00e9minente dans le classement des moteurs de recherche et peut \u00eatre accessible rapidement et de mani\u00e8re transparente sur tous les appareils. Que vous ayez une exp\u00e9rience limit\u00e9e ou que vous poss\u00e9diez une richesse d&rsquo;expertise dans le d\u00e9veloppement Web, ce th\u00e8me remarquable garantit une exp\u00e9rience utilisateur parfaitement fluide et intuitive, garantissant constamment que votre site Web semble \u00e9tonnamment exceptionnel et fonctionne exceptionnellement admirablement sur toutes les plateformes imaginables.<\/p>\n<ul>\n<li>Un th\u00e8me WordPress polyvalent et personnalisable con\u00e7u pour tout besoin de site Web<\/li>\n<li>Propose un design moderne et \u00e9l\u00e9gant avec plusieurs options de disposition<\/li>\n<li>Comprend un puissant constructeur de pages avec des fonctionnalit\u00e9s de glisser-d\u00e9poser<\/li>\n<li>Livr\u00e9 avec plus de 30 sites de d\u00e9monstration pr\u00e9-con\u00e7us parmi lesquels choisir<\/li>\n<li>Compatible avec les plugins WordPress populaires, y compris WooCommerce et Contact Form 7<\/li>\n<li>Utilise une conception r\u00e9active pour assurer une visualisation optimale sur tous les appareils<\/li>\n<li>Comprend une documentation compl\u00e8te et un soutien d\u00e9di\u00e9 des d\u00e9veloppeurs de th\u00e8mes<\/li>\n<li>Int\u00e8gre les fonctionnalit\u00e9s d&rsquo;optimisation du r\u00e9f\u00e9rencement pour l&rsquo;am\u00e9lioration du classement des moteurs de recherche<\/li>\n<li>Permet une int\u00e9gration facile des ic\u00f4nes et des widgets des m\u00e9dias sociaux<\/li>\n<li>Prend en charge plusieurs traductions linguistiques pour le public international.<\/li>\n<\/ul>\n","protected":false},"excerpt":{"rendered":"<p>TH\u00c8ME RT 19 THEME MULTI-PLUS MULTIPLES, \u00e9tant un outil incroyablement polyvalent et puissant, offre une pl\u00e9thore de possibilit\u00e9s lorsqu&rsquo;il s&rsquo;agit de cr\u00e9er des sites Web de toute nature. L&rsquo;abondance de mod\u00e8les pr\u00e9-con\u00e7us \u00e0 votre disposition permet une personnalisation facile, garantissant que votre site Web d\u00e9gage de l&rsquo;unicit\u00e9 et de l&rsquo;individualit\u00e9. De plus, la capacit\u00e9 du th\u00e8me \u00e0 optimiser la vitesse et sa r\u00e9activit\u00e9 compl\u00e8te garantissent une exp\u00e9rience visuelle impeccable sur tous les appareils. De plus, l&rsquo;inclusion de fonctionnalit\u00e9s avanc\u00e9es telles qu&rsquo;un constructeur de pages glisser-d\u00e9poser, l&rsquo;int\u00e9gration transparente avec WooCommerce, et un mega int\u00e9gr\u00e9 amplifie davantage la fonctionnalit\u00e9 du th\u00e8me. Que votre intention soit d&rsquo;\u00e9tablir un blog captivant, un site de commerce \u00e9lectronique s\u00e9duisant, un portefeuille captivant ou tout ce qui se situe dans le spectre, soyez assur\u00e9 que le th\u00e8me RT 19 le th\u00e8me WordPress multipli\u00e9 se l\u00e8vera \u00e0 l&rsquo;occasion et r\u00e9pondra \u00e0 tous vos besoins.<\/p>\n","protected":false},"featured_media":145147,"comment_status":"open","ping_status":"open","template":"","meta":[],"product_brand":[2433],"product_cat":[1214,1212,1213],"product_tag":[1366],"class_list":{"0":"post-115590","1":"product","2":"type-product","3":"status-publish","4":"has-post-thumbnail","6":"product_brand-themeforest","7":"product_cat-polyvalent","8":"product_cat-themes","9":"product_cat-wordpress-themes","10":"product_tag-themeforest","11":"member-discount","12":"discount-restricted","14":"first","15":"instock","16":"sale","17":"downloadable","18":"virtual","19":"sold-individually","20":"purchasable","21":"product-type-simple"},"_links":{"self":[{"href":"https:\/\/gpl-love.com\/fr\/wp-json\/wp\/v2\/product\/115590","targetHints":{"allow":["GET"]}}],"collection":[{"href":"https:\/\/gpl-love.com\/fr\/wp-json\/wp\/v2\/product"}],"about":[{"href":"https:\/\/gpl-love.com\/fr\/wp-json\/wp\/v2\/types\/product"}],"replies":[{"embeddable":true,"href":"https:\/\/gpl-love.com\/fr\/wp-json\/wp\/v2\/comments?post=115590"}],"wp:featuredmedia":[{"embeddable":true,"href":"https:\/\/gpl-love.com\/fr\/wp-json\/wp\/v2\/media\/145147"}],"wp:attachment":[{"href":"https:\/\/gpl-love.com\/fr\/wp-json\/wp\/v2\/media?parent=115590"}],"wp:term":[{"taxonomy":"product_brand","embeddable":true,"href":"https:\/\/gpl-love.com\/fr\/wp-json\/wp\/v2\/product_brand?post=115590"},{"taxonomy":"product_cat","embeddable":true,"href":"https:\/\/gpl-love.com\/fr\/wp-json\/wp\/v2\/product_cat?post=115590"},{"taxonomy":"product_tag","embeddable":true,"href":"https:\/\/gpl-love.com\/fr\/wp-json\/wp\/v2\/product_tag?post=115590"}],"curies":[{"name":"wp","href":"https:\/\/api.w.org\/{rel}","templated":true}]}}