{"id":115586,"date":"2025-12-11T00:00:00","date_gmt":"2025-12-10T23:00:00","guid":{"rendered":"http:\/\/gpl-love.com\/fr\/produit\/global-dns-multiple-server-dns-propagation-checker\/"},"modified":"2026-03-20T23:17:08","modified_gmt":"2026-03-20T22:17:08","slug":"global-dns-multiple-server-dns-propagation-checker","status":"publish","type":"product","link":"https:\/\/gpl-love.com\/fr\/produit\/global-dns-multiple-server-dns-propagation-checker\/","title":{"rendered":"Global DNS Multiple Server DNS Propagation Checker 3.2.0"},"content":{"rendered":"<h3>Global DNS Multiple Server DNS Propagation Checker Traits<\/h3>\n<p>Le v\u00e9rificateur mondial de propagation DNS DNS DNS, un outil tr\u00e8s puissant, sert d&rsquo;aide aux propri\u00e9taires de sites Web et aux d\u00e9veloppeurs, garantissant la diffusion g\u00e9n\u00e9ralis\u00e9e de leurs modifications DNS \u00e0 travers de nombreux serveurs \u00e0 travers le monde. En utilisant cet outil, les utilisateurs peuvent entrer sans effort le nom de domaine de leur site Web et \u00e9valuer rapidement l&rsquo;\u00e9tat de leur distribution DNS entre les serveurs stationn\u00e9s dans divers emplacements g\u00e9ographiques. La sortie r\u00e9sultante fournit aux utilisateurs un aper\u00e7u complet de leur statut de propagation DNS, englobant la dur\u00e9e requise pour les modifications \u00e0 propager, l&rsquo;\u00e9tat des serveurs DNS distincts et toutes les erreurs rencontr\u00e9es tout au long de la proc\u00e9dure de propagation. En tant que tel, cet outil s&rsquo;av\u00e8re exceptionnellement avantageux pour les personnes qui cherchent \u00e0 r\u00e9duire les temps d&rsquo;arr\u00eat du site Web et \u00e0 garantir une accessibilit\u00e9 sans entrave \u00e0 leur site Web pour les utilisateurs couvrant le globe.<\/p>\n<ul>\n<li>V\u00e9rifie rapidement la propagation des changements DNS sur plusieurs serveurs \u00e0 travers le monde<\/li>\n<li>Fournit des mises \u00e0 jour en temps r\u00e9el sur l&rsquo;\u00e9tat des modifications DNS<\/li>\n<li>Permet aux utilisateurs de tester et de d\u00e9panner les configurations DNS avec facilit\u00e9<\/li>\n<li>Offre une interface conviviale pour une navigation et une utilisation faciles<\/li>\n<li>Acc\u00e9l\u00e8re le processus de v\u00e9rification de la propagation du DNS, d&rsquo;\u00e9conomie de temps et d&rsquo;effort<\/li>\n<li>Aide \u00e0 assurer la fiabilit\u00e9 et la disponibilit\u00e9 du site Web en identifiant et en r\u00e9solvant rapidement les probl\u00e8mes DNS<\/li>\n<li>Prend en charge les tests de diverses configurations DNS et types d&rsquo;enregistrements<\/li>\n<li>Offre une vue compl\u00e8te de la propagation DNS sur plusieurs continents et r\u00e9gions<\/li>\n<li>Outil id\u00e9al pour les d\u00e9veloppeurs Web, les administrateurs de r\u00e9seau et les professionnels de l&rsquo;informatique<\/li>\n<li>Permet une gestion efficace des modifications et configurations DNS.<\/li>\n<\/ul>\n","protected":false},"excerpt":{"rendered":"<p>Le v\u00e9rificateur mondial de propagation DNS DNS DNS, qui est tr\u00e8s r\u00e9put\u00e9 et prouv\u00e9 efficace, sert de moyen fiable d&rsquo;examiner la diffusion du DNS sur de nombreux serveurs. En fournissant des r\u00e9sultats pr\u00e9cis et actuels, cet outil garantit l&rsquo;accessibilit\u00e9 de votre site Web \u00e0 un public mondial. Gr\u00e2ce \u00e0 l&rsquo;utilisation de cet instrument remarquable, on peut superviser sans effort les modifications dans les enregistrements DNS et v\u00e9rifier la fonctionnalit\u00e9 perp\u00e9tuelle de leur site Web. \u00c0 la lumi\u00e8re de ces facteurs, il devient essentiel pour les individus occupant des r\u00f4les dans les domaines du d\u00e9veloppement Web, de la possession du site Web et de la comp\u00e9tence informatique pour acqu\u00e9rir cette ressource indispensable, garantissant ainsi le fonctionnement sans entrave de leurs plateformes en ligne.<\/p>\n","protected":false},"featured_media":144025,"comment_status":"open","ping_status":"open","template":"","meta":[],"product_brand":[2435],"product_cat":[1189,1181,1186],"product_tag":[1231],"class_list":{"0":"post-115586","1":"product","2":"type-product","3":"status-publish","4":"has-post-thumbnail","6":"product_brand-codecanyon","7":"product_cat-personnalisation","8":"product_cat-plugins","9":"product_cat-wordpress-plugins","10":"product_tag-codecanyon","11":"member-discount","12":"discount-restricted","14":"first","15":"instock","16":"sale","17":"downloadable","18":"virtual","19":"sold-individually","20":"purchasable","21":"product-type-simple"},"_links":{"self":[{"href":"https:\/\/gpl-love.com\/fr\/wp-json\/wp\/v2\/product\/115586","targetHints":{"allow":["GET"]}}],"collection":[{"href":"https:\/\/gpl-love.com\/fr\/wp-json\/wp\/v2\/product"}],"about":[{"href":"https:\/\/gpl-love.com\/fr\/wp-json\/wp\/v2\/types\/product"}],"replies":[{"embeddable":true,"href":"https:\/\/gpl-love.com\/fr\/wp-json\/wp\/v2\/comments?post=115586"}],"wp:featuredmedia":[{"embeddable":true,"href":"https:\/\/gpl-love.com\/fr\/wp-json\/wp\/v2\/media\/144025"}],"wp:attachment":[{"href":"https:\/\/gpl-love.com\/fr\/wp-json\/wp\/v2\/media?parent=115586"}],"wp:term":[{"taxonomy":"product_brand","embeddable":true,"href":"https:\/\/gpl-love.com\/fr\/wp-json\/wp\/v2\/product_brand?post=115586"},{"taxonomy":"product_cat","embeddable":true,"href":"https:\/\/gpl-love.com\/fr\/wp-json\/wp\/v2\/product_cat?post=115586"},{"taxonomy":"product_tag","embeddable":true,"href":"https:\/\/gpl-love.com\/fr\/wp-json\/wp\/v2\/product_tag?post=115586"}],"curies":[{"name":"wp","href":"https:\/\/api.w.org\/{rel}","templated":true}]}}