{"id":115584,"date":"2021-05-28T00:00:00","date_gmt":"2021-05-27T22:00:00","guid":{"rendered":"http:\/\/gpl-love.com\/fr\/produit\/gravitizer-gravity-forms-material-ui-styler\/"},"modified":"2026-03-20T23:17:28","modified_gmt":"2026-03-20T22:17:28","slug":"gravitizer-gravity-forms-material-ui-styler","status":"publish","type":"product","link":"https:\/\/gpl-love.com\/fr\/produit\/gravitizer-gravity-forms-material-ui-styler\/","title":{"rendered":"Gravitizer Gravity Forms Material UI Styler 1.0.8"},"content":{"rendered":"<h3>Gravitizer Gravity Forms Material UI Styler Traits<\/h3>\n<p>Le Styler de mat\u00e9riau des formes de gravit\u00e9 de gravit\u00e9 est un outil extr\u00eamement polyvalent et extraordinairement puissant qui offre aux utilisateurs la capacit\u00e9 exceptionnelle de style et de personnalisation de leurs formes de gravit\u00e9 d&rsquo;une mani\u00e8re visuellement captivante et remarquablement engageante. Avec son interface remarquablement conviviale et hautement intuitive, coupl\u00e9e \u00e0 sa gamme remarquablement \u00e9tendue d&rsquo;options de style, les formes de gravit\u00e9 de gravit\u00e9 des formulaires ui-uiders permettent aux utilisateurs de cr\u00e9er sans effort des formes qui ne sont pas seulement fonctionnellement efficaces mais aussi d\u00e9licieusement esth\u00e9tique. Que votre objectif soit de rationaliser votre processus de collecte de donn\u00e9es ou d&rsquo;\u00e9lever l&rsquo;exp\u00e9rience utilisateur globale de votre site Web, le styler d&rsquo;interface utilisateur de gravit\u00e9 de gravit\u00e9 est la quintessence de la solution id\u00e9ale. En raison de son int\u00e9gration transparente avec les formes de gravit\u00e9 et de sa capacit\u00e9 in\u00e9gal\u00e9e \u00e0 augmenter l&rsquo;engagement et les taux de conversion des utilisateurs, ce produit exceptionnel est ind\u00e9niablement consid\u00e9r\u00e9 comme un atout indispensable pour tout propri\u00e9taire ou marketing de site Web exigeant cherchant \u00e0 \u00e9lever la qualit\u00e9 de leurs formulaires \u00e0 des hauteurs sans pr\u00e9c\u00e9dent.<\/p>\n<ul>\n<li>Personnalisation facile des formulaires de gravit\u00e9 avec des \u00e9l\u00e9ments de conception d&rsquo;interface utilisateur mat\u00e9riels<\/li>\n<li>Style rapide et efficace des formes de gravit\u00e9<\/li>\n<li>Aucune connaissance de codage requise pour utiliser le styler d&rsquo;interface utilisateur des formulaires de gravit\u00e9 de gravit\u00e9<\/li>\n<li>Personnalisation des \u00e9tiquettes de formulaire, des champs d&rsquo;entr\u00e9e et des boutons<\/li>\n<li>Personnalisation des dispositions de formulaires et de l&rsquo;espacement<\/li>\n<li>Compatible avec toutes les formes de gravit\u00e9 et les extensions<\/li>\n<li>Aper\u00e7u en temps r\u00e9el des modifications de conception de formulaires<\/li>\n<li>Conception r\u00e9active pour une visualisation optimale sur tous les appareils<\/li>\n<li>Les mises \u00e0 jour \u00e0 vie et le support client inclus<\/li>\n<li>Augmentez les taux de soumission de formulaire avec une conception visuellement attrayante et conviviale.<\/li>\n<\/ul>\n","protected":false},"excerpt":{"rendered":"<p>Gravitizer, un plugin remarquablement puissant et extr\u00eamement convivial, sert d&rsquo;outil exceptionnel pour fa\u00e7onner de fa\u00e7on complexe des formes de gravit\u00e9 avec le panache irr\u00e9futable de l&rsquo;interface utilisateur mat\u00e9riel, conf\u00e9rant ainsi \u00e0 vos formes un air incontestable de sophistication et de professionnalisme. En raison de son interface remarquablement intuitive, ainsi que de sa vaste gamme d&rsquo;options personnalisables, Gravitizer vous donne la capacit\u00e9 in\u00e9gal\u00e9e \u00e0 exercer une domination compl\u00e8te sur la constitution esth\u00e9tique de vos formes, engendrant ainsi une coalescence sans transport avec les \u00e9thos de conception globaux de votre site Web . Ainsi, que vous soyez concepteur de sites Web, d\u00e9veloppeur ou propri\u00e9taire d&rsquo;entreprise, Gravitizer repr\u00e9sente la solution par excellence pour garantir que vos formulaires de gravit\u00e9 affirment une pr\u00e9sence indomptable au milieu de la mer de concurrents en constante expansion.<\/p>\n","protected":false},"featured_media":144046,"comment_status":"open","ping_status":"open","template":"","meta":[],"product_brand":[2435],"product_cat":[1189,1181,1186],"product_tag":[1231],"class_list":{"0":"post-115584","1":"product","2":"type-product","3":"status-publish","4":"has-post-thumbnail","6":"product_brand-codecanyon","7":"product_cat-personnalisation","8":"product_cat-plugins","9":"product_cat-wordpress-plugins","10":"product_tag-codecanyon","11":"member-discount","12":"discount-restricted","14":"first","15":"instock","16":"sale","17":"downloadable","18":"virtual","19":"sold-individually","20":"purchasable","21":"product-type-simple"},"_links":{"self":[{"href":"https:\/\/gpl-love.com\/fr\/wp-json\/wp\/v2\/product\/115584","targetHints":{"allow":["GET"]}}],"collection":[{"href":"https:\/\/gpl-love.com\/fr\/wp-json\/wp\/v2\/product"}],"about":[{"href":"https:\/\/gpl-love.com\/fr\/wp-json\/wp\/v2\/types\/product"}],"replies":[{"embeddable":true,"href":"https:\/\/gpl-love.com\/fr\/wp-json\/wp\/v2\/comments?post=115584"}],"wp:featuredmedia":[{"embeddable":true,"href":"https:\/\/gpl-love.com\/fr\/wp-json\/wp\/v2\/media\/144046"}],"wp:attachment":[{"href":"https:\/\/gpl-love.com\/fr\/wp-json\/wp\/v2\/media?parent=115584"}],"wp:term":[{"taxonomy":"product_brand","embeddable":true,"href":"https:\/\/gpl-love.com\/fr\/wp-json\/wp\/v2\/product_brand?post=115584"},{"taxonomy":"product_cat","embeddable":true,"href":"https:\/\/gpl-love.com\/fr\/wp-json\/wp\/v2\/product_cat?post=115584"},{"taxonomy":"product_tag","embeddable":true,"href":"https:\/\/gpl-love.com\/fr\/wp-json\/wp\/v2\/product_tag?post=115584"}],"curies":[{"name":"wp","href":"https:\/\/api.w.org\/{rel}","templated":true}]}}