{"id":115582,"date":"2024-02-12T00:00:00","date_gmt":"2024-02-11T23:00:00","guid":{"rendered":"http:\/\/gpl-love.com\/fr\/produit\/globax-logistics-wordpress-theme\/"},"modified":"2026-03-20T23:17:09","modified_gmt":"2026-03-20T22:17:09","slug":"globax-logistics-wordpress-theme","status":"publish","type":"product","link":"https:\/\/gpl-love.com\/fr\/produit\/globax-logistics-wordpress-theme\/","title":{"rendered":"Globax Logistics WordPress Theme 4.0"},"content":{"rendered":"<h3>Globax Logistics WordPress Theme Traits<\/h3>\n<p>Globax Logistics est un th\u00e8me WordPress exceptionnel qui a \u00e9t\u00e9 soigneusement con\u00e7u pour r\u00e9pondre sp\u00e9cifiquement aux besoins des soci\u00e9t\u00e9s de logistique et de transport. L&rsquo;une de ses fonctionnalit\u00e9s exceptionnelles est l&rsquo;inclusion de nombreuses pages et sections pr\u00e9d\u00e9finies, telles que les services, l&rsquo;\u00e9quipe, les t\u00e9moignages, etc., ce qui am\u00e9liore sans aucun doute la fonctionnalit\u00e9 globale et la convivialit\u00e9 du th\u00e8me. De plus, il b\u00e9n\u00e9ficie d&rsquo;une r\u00e9activit\u00e9 et d&rsquo;une optimisation compl\u00e8tes pour les appareils mobiles, garantissant une exp\u00e9rience utilisateur impeccablement fluide et sans tracas pour toutes les personnes qui visitent le site Web. Non seulement cela, mais ce th\u00e8me remarquable offre un large \u00e9ventail d&rsquo;options de personnalisation, permettant aux utilisateurs de modifier sans effort les couleurs, les polices et les mises en page pour s&rsquo;aligner de mani\u00e8re transparente avec leur marque unique. Il convient de souligner que l&rsquo;interface utilisateur du th\u00e8me est incroyablement intuitive, accentuant davantage son attrait, et l&rsquo;inclusion de fonctionnalit\u00e9s puissantes sert \u00e0 consolider davantage son statut de solution ultime pour toute entreprise de logistique ou de transport cherchant \u00e0 \u00e9tablir une pr\u00e9sence en ligne professionnelle et contemporaine.<\/p>\n<ul>\n<li>Th\u00e8me WordPress con\u00e7u par des professionnels pour les entreprises logistiques<\/li>\n<li>Disposition propre et moderne avec une interface facile \u00e0 utiliser<\/li>\n<li>Enti\u00e8rement personnalisable avec un constructeur de pages glisser-d\u00e9poser<\/li>\n<li>Optimis\u00e9 pour la vitesse et le r\u00e9f\u00e9rencement<\/li>\n<li>Comprend des pages pr\u00e9d\u00e9finies pour les services, les membres de l&rsquo;\u00e9quipe, les t\u00e9moignages et plus encore<\/li>\n<li>Prend en charge WooCommerce pour une int\u00e9gration de commerce \u00e9lectronique facile<\/li>\n<li>Offre une conception r\u00e9active mobile pour une exp\u00e9rience utilisateur transparente sur n&rsquo;importe quel appareil<\/li>\n<li>Livr\u00e9 avec une documentation \u00e9tape par \u00e9tape et le support 24\/7 des d\u00e9veloppeurs de th\u00e8me<\/li>\n<li>Compatible avec des plugins populaires tels que Yoast SEO, le formulaire de contact 7 et WPML<\/li>\n<li>Parfait pour les petites ou grandes entreprises logistiques qui cherchent \u00e0 cr\u00e9er une pr\u00e9sence en ligne professionnelle.<\/li>\n<\/ul>\n","protected":false},"excerpt":{"rendered":"<p>Le th\u00e8me WordPress Logistics Globax, un th\u00e8me incroyablement polyvalent et exquis, a \u00e9t\u00e9 sp\u00e9cifiquement con\u00e7u pour r\u00e9pondre aux exigences complexes des entreprises de logistique et de transport. B\u00e9n\u00e9ficiant d&rsquo;une disposition \u00e9l\u00e9gante et contemporaine, il offre une abondance d&rsquo;options personnalisables qui vous permettent de fa\u00e7onner sans effort un site Web unique qui r\u00e9sume parfaitement votre identit\u00e9 de marque. Rassurez-vous, ce th\u00e8me est \u00e9quip\u00e9 d&rsquo;une vaste gamme de plugins, garantissant efficacement la plus grande commodit\u00e9 dans le processus de fabrication d&rsquo;une plate-forme en ligne v\u00e9ritablement individualis\u00e9e. De plus, ce th\u00e8me regorge de fonctionnalit\u00e9s puissantes, notamment la r\u00e9servation en ligne, le suivi en direct et l&rsquo;int\u00e9gration transparente avec WooCommerce, r\u00e9volutionnant ainsi la gestion de votre entreprise. Avec son adaptabilit\u00e9 remarquable, c&rsquo;est la solution ultime pour les soci\u00e9t\u00e9s de logistique, les transporteurs de fret, les fournisseurs de transport et les agents de transfert de fret. Pr\u00e9parez-vous \u00e0 propulser votre entreprise \u00e0 des hauteurs in\u00e9gal\u00e9es avec le th\u00e8me WordPress Logistics Globax impressionnant.<\/p>\n","protected":false},"featured_media":144027,"comment_status":"open","ping_status":"open","template":"","meta":[],"product_brand":[2433],"product_cat":[1516,1212,1213],"product_tag":[1366],"class_list":{"0":"post-115582","1":"product","2":"type-product","3":"status-publish","4":"has-post-thumbnail","6":"product_brand-themeforest","7":"product_cat-entreprise","8":"product_cat-themes","9":"product_cat-wordpress-themes","10":"product_tag-themeforest","11":"member-discount","12":"discount-restricted","14":"first","15":"instock","16":"sale","17":"downloadable","18":"virtual","19":"sold-individually","20":"purchasable","21":"product-type-simple"},"_links":{"self":[{"href":"https:\/\/gpl-love.com\/fr\/wp-json\/wp\/v2\/product\/115582","targetHints":{"allow":["GET"]}}],"collection":[{"href":"https:\/\/gpl-love.com\/fr\/wp-json\/wp\/v2\/product"}],"about":[{"href":"https:\/\/gpl-love.com\/fr\/wp-json\/wp\/v2\/types\/product"}],"replies":[{"embeddable":true,"href":"https:\/\/gpl-love.com\/fr\/wp-json\/wp\/v2\/comments?post=115582"}],"wp:featuredmedia":[{"embeddable":true,"href":"https:\/\/gpl-love.com\/fr\/wp-json\/wp\/v2\/media\/144027"}],"wp:attachment":[{"href":"https:\/\/gpl-love.com\/fr\/wp-json\/wp\/v2\/media?parent=115582"}],"wp:term":[{"taxonomy":"product_brand","embeddable":true,"href":"https:\/\/gpl-love.com\/fr\/wp-json\/wp\/v2\/product_brand?post=115582"},{"taxonomy":"product_cat","embeddable":true,"href":"https:\/\/gpl-love.com\/fr\/wp-json\/wp\/v2\/product_cat?post=115582"},{"taxonomy":"product_tag","embeddable":true,"href":"https:\/\/gpl-love.com\/fr\/wp-json\/wp\/v2\/product_tag?post=115582"}],"curies":[{"name":"wp","href":"https:\/\/api.w.org\/{rel}","templated":true}]}}