{"id":115580,"date":"2024-08-14T00:00:00","date_gmt":"2024-08-13T22:00:00","guid":{"rendered":"http:\/\/gpl-love.com\/fr\/produit\/timetable-responsive-schedule-for-wordpress\/"},"modified":"2026-04-10T18:43:35","modified_gmt":"2026-04-10T16:43:35","slug":"timetable-responsive-schedule-for-wordpress","status":"publish","type":"product","link":"https:\/\/gpl-love.com\/fr\/produit\/timetable-responsive-schedule-for-wordpress\/","title":{"rendered":"Timetable Responsive Schedule For WordPress 7.3"},"content":{"rendered":"<h3>Timetable Responsive Schedule For WordPress Traits<\/h3>\n<p>Le calendrier r\u00e9actif du calendrier est un plugin exceptionnellement bien con\u00e7u pour WordPress qui offre la cr\u00e9ation et la gestion transparentes des horaires pour une vari\u00e9t\u00e9 d&rsquo;\u00e9v\u00e9nements, de cours et de rendez-vous sur votre site Web estim\u00e9. Ce plugin tr\u00e8s convivial poss\u00e8de une vaste gamme de fonctionnalit\u00e9s, y compris une interface de glisser-d\u00e9poser remarquable, des sch\u00e9mas de couleurs personnalisables et une conception r\u00e9active qui garantit l&rsquo;affichage optimal de vos horaires sur n&rsquo;importe quel appareil. Avec l&rsquo;utilisation du calendrier r\u00e9actif du calendrier, l&rsquo;ajout de nouveaux \u00e9v\u00e9nements devient une t\u00e2che sans effort, l&rsquo;importation des horaires provenant de sources externes devient un exploit r\u00e9alisable, et la personnalisation des horaires pour s&rsquo;aligner de mani\u00e8re transparente sur la conception de votre site Web devient un processus fluide. Peu importe que vous supervisiez une classe de fitness vigoureuse, un concert enchanteur ou une conf\u00e9rence d&rsquo;affaires distingu\u00e9e, la mise en \u0153uvre d&rsquo;un calendrier r\u00e9actif horaire appara\u00eet comme l&rsquo;incarnation de la commodit\u00e9 dans la planification et la gestion de vos \u00e9v\u00e9nements estim\u00e9s.<\/p>\n<ul>\n<li>Plugin WordPress convivial et r\u00e9actif qui vous permet de cr\u00e9er et de g\u00e9rer facilement des horaires et des horaires pour votre site Web<\/li>\n<li>Personnalisez votre horaire avec des couleurs, des ic\u00f4nes et plusieurs options de mise en page pour s&rsquo;adapter \u00e0 l&rsquo;apparence de votre site<\/li>\n<li>Prend en charge jusqu&rsquo;\u00e0 10 colonnes, id\u00e9al pour afficher les horaires quotidiens, hebdomadaires ou mensuels<\/li>\n<li>L&rsquo;horaire peut \u00eatre filtr\u00e9 par cat\u00e9gorie, emplacement ou jour, offrant un acc\u00e8s facile aux \u00e9v\u00e9nements pertinents<\/li>\n<li>Vous permet d&rsquo;ajouter des images, des descriptions et des liens vers des \u00e9v\u00e9nements individuels, ce qui permet aux visiteurs d&rsquo;en savoir plus et de s&rsquo;inscrire<\/li>\n<li>Compatible avec tous les principaux th\u00e8mes WordPress et enti\u00e8rement r\u00e9actif pour une visualisation optimale sur n&rsquo;importe quel appareil<\/li>\n<li>Comprend une prise en charge des \u00e9v\u00e9nements r\u00e9currents, ce qui facilite la configuration des cours, des ateliers ou des r\u00e9unions r\u00e9guli\u00e8res<\/li>\n<li>S&rsquo;int\u00e8gre \u00e0 des plugins populaires comme WooCommerce, MailChimp et Yoast SEO pour plus de fonctionnalit\u00e9s<\/li>\n<li>Livr\u00e9 avec une documentation d\u00e9taill\u00e9e et un support d\u00e9di\u00e9 pour assurer une exp\u00e9rience sans tracas.<\/li>\n<\/ul>\n","protected":false},"excerpt":{"rendered":"<p>Le calendrier r\u00e9actif du calendrier pour WordPress est un plugin de planification exceptionnellement robuste et convivial qui a le but de cr\u00e9er et de contr\u00f4ler sans effort les horaires sur votre site Web WordPress. Ce plugin remarquable poss\u00e8de une conception r\u00e9active, vous permettant d&rsquo;organiser efficacement vos \u00e9v\u00e9nements et rendez-vous dans un calendrier visuellement captivant et navigable sans effort qui s&rsquo;adapte de mani\u00e8re transparente \u00e0 divers appareils, y compris des ordinateurs de bureau, des tablettes et des mobiles. Vous avez la libert\u00e9 de personnaliser l&rsquo;apparence de votre horaire en utilisant une pl\u00e9thore d&rsquo;options, y compris, mais sans s&rsquo;y limiter, un \u00e9ventail de couleurs captivantes, des polices attrayantes et des arri\u00e8re-plans captivants pour s&rsquo;aligner de mani\u00e8re transparente sur le style g\u00e9n\u00e9ral de votre site Web. Outre sa nature conviviale, ce plugin est regroup\u00e9 avec une large gamme de fonctionnalit\u00e9s pratiques, telles que l&rsquo;incorporation d&rsquo;\u00e9v\u00e9nements r\u00e9currents, des vues multiples et une int\u00e9gration fluide avec le calendrier Google tr\u00e8s populaire. Gr\u00e2ce au calendrier r\u00e9actif du calendrier pour WordPress, la gestion de vos \u00e9v\u00e9nements et le maintien de vos pr\u00e9cieux visiteurs bien inform\u00e9s n&rsquo;ont jamais \u00e9t\u00e9 aussi sans effort et efficace!<\/p>\n","protected":false},"featured_media":145590,"comment_status":"open","ping_status":"open","template":"","meta":[],"product_brand":[2435],"product_cat":[1189,1181,1186],"product_tag":[1231],"class_list":{"0":"post-115580","1":"product","2":"type-product","3":"status-publish","4":"has-post-thumbnail","6":"product_brand-codecanyon","7":"product_cat-personnalisation","8":"product_cat-plugins","9":"product_cat-wordpress-plugins","10":"product_tag-codecanyon","11":"member-discount","12":"discount-restricted","14":"first","15":"instock","16":"sale","17":"downloadable","18":"virtual","19":"sold-individually","20":"purchasable","21":"product-type-simple"},"_links":{"self":[{"href":"https:\/\/gpl-love.com\/fr\/wp-json\/wp\/v2\/product\/115580","targetHints":{"allow":["GET"]}}],"collection":[{"href":"https:\/\/gpl-love.com\/fr\/wp-json\/wp\/v2\/product"}],"about":[{"href":"https:\/\/gpl-love.com\/fr\/wp-json\/wp\/v2\/types\/product"}],"replies":[{"embeddable":true,"href":"https:\/\/gpl-love.com\/fr\/wp-json\/wp\/v2\/comments?post=115580"}],"wp:featuredmedia":[{"embeddable":true,"href":"https:\/\/gpl-love.com\/fr\/wp-json\/wp\/v2\/media\/145590"}],"wp:attachment":[{"href":"https:\/\/gpl-love.com\/fr\/wp-json\/wp\/v2\/media?parent=115580"}],"wp:term":[{"taxonomy":"product_brand","embeddable":true,"href":"https:\/\/gpl-love.com\/fr\/wp-json\/wp\/v2\/product_brand?post=115580"},{"taxonomy":"product_cat","embeddable":true,"href":"https:\/\/gpl-love.com\/fr\/wp-json\/wp\/v2\/product_cat?post=115580"},{"taxonomy":"product_tag","embeddable":true,"href":"https:\/\/gpl-love.com\/fr\/wp-json\/wp\/v2\/product_tag?post=115580"}],"curies":[{"name":"wp","href":"https:\/\/api.w.org\/{rel}","templated":true}]}}