{"id":115572,"date":"2025-10-28T00:00:00","date_gmt":"2025-10-27T23:00:00","guid":{"rendered":"http:\/\/gpl-love.com\/fr\/produit\/gravity-forms-zapier-addon\/"},"modified":"2026-03-20T23:18:19","modified_gmt":"2026-03-20T22:18:19","slug":"gravity-forms-zapier-addon","status":"publish","type":"product","link":"https:\/\/gpl-love.com\/fr\/produit\/gravity-forms-zapier-addon\/","title":{"rendered":"Gravity Forms Zapier Addon 4.5.1"},"content":{"rendered":"<h3>Gravity Forms Zapier Addon Traits<\/h3>\n<p>Les formulaires Gravity Zapier Addon, un outil tr\u00e8s robuste et influent, offre aux utilisateurs la capacit\u00e9 exceptionnelle pour automatiser le transfert transparent des donn\u00e9es entre les formulaires de gravit\u00e9 et une large gamme d&rsquo;autres applications ou services. Encloppant cet addon dans leur arsenal, les utilisateurs peuvent g\u00e9n\u00e9rer sans effort des flux de travail personnalis\u00e9s qui rationalisent efficacement leurs processus de gestion des donn\u00e9es, \u00e9conomisant ainsi efficacement une quantit\u00e9 substantielle de leur temps pr\u00e9cieux et de leurs efforts laborieux. Un avantage suppl\u00e9mentaire est que cet addon offre aux utilisateurs l&rsquo;occasion remarquable d&rsquo;int\u00e9grer de mani\u00e8re transparente les formulaires de gravit\u00e9 avec une s\u00e9lection colossale de plus de 2 000 autres applications et services, englobant une gamme de CRM, d&rsquo;outils de gestion de projet et m\u00eame de plateformes de marketing par e-mail. De plus, il poss\u00e8de une interface extr\u00eamement conviviale, facilitant ainsi l&rsquo;\u00e9tablissement simple de workflows automatis\u00e9s et la cartographie transparente des champs de donn\u00e9es entre diverses applications. Par cons\u00e9quent, les utilisateurs sont en mesure d&rsquo;automatiser les t\u00e2ches banales et r\u00e9p\u00e9titives, r\u00e9duisant efficacement la possibilit\u00e9 de rencontrer des erreurs de donn\u00e9es et, par cons\u00e9quent, l&rsquo;efficacit\u00e9 globale de leurs op\u00e9rations commerciales \u00e0 des sommets nouveaux et sans pr\u00e9c\u00e9dent.<\/p>\n<ul>\n<li>Connectez facilement les formulaires de gravit\u00e9 avec plus de 3 000 applications \u00e0 l&rsquo;aide de Zapier<\/li>\n<li>Envoyez automatiquement les soumissions de formulaires \u00e0 d&rsquo;autres applications sans aucun codage requis<\/li>\n<li>Choisissez les champs de formulaire \u00e0 envoyer, permettant de transf\u00e9rer des informations hautement personnalis\u00e9es et cibl\u00e9es<\/li>\n<li>Antoriser les erreurs de saisie manuelle et gagner du temps en automatisant votre processus de saisie de donn\u00e9es<\/li>\n<li>Utilisez l&rsquo;int\u00e9gration pour d\u00e9clencher des actions dans d&rsquo;autres applications, comme l&rsquo;ajout de nouveaux abonn\u00e9s \u00e0 une liste de diffusion ou la cr\u00e9ation d&rsquo;un nouvel enregistrement dans un CRM<\/li>\n<li>R\u00e9duit la barri\u00e8re \u00e0 l&rsquo;entr\u00e9e pour l&rsquo;int\u00e9gration avec plusieurs applications, ce qui le rend accessible aux entreprises de toutes tailles.<\/li>\n<li>Fournit des mises \u00e0 jour en temps r\u00e9el et des fonctionnalit\u00e9s de rapport pour vos soumissions de formulaire<\/li>\n<li>Livr\u00e9 \u00e0 la fois dans une version gratuite et payante, avec des fonctionnalit\u00e9s et des fonctionnalit\u00e9s suppl\u00e9mentaires dans la version payante.<\/li>\n<\/ul>\n","protected":false},"excerpt":{"rendered":"<p>Les formulaires de gravit\u00e9 Zapier Addon, un outil puissant, permet aux utilisateurs d&rsquo;\u00e9tablir des connexions entre leurs donn\u00e9es de soumission de formulaires de gravit\u00e9 et une vaste s\u00e9lection de plus de 3 000 applications via Zapier. En tirant parti de cet addon, les individus peuvent automatiser efficacement leurs flux de travail et optimiser leurs op\u00e9rations en transf\u00e9rant sans effort leurs donn\u00e9es de formulaires de gravit\u00e9 \u00e0 leur application souhait\u00e9e, r\u00e9duisant ainsi le fardeau de la main-d&rsquo;\u0153uvre manuelle et en conservant un temps pr\u00e9cieux. En outre, le syst\u00e8me d&rsquo;int\u00e9gration fourni par cet addon est con\u00e7u avec une simplicit\u00e9 \u00e0 l&rsquo;esprit, permettant aux utilisateurs de le configurer rapidement et sans effort sans r\u00e9pondre \u00e0 leurs besoins sp\u00e9cifiques. D\u00e9couvrez un niveau am\u00e9lior\u00e9 de fonctionnalit\u00e9 et d&rsquo;efficacit\u00e9 pour vos formes de gravit\u00e9 en adoptant les capacit\u00e9s remarquables de l&rsquo;addon zapier des formes de gravit\u00e9 aujourd&rsquo;hui!<\/p>\n","protected":false},"featured_media":144102,"comment_status":"open","ping_status":"open","template":"","meta":[],"product_brand":[2565],"product_cat":[1189,1181,1186],"product_tag":[1275],"class_list":{"0":"post-115572","1":"product","2":"type-product","3":"status-publish","4":"has-post-thumbnail","6":"product_brand-gravityforms","7":"product_cat-personnalisation","8":"product_cat-plugins","9":"product_cat-wordpress-plugins","10":"product_tag-gravityforms","11":"member-discount","12":"discount-restricted","14":"first","15":"instock","16":"sale","17":"downloadable","18":"virtual","19":"sold-individually","20":"purchasable","21":"product-type-simple"},"_links":{"self":[{"href":"https:\/\/gpl-love.com\/fr\/wp-json\/wp\/v2\/product\/115572","targetHints":{"allow":["GET"]}}],"collection":[{"href":"https:\/\/gpl-love.com\/fr\/wp-json\/wp\/v2\/product"}],"about":[{"href":"https:\/\/gpl-love.com\/fr\/wp-json\/wp\/v2\/types\/product"}],"replies":[{"embeddable":true,"href":"https:\/\/gpl-love.com\/fr\/wp-json\/wp\/v2\/comments?post=115572"}],"wp:featuredmedia":[{"embeddable":true,"href":"https:\/\/gpl-love.com\/fr\/wp-json\/wp\/v2\/media\/144102"}],"wp:attachment":[{"href":"https:\/\/gpl-love.com\/fr\/wp-json\/wp\/v2\/media?parent=115572"}],"wp:term":[{"taxonomy":"product_brand","embeddable":true,"href":"https:\/\/gpl-love.com\/fr\/wp-json\/wp\/v2\/product_brand?post=115572"},{"taxonomy":"product_cat","embeddable":true,"href":"https:\/\/gpl-love.com\/fr\/wp-json\/wp\/v2\/product_cat?post=115572"},{"taxonomy":"product_tag","embeddable":true,"href":"https:\/\/gpl-love.com\/fr\/wp-json\/wp\/v2\/product_tag?post=115572"}],"curies":[{"name":"wp","href":"https:\/\/api.w.org\/{rel}","templated":true}]}}