{"id":115570,"date":"2026-02-06T00:00:00","date_gmt":"2026-02-05T23:00:00","guid":{"rendered":"http:\/\/gpl-love.com\/fr\/produit\/gravity-forms-twilio-addon\/"},"modified":"2026-03-20T23:18:15","modified_gmt":"2026-03-20T22:18:15","slug":"gravity-forms-twilio-addon","status":"publish","type":"product","link":"https:\/\/gpl-love.com\/fr\/produit\/gravity-forms-twilio-addon\/","title":{"rendered":"Gravity Forms Twilio Addon 3.1.1"},"content":{"rendered":"<h3>Gravity Forms Twilio Addon Traits<\/h3>\n<p>Les formulaires de gravit\u00e9 Twilio Addon sont un plugin extr\u00eamement robuste qui offre aux utilisateurs la capacit\u00e9 d&rsquo;int\u00e9grer de mani\u00e8re transparente les formulaires de gravit\u00e9 avec Twilio, facilitant ainsi l&rsquo;envoi de messages SMS ou l&rsquo;initiation d&rsquo;appels t\u00e9l\u00e9phoniques directement \u00e0 partir de leurs formulaires de gravit\u00e9. En tirant parti de cet addon, les utilisateurs ont la capacit\u00e9 d&rsquo;\u00e9laborer des formulaires personnalis\u00e9s qui rassemblent efficacement les donn\u00e9es des utilisateurs, en capitalisant par la suite les fonctionnalit\u00e9s de Twilio pour exp\u00e9dier automatiquement les messages SMS ou initier des appels t\u00e9l\u00e9phoniques aux utilisateurs, tout en \u00e9tant subordonn\u00e9 aux r\u00e9ponses qu&rsquo;ils fournissent. Cet addon soutient de mani\u00e8re globale un vaste tableau de fonctionnalit\u00e9s Twilio, englobant l&rsquo;utilisation de mod\u00e8les de messages sur mesure, la mise en \u0153uvre de codes de confirmation SMS et un assortiment d&rsquo;autres fonctionnalit\u00e9s inestimables. Dans l&rsquo;ensemble, la gravit\u00e9 Forms Twilio Addon sert d&rsquo;outil indispensable pour les entreprises qui cherchent \u00e0 optimiser leurs processus de communication et \u00e0 am\u00e9liorer leurs efforts d&rsquo;engagement client.<\/p>\n<ul>\n<li>Int\u00e8gre de mani\u00e8re transparente le puissant plugin de formes de gravit\u00e9 avec le service de messagerie Twilio<\/li>\n<li>Permet aux utilisateurs d&rsquo;envoyer facilement des SMS automatis\u00e9s \u00e0 leurs clients directement \u00e0 partir de leurs pages de soumission de formulaires de gravit\u00e9<\/li>\n<li>Permet d&rsquo;envoyer des notifications et des mises \u00e0 jour en temps r\u00e9el aux clients via SMS, assurer une communication opportune et efficace<\/li>\n<li>Fournit aux utilisateurs une gamme d&rsquo;options de personnalisation, y compris la possibilit\u00e9 de personnaliser les messages SMS et de choisir parmi une gamme de num\u00e9ros Twilio disponibles pour envoyer des messages \u00e0 partir de<\/li>\n<li>Simplifie le processus de cr\u00e9ation et de gestion des campagnes de marketing mobile, ce qui facilite la capture des prospects et d&rsquo;engager les clients via la messagerie SMS<\/li>\n<li>Offre des fonctionnalit\u00e9s de rapports et d&rsquo;analyse robustes, donnant aux utilisateurs des informations pr\u00e9cieuses sur les taux de livraison de messages, les taux de r\u00e9ponse et autres mesures cl\u00e9s<\/li>\n<li>Con\u00e7u pour \u00eatre convivial et facile \u00e0 configurer, avec un support technique d\u00e9di\u00e9 et une documentation compl\u00e8te fournis pour plus de commodit\u00e9.<\/li>\n<\/ul>\n","protected":false},"excerpt":{"rendered":"<p>Les formulaires de gravit\u00e9 Twilio Addon sert d&rsquo;outil extr\u00eamement puissant, int\u00e9grant de mani\u00e8re transparente vos formulaires de gravit\u00e9 avec la plate-forme Twilio SMS. Gr\u00e2ce \u00e0 l&rsquo;utilisation de cet addon remarquable, vous gagnez la possibilit\u00e9 de r\u00e9partir sans effort SMS \u00e0 vos clients estim\u00e9s, vos clients \u00e9valu\u00e9s ou vos membres de l&rsquo;\u00e9quipe estim\u00e9s, qui sont tous d\u00e9clench\u00e9s par des soumissions sp\u00e9cifiques de formes de gravit\u00e9. Un avantage remarquable de cet addon est la capacit\u00e9 de personnaliser le contenu de chaque message SMS individuel, ainsi que l&rsquo;option pour sp\u00e9cifier les conditions de d\u00e9clenchement et les num\u00e9ros de destinataire pour chaque formulaire pr\u00e9sent sur votre site Web. Cette fonctionnalit\u00e9 remarquable am\u00e9liore consid\u00e9rablement votre capacit\u00e9 \u00e0 transmettre efficacement des informations vitales, telles que les rappels de rendez-vous, les confirmations de commande ou les mises \u00e0 jour de statut, et diverses autres notifications critiques. En outre, le processus d&rsquo;installation pour la gravit\u00e9 Forms Twilio Addon est exceptionnellement simple, ne n\u00e9cessitant rien de plus qu&rsquo;un compte Twilio actif \u00e0 initier. Profitez de cet addon exceptionnel aujourd&rsquo;hui et r\u00e9volutionnez vos processus de communication avec une facilit\u00e9 et une efficacit\u00e9 in\u00e9gal\u00e9es!<\/p>\n","protected":false},"featured_media":144098,"comment_status":"open","ping_status":"open","template":"","meta":[],"product_brand":[2565],"product_cat":[1207,1181,1186],"product_tag":[1275],"class_list":{"0":"post-115570","1":"product","2":"type-product","3":"status-publish","4":"has-post-thumbnail","6":"product_brand-gravityforms","7":"product_cat-commercialisation-wordpress-plugins","8":"product_cat-plugins","9":"product_cat-wordpress-plugins","10":"product_tag-gravityforms","11":"member-discount","12":"discount-restricted","14":"first","15":"instock","16":"sale","17":"downloadable","18":"virtual","19":"sold-individually","20":"purchasable","21":"product-type-simple"},"_links":{"self":[{"href":"https:\/\/gpl-love.com\/fr\/wp-json\/wp\/v2\/product\/115570","targetHints":{"allow":["GET"]}}],"collection":[{"href":"https:\/\/gpl-love.com\/fr\/wp-json\/wp\/v2\/product"}],"about":[{"href":"https:\/\/gpl-love.com\/fr\/wp-json\/wp\/v2\/types\/product"}],"replies":[{"embeddable":true,"href":"https:\/\/gpl-love.com\/fr\/wp-json\/wp\/v2\/comments?post=115570"}],"wp:featuredmedia":[{"embeddable":true,"href":"https:\/\/gpl-love.com\/fr\/wp-json\/wp\/v2\/media\/144098"}],"wp:attachment":[{"href":"https:\/\/gpl-love.com\/fr\/wp-json\/wp\/v2\/media?parent=115570"}],"wp:term":[{"taxonomy":"product_brand","embeddable":true,"href":"https:\/\/gpl-love.com\/fr\/wp-json\/wp\/v2\/product_brand?post=115570"},{"taxonomy":"product_cat","embeddable":true,"href":"https:\/\/gpl-love.com\/fr\/wp-json\/wp\/v2\/product_cat?post=115570"},{"taxonomy":"product_tag","embeddable":true,"href":"https:\/\/gpl-love.com\/fr\/wp-json\/wp\/v2\/product_tag?post=115570"}],"curies":[{"name":"wp","href":"https:\/\/api.w.org\/{rel}","templated":true}]}}