{"id":115568,"date":"2025-11-27T00:00:00","date_gmt":"2025-11-26T23:00:00","guid":{"rendered":"http:\/\/gpl-love.com\/fr\/produit\/gravity-forms-trello-addon\/"},"modified":"2026-03-20T23:18:14","modified_gmt":"2026-03-20T22:18:14","slug":"gravity-forms-trello-addon","status":"publish","type":"product","link":"https:\/\/gpl-love.com\/fr\/produit\/gravity-forms-trello-addon\/","title":{"rendered":"Gravity Forms Trello Addon 2.2.0.1"},"content":{"rendered":"<h3>Gravity Forms Trello Addon Traits<\/h3>\n<p>Les formulaires de gravit\u00e9 Trello Addon servent d&rsquo;outil tr\u00e8s puissant, permettant aux utilisateurs d&rsquo;am\u00e9liorer leur efficacit\u00e9 de flux de travail gr\u00e2ce \u00e0 l&rsquo;int\u00e9gration transparente de leurs donn\u00e9es de formes de gravit\u00e9 dans des planches Trello. En utilisant cet addon, les utilisateurs acqui\u00e8rent la possibilit\u00e9 de g\u00e9n\u00e9rer sans effort des cartes Trello \u00e0 partir de soumissions de formulaires de gravit\u00e9, de d\u00e9l\u00e9guer des t\u00e2ches aux membres de l&rsquo;\u00e9quipe, d&rsquo;\u00e9tablir des dates d&rsquo;\u00e9ch\u00e9ance, d&rsquo;int\u00e9grer des \u00e9tiquettes et bien plus encore. Par cons\u00e9quent, cet addon s&rsquo;av\u00e8re \u00eatre une solution id\u00e9ale pour les entreprises de toute ampleur, cherchant \u00e0 optimiser leur gestion de workflow et \u00e0 maintenir un syst\u00e8me bien organis\u00e9. De plus, son interface poss\u00e8de une conception conviviale, s&rsquo;adressant aux individus d\u00e9pourvus d&rsquo;expertise technique, garantissant ainsi l&rsquo;accessibilit\u00e9 pour un large \u00e9ventail d&rsquo;utilisateurs. En outre, cet addon offre un support client exceptionnel et des mises \u00e0 jour fr\u00e9quentes, garantissant ainsi aux utilisateurs un retour sur investissement maximis\u00e9e.<\/p>\n<ul>\n<li>Int\u00e8gre de mani\u00e8re transparente les formulaires de gravit\u00e9 avec Trello<\/li>\n<li>Permet aux utilisateurs de cr\u00e9er des cartes Trello directement \u00e0 partir des soumissions de formulaires de gravit\u00e9<\/li>\n<li>Comprend des champs de cartographie des formulaires de gravit\u00e9 aux attributs de la carte Trello<\/li>\n<li>Fournit des mises \u00e0 jour en temps r\u00e9el des cartes Trello car les formulaires de gravit\u00e9 Les soumissions sont mises \u00e0 jour ou \u00e9dit\u00e9es<\/li>\n<li>Permet aux utilisateurs d&rsquo;attribuer des cartes Trello aux membres de l&rsquo;\u00e9quipe ou aux \u00e9tiquettes directement \u00e0 partir des formulaires de gravit\u00e9<\/li>\n<li>Gave le temps et rationalise le flux de travail en \u00e9liminant le transfert manuel des donn\u00e9es entre les deux plateformes<\/li>\n<li>Permet une meilleure collaboration et une meilleure communication entre les membres de l&rsquo;\u00e9quipe, en veillant \u00e0 ce que tout le monde soit sur la m\u00eame longueur d&rsquo;onde<\/li>\n<li>Offre une solution rentable pour connecter deux plates-formes puissantes et maximiser leur fonctionnalit\u00e9.<\/li>\n<\/ul>\n","protected":false},"excerpt":{"rendered":"<p>La gravit\u00e9 des formulaires Trello Addon, un outil incroyablement avanc\u00e9, est con\u00e7u pour am\u00e9liorer et optimiser votre processus de gestion de projet en int\u00e9grant de mani\u00e8re transparente les capacit\u00e9s puissantes des formulaires de gravit\u00e9 avec la fonctionnalit\u00e9 polyvalente de Trello. En synchronisant de mani\u00e8re transparente les deux plates-formes, cet addon vous permet de g\u00e9n\u00e9rer sans effort des cartes Trello directement \u00e0 partir de vos soumissions de formulaire, le tout sans avoir \u00e0 naviguer loin de votre tableau de bord de formulaires de gravit\u00e9 pratique. Cette fonctionnalit\u00e9 inestimable vous fait non seulement gagner du temps pr\u00e9cieux et exerce un minimum d&rsquo;effort, mais il simplifie \u00e9galement consid\u00e9rablement la t\u00e2che de surveiller et de superviser efficacement vos diff\u00e9rents projets. De plus, la gravit\u00e9 Forms Trello Addon vous permet de personnaliser et d&rsquo;adapter vos cartes Trello en fonction de vos pr\u00e9f\u00e9rences et exigences uniques. Cela peut \u00eatre accompli gr\u00e2ce \u00e0 l&rsquo;inclusion d&rsquo;\u00e9l\u00e9ments personnalisables tels que les \u00e9tiquettes, les dates d&rsquo;\u00e9ch\u00e9ance, les listes de contr\u00f4le et bien d&rsquo;autres. Que vous vous trouviez engag\u00e9 dans un projet d&rsquo;\u00e9quipe collaboratif ou que vous supervisant m\u00e9ticuleusement vos propres t\u00e2ches individuelles, la gravit\u00e9 forme Trello Addon \u00e9merge ind\u00e9niablement comme un atout indispensable pour tout individu cherchant \u00e0 am\u00e9liorer sa productivit\u00e9 globale et \u00e0 rationaliser son flux de travail quotidien.<\/p>\n","protected":false},"featured_media":144097,"comment_status":"open","ping_status":"open","template":"","meta":[],"product_brand":[2565],"product_cat":[1187,1181,1186],"product_tag":[1275],"class_list":{"0":"post-115568","1":"product","2":"type-product","3":"status-publish","4":"has-post-thumbnail","6":"product_brand-gravityforms","7":"product_cat-administration-wordpress-plugins","8":"product_cat-plugins","9":"product_cat-wordpress-plugins","10":"product_tag-gravityforms","11":"member-discount","12":"discount-restricted","14":"first","15":"instock","16":"sale","17":"downloadable","18":"virtual","19":"sold-individually","20":"purchasable","21":"product-type-simple"},"_links":{"self":[{"href":"https:\/\/gpl-love.com\/fr\/wp-json\/wp\/v2\/product\/115568","targetHints":{"allow":["GET"]}}],"collection":[{"href":"https:\/\/gpl-love.com\/fr\/wp-json\/wp\/v2\/product"}],"about":[{"href":"https:\/\/gpl-love.com\/fr\/wp-json\/wp\/v2\/types\/product"}],"replies":[{"embeddable":true,"href":"https:\/\/gpl-love.com\/fr\/wp-json\/wp\/v2\/comments?post=115568"}],"wp:featuredmedia":[{"embeddable":true,"href":"https:\/\/gpl-love.com\/fr\/wp-json\/wp\/v2\/media\/144097"}],"wp:attachment":[{"href":"https:\/\/gpl-love.com\/fr\/wp-json\/wp\/v2\/media?parent=115568"}],"wp:term":[{"taxonomy":"product_brand","embeddable":true,"href":"https:\/\/gpl-love.com\/fr\/wp-json\/wp\/v2\/product_brand?post=115568"},{"taxonomy":"product_cat","embeddable":true,"href":"https:\/\/gpl-love.com\/fr\/wp-json\/wp\/v2\/product_cat?post=115568"},{"taxonomy":"product_tag","embeddable":true,"href":"https:\/\/gpl-love.com\/fr\/wp-json\/wp\/v2\/product_tag?post=115568"}],"curies":[{"name":"wp","href":"https:\/\/api.w.org\/{rel}","templated":true}]}}