{"id":115566,"date":"2025-10-16T00:00:00","date_gmt":"2025-10-15T22:00:00","guid":{"rendered":"http:\/\/gpl-love.com\/fr\/produit\/gravity-forms-survey-addon\/"},"modified":"2026-03-20T23:18:13","modified_gmt":"2026-03-20T22:18:13","slug":"gravity-forms-survey-addon","status":"publish","type":"product","link":"https:\/\/gpl-love.com\/fr\/produit\/gravity-forms-survey-addon\/","title":{"rendered":"Gravity Forms Survey Addon 4.2.2"},"content":{"rendered":"<h3>Gravity Forms Survey Addon Traits<\/h3>\n<p>L&rsquo;addon de l&rsquo;\u00e9tude des formulaires Gravity, un outil robuste dot\u00e9 d&rsquo;une immense puissance, permet aux utilisateurs de g\u00e9n\u00e9rer et d&rsquo;administrer sans effort des enqu\u00eates. Avec une vaste gamme de fonctionnalit\u00e9s \u00e0 la disposition, cet addon pour la gravit\u00e9 des formulaires facilite la cr\u00e9ation de sondages adapt\u00e9s pour r\u00e9pondre aux exigences sp\u00e9cifiques de chaque utilisateur. En exploitant les capacit\u00e9s de cet addon, les utilisateurs sont autoris\u00e9s \u00e0 formuler des enqu\u00eates englobant une multitude de types de questions, englobant la logique avanc\u00e9e de l&rsquo;avanc\u00e9e, ainsi que dans les questions conditionnelles, et bien plus encore. De plus, cet addon remarquable permet aux utilisateurs d&rsquo;acqu\u00e9rir rapidement des r\u00e9ponses des participants \u00e0 l&rsquo;enqu\u00eate et de g\u00e9n\u00e9rer instantan\u00e9ment des rapports complets. Avec son interface conviviale, l&rsquo;addon de l&rsquo;\u00e9tude des formulaires de gravit\u00e9 se rend accessible et facilement navigable, m\u00eame pour les personnes poss\u00e9dant une familiarit\u00e9 n\u00e9gligeable avec l&rsquo;art de l&rsquo;administration de l&rsquo;enqu\u00eate. En r\u00e9sum\u00e9, cet addon s&rsquo;av\u00e8re \u00eatre un choix extr\u00eamement int\u00e9ressant pour tout individu souhaitant cr\u00e9er sans effort et efficacement des enqu\u00eates, collecter m\u00e9ticuleusement des r\u00e9ponses et analyser m\u00e9ticuleusement les donn\u00e9es.<\/p>\n<ul>\n<li>Cr\u00e9ez facilement des enqu\u00eates dans les formulaires de gravit\u00e9 pour une r\u00e9troaction am\u00e9lior\u00e9e des utilisateurs<\/li>\n<li>Faites glisser et d\u00e9posez l&rsquo;interface pour la cr\u00e9ation et la personnalisation de l&rsquo;enqu\u00eate facile<\/li>\n<li>Plusieurs types de questions, notamment \u00e0 choix unique et multiple, \u00e0 d\u00e9router, aux zones de texte et plus encore<\/li>\n<li>La logique conditionnelle permet des sondages dynamiques et personnalis\u00e9s<\/li>\n<li>Caract\u00e9ristiques avanc\u00e9es de rapports et d&rsquo;analyse pour obtenir des informations sur les r\u00e9ponses de l&rsquo;enqu\u00eate<\/li>\n<li>Int\u00e9gre parfaitement avec d&rsquo;autres modules compl\u00e9mentaires de gravit\u00e9 et outils tiers<\/li>\n<li>Notifications par e-mail automatiques lorsque de nouvelles enqu\u00eates sont termin\u00e9es<\/li>\n<li>Enqu\u00eates de plusieurs pages pour plus de commentaires et de collecte de donn\u00e9es plus approfondis<\/li>\n<li>Conception sensible aux mobiles pour les enqu\u00eates qui ont fi\u00e8re allure sur n&rsquo;importe quel appareil<\/li>\n<li>Interface conviviale pour les r\u00e9pondants afin d&rsquo;assurer des taux de r\u00e9ponse \u00e9lev\u00e9s.<\/li>\n<\/ul>\n","protected":false},"excerpt":{"rendered":"<p>L&rsquo;addon d&rsquo;enqu\u00eate sur les formulaires de gravit\u00e9 est un instrument exceptionnellement robuste et efficace qui vous permet de recueillir des commentaires inestimables et des informations profondes de votre public cible. Cet outil ph\u00e9nom\u00e9nal vous permet de concevoir et de cr\u00e9er des enqu\u00eates et de questionnaires sur mesure, englobant un large \u00e9ventail de types de questions, tels que les champs de choix multiple, d&rsquo;\u00e9chelle et de saisie de texte. De plus, vous avez la libert\u00e9 de personnaliser personnellement la conception et la disposition de vos enqu\u00eates, en les harmonisant parfaitement avec votre identit\u00e9 de marque et votre style unique. De plus, l&rsquo;int\u00e9gration transparente de l&rsquo;addon de l&rsquo;\u00e9tude des formulaires de gravit\u00e9 avec WordPress am\u00e9liore encore sa fonctionnalit\u00e9 et sa commodit\u00e9. Il poss\u00e8de notamment des fonctionnalit\u00e9s de rapports et d&rsquo;analyse avanc\u00e9es qui facilitent le suivi sans effort et l&rsquo;analyse compl\u00e8te des r\u00e9ponses que vous recevez. Que votre intention soit de mener des \u00e9tudes de march\u00e9 approfondies, de solliciter des commentaires pr\u00e9cieux des clients ou d&rsquo;administrer des enqu\u00eates sur les employ\u00e9s, l&rsquo;addon de l&rsquo;\u00e9tude des formulaires de gravit\u00e9 est la quintessence d&rsquo;une solution in\u00e9gal\u00e9e et globale.<\/p>\n","protected":false},"featured_media":144095,"comment_status":"open","ping_status":"open","template":"","meta":[],"product_brand":[2565],"product_cat":[1207,1181,1186],"product_tag":[1275],"class_list":{"0":"post-115566","1":"product","2":"type-product","3":"status-publish","4":"has-post-thumbnail","6":"product_brand-gravityforms","7":"product_cat-commercialisation-wordpress-plugins","8":"product_cat-plugins","9":"product_cat-wordpress-plugins","10":"product_tag-gravityforms","11":"member-discount","12":"discount-restricted","14":"first","15":"instock","16":"sale","17":"downloadable","18":"virtual","19":"sold-individually","20":"purchasable","21":"product-type-simple"},"_links":{"self":[{"href":"https:\/\/gpl-love.com\/fr\/wp-json\/wp\/v2\/product\/115566","targetHints":{"allow":["GET"]}}],"collection":[{"href":"https:\/\/gpl-love.com\/fr\/wp-json\/wp\/v2\/product"}],"about":[{"href":"https:\/\/gpl-love.com\/fr\/wp-json\/wp\/v2\/types\/product"}],"replies":[{"embeddable":true,"href":"https:\/\/gpl-love.com\/fr\/wp-json\/wp\/v2\/comments?post=115566"}],"wp:featuredmedia":[{"embeddable":true,"href":"https:\/\/gpl-love.com\/fr\/wp-json\/wp\/v2\/media\/144095"}],"wp:attachment":[{"href":"https:\/\/gpl-love.com\/fr\/wp-json\/wp\/v2\/media?parent=115566"}],"wp:term":[{"taxonomy":"product_brand","embeddable":true,"href":"https:\/\/gpl-love.com\/fr\/wp-json\/wp\/v2\/product_brand?post=115566"},{"taxonomy":"product_cat","embeddable":true,"href":"https:\/\/gpl-love.com\/fr\/wp-json\/wp\/v2\/product_cat?post=115566"},{"taxonomy":"product_tag","embeddable":true,"href":"https:\/\/gpl-love.com\/fr\/wp-json\/wp\/v2\/product_tag?post=115566"}],"curies":[{"name":"wp","href":"https:\/\/api.w.org\/{rel}","templated":true}]}}