{"id":115564,"date":"2025-12-11T00:00:00","date_gmt":"2025-12-10T23:00:00","guid":{"rendered":"http:\/\/gpl-love.com\/fr\/produit\/gravity-forms-square-addon\/"},"modified":"2026-03-20T23:18:10","modified_gmt":"2026-03-20T22:18:10","slug":"gravity-forms-square-addon","status":"publish","type":"product","link":"https:\/\/gpl-love.com\/fr\/produit\/gravity-forms-square-addon\/","title":{"rendered":"Gravity Forms Square Addon 2.5.1"},"content":{"rendered":"<h3>Gravity Forms Square Addon Traits<\/h3>\n<p>Le plugin Addon des formulaires Gravity est un outil absolument indispensable pour les personnes qui souhaitent int\u00e9grer de mani\u00e8re transparente leurs formulaires de gravit\u00e9 avec la passerelle de paiement carr\u00e9. En utilisant cet addon, les utilisateurs sont en mesure de fournir \u00e0 leurs clients une exp\u00e9rience de traitement des paiements sans pr\u00e9c\u00e9dent, dans laquelle les paiements par carte de cr\u00e9dit sont accept\u00e9s de mani\u00e8re s\u00e9curis\u00e9e sur les sites Web personnels et commerciaux. Gr\u00e2ce \u00e0 un processus d&rsquo;installation simple et \u00e0 une interface conviviale, les utilisateurs sont autoris\u00e9s \u00e0 g\u00e9n\u00e9rer sans effort des formulaires personnalis\u00e9s et \u00e0 accepter sans effort les paiements. De plus, ce plugin remarquable offre aux utilisateurs un \u00e9ventail d&rsquo;options de paiement flexibles, englobant des paiements r\u00e9currents, des abonnements et des paiements ponctuels. En fin de compte, l&rsquo;addon carr\u00e9 des formulaires Gravity est m\u00e9ticuleusement con\u00e7u dans le seul but d&rsquo;am\u00e9liorer l&rsquo;exp\u00e9rience utilisateur globale et de rendre les transactions en ligne beaucoup plus pratiques et s\u00e9curis\u00e9es.<\/p>\n<ul>\n<li>Int\u00e8gre de mani\u00e8re transparente le traitement des paiements carr\u00e9s avec les formulaires de gravit\u00e9<\/li>\n<li>Permet aux visiteurs du site Web de effectuer en toute s\u00e9curit\u00e9 les paiements directement \u00e0 partir de vos formulaires<\/li>\n<li>Prend en charge tous les types de cartes de cr\u00e9dit et de d\u00e9bit accept\u00e9s par Square<\/li>\n<li>Compatible avec les options de paiement simples et r\u00e9currentes<\/li>\n<li>Option pour enregistrer les informations de carte de cr\u00e9dit pour les transactions futures<\/li>\n<li>Fournit des e-mails de confirmation et de r\u00e9ception de paiement personnalisables aux clients<\/li>\n<li>Mise \u00e0 jour automatique des enregistrements de paiement dans le tableau de bord carr\u00e9<\/li>\n<li>Processus de configuration facile avec des instructions \u00e9tape par \u00e9tape<\/li>\n<li>Support client fiable de Square et Gravity Forms des \u00e9quipes.<\/li>\n<\/ul>\n","protected":false},"excerpt":{"rendered":"<p>Les formulaires de gravit\u00e9 Square Addon, qui ont \u00e9t\u00e9 m\u00e9ticuleusement con\u00e7us, sert d&rsquo;instrument exceptionnellement puissant qui vise \u00e0 vous aider \u00e0 int\u00e9grer de mani\u00e8re transparente les fonctionnalit\u00e9s de traitement des paiements dans vos formulaires de gravit\u00e9 en ligne. En tirant parti des capacit\u00e9s de ce plugin ing\u00e9nieux, vous pouvez recevoir sans effort et sans faille les paiements de carte de cr\u00e9dit et de d\u00e9bit de vos clients estim\u00e9s, tous dans les limites de votre propre site Web. De plus, le module compl\u00e9mentaire englobe une myriade de fonctionnalit\u00e9s robustes, telles que la possibilit\u00e9 de personnaliser les formulaires de paiement, de suivre les commandes et de g\u00e9n\u00e9rer des re\u00e7us automatis\u00e9s, cr\u00e9ant ainsi une solution globale qui r\u00e9pond aux besoins de toute entreprise pour rationaliser son paiement traitement des workflows. Il importe que vous jouiez des marchandises tangibles, rendez les services pr\u00e9cieux ou distribuez des billets d&rsquo;\u00e9v\u00e9nements, pour la gravit\u00e9 Forms Square Addon, avec son aptitude in\u00e9gal\u00e9e, repr\u00e9sente l&rsquo;instrument quintessentiel qui facilitera sans aucun doute la simplification de vos effectifs de traitement des paiements et FOLER la croissance facilitera la simplification de vos paiements de paiement et FOSSIR la croissance de la croissance de votre entreprise estim\u00e9e.<\/p>\n","protected":false},"featured_media":144092,"comment_status":"open","ping_status":"open","template":"","meta":[],"product_brand":[2565],"product_cat":[1253,1181,1186],"product_tag":[1275],"class_list":{"0":"post-115564","1":"product","2":"type-product","3":"status-publish","4":"has-post-thumbnail","6":"product_brand-gravityforms","7":"product_cat-paiement","8":"product_cat-plugins","9":"product_cat-wordpress-plugins","10":"product_tag-gravityforms","11":"member-discount","12":"discount-restricted","14":"first","15":"instock","16":"sale","17":"downloadable","18":"virtual","19":"sold-individually","20":"purchasable","21":"product-type-simple"},"_links":{"self":[{"href":"https:\/\/gpl-love.com\/fr\/wp-json\/wp\/v2\/product\/115564","targetHints":{"allow":["GET"]}}],"collection":[{"href":"https:\/\/gpl-love.com\/fr\/wp-json\/wp\/v2\/product"}],"about":[{"href":"https:\/\/gpl-love.com\/fr\/wp-json\/wp\/v2\/types\/product"}],"replies":[{"embeddable":true,"href":"https:\/\/gpl-love.com\/fr\/wp-json\/wp\/v2\/comments?post=115564"}],"wp:featuredmedia":[{"embeddable":true,"href":"https:\/\/gpl-love.com\/fr\/wp-json\/wp\/v2\/media\/144092"}],"wp:attachment":[{"href":"https:\/\/gpl-love.com\/fr\/wp-json\/wp\/v2\/media?parent=115564"}],"wp:term":[{"taxonomy":"product_brand","embeddable":true,"href":"https:\/\/gpl-love.com\/fr\/wp-json\/wp\/v2\/product_brand?post=115564"},{"taxonomy":"product_cat","embeddable":true,"href":"https:\/\/gpl-love.com\/fr\/wp-json\/wp\/v2\/product_cat?post=115564"},{"taxonomy":"product_tag","embeddable":true,"href":"https:\/\/gpl-love.com\/fr\/wp-json\/wp\/v2\/product_tag?post=115564"}],"curies":[{"name":"wp","href":"https:\/\/api.w.org\/{rel}","templated":true}]}}