{"id":115562,"date":"2025-06-02T00:00:00","date_gmt":"2025-06-01T22:00:00","guid":{"rendered":"http:\/\/gpl-love.com\/fr\/produit\/gravity-forms-slack-addon\/"},"modified":"2026-03-20T23:18:09","modified_gmt":"2026-03-20T22:18:09","slug":"gravity-forms-slack-addon","status":"publish","type":"product","link":"https:\/\/gpl-love.com\/fr\/produit\/gravity-forms-slack-addon\/","title":{"rendered":"Gravity Forms Slack Addon 2.2.0"},"content":{"rendered":"<h3>Gravity Forms Slack Addon Traits<\/h3>\n<p>L&rsquo;addon de Slack Forms Gravity est un outil incroyablement robuste et sophistiqu\u00e9 qui offre une multitude de fonctionnalit\u00e9s avantageuses, permettant une int\u00e9gration transparente entre vos soumissions de formes de gravit\u00e9 et la plate-forme de communication largement populaire, Slack. En envoyant sans effort vos soumissions de formulaires directement \u00e0 vos canaux Slack d\u00e9sign\u00e9s, cet addon facilite le suivi et la gestion sans effort des soumissions des membres estim\u00e9s de l&rsquo;\u00e9quipe. De plus, vous poss\u00e9dez la possibilit\u00e9 de personnaliser les messages transmis \u00e0 Slack, en vous assurant de recevoir les informations vitales dont vous avez besoin dans un format qui est le plus propice \u00e0 vos besoins et pr\u00e9f\u00e9rences uniques. Le processus d&rsquo;installation et de configuration de cet addon est incroyablement convivial et simple, vous accordant un moyen rationalis\u00e9 et sans tracas de rester bien inform\u00e9 et \u00e0 jour concernant vos soumissions de formulaire, garantissant efficacement que tous les membres de votre \u00e9quipe restent inform\u00e9 et dans la boucle. Que vous soyez exploit\u00e9 une entreprise florissante ou que vous supervisiez une \u00e9quipe d\u00e9di\u00e9e, la gravit\u00e9 Forms Slack Addon est un outil vraiment indispensable qui am\u00e9liorera sans aucun doute votre communication globale et votre flux de travail, solidant sans \u00e9quivoque son statut de n\u00e9cessit\u00e9 absolue.<\/p>\n<ul>\n<li>Int\u00e8gre de mani\u00e8re transparente les formulaires de gravit\u00e9 avec Slack pour am\u00e9liorer la communication et la collaboration de l&rsquo;\u00e9quipe.<\/li>\n<li>Envoie automatiquement des notifications \u00e0 des canaux ou des utilisateurs de Slack s\u00e9lectionn\u00e9s lorsqu&rsquo;un formulaire est soumis.<\/li>\n<li>Des messages de notification personnalisables peuvent \u00eatre configur\u00e9s pour chaque formulaire, permettant des notifications personnalis\u00e9es et organis\u00e9es.<\/li>\n<li>Mette \u00e0 jour instantan\u00e9ment les membres de l&rsquo;\u00e9quipe sur les soumissions de formulaires, \u00e9liminant le besoin de surveillance des formulaires constante ou de notifications manuelles.<\/li>\n<li>Augmente l&rsquo;efficacit\u00e9 du flux de travail en rationalisant le processus de soumission et de notification, permettant des temps de r\u00e9ponse plus rapides.<\/li>\n<li>Am\u00e9liore la communication d&rsquo;\u00e9quipe en gardant tout le monde sur la m\u00eame longueur d&rsquo;onde concernant les formulaires re\u00e7us et leurs statuts respectifs.<\/li>\n<li>L&rsquo;interface intuitive et conviviale facilite la configuration et la configuration rapide et facile.<\/li>\n<li>Prend en charge plusieurs formulaires et canaux, permettant une utilisation flexible entre les \u00e9quipes et les projets.<\/li>\n<li>Compatible avec les formulaires de gravit\u00e9 et les applications de bureau, Web et mobiles de Slack pour un acc\u00e8s pratique \u00e0 partir de n&rsquo;importe quel appareil.<\/li>\n<li>Fiable et s\u00e9curis\u00e9, avec des transmissions de donn\u00e9es chiffr\u00e9es et des mises \u00e0 jour r\u00e9guli\u00e8res pour assurer des performances optimales.<\/li>\n<\/ul>\n","protected":false},"excerpt":{"rendered":"<p>L&rsquo;introduction des formes de gravit\u00e9 Slack Addon facilite l&rsquo;optimisation de la communication de l&rsquo;\u00e9quipe par la transmission automatis\u00e9e des soumissions de formulaires aux canaux l\u00e2ches d\u00e9sign\u00e9s. En int\u00e9grant de mani\u00e8re transparente l&rsquo;addon, en liant vos formulaires de gravit\u00e9 et vos comptes Slack et en d\u00e9signant le canal souhait\u00e9 pour la r\u00e9ception de soumission, vous pouvez rester \u00e0 jour sans effort sur les soumissions de formulaires en temps r\u00e9el. Cette accessibilit\u00e9 en temps r\u00e9el cultive un processus de prise de d\u00e9cision plus rapide et favorise une collaboration accrue entre les membres de l&rsquo;\u00e9quipe. De plus, vous poss\u00e9dez la capacit\u00e9 de personnaliser les messages et de cuire \u00e0 la main les champs \u00e0 inclure, am\u00e9liorant ainsi la flexibilit\u00e9. Autonomiser votre \u00e9quipe avec une efficacit\u00e9 et une productivit\u00e9 accrues en tirant parti des capacit\u00e9s de la gravit\u00e9 des formulaires Slack Addon.<\/p>\n","protected":false},"featured_media":144091,"comment_status":"open","ping_status":"open","template":"","meta":[],"product_brand":[2565],"product_cat":[1187,1181,1186],"product_tag":[1275],"class_list":{"0":"post-115562","1":"product","2":"type-product","3":"status-publish","4":"has-post-thumbnail","6":"product_brand-gravityforms","7":"product_cat-administration-wordpress-plugins","8":"product_cat-plugins","9":"product_cat-wordpress-plugins","10":"product_tag-gravityforms","11":"member-discount","12":"discount-restricted","14":"first","15":"instock","16":"sale","17":"downloadable","18":"virtual","19":"sold-individually","20":"purchasable","21":"product-type-simple"},"_links":{"self":[{"href":"https:\/\/gpl-love.com\/fr\/wp-json\/wp\/v2\/product\/115562","targetHints":{"allow":["GET"]}}],"collection":[{"href":"https:\/\/gpl-love.com\/fr\/wp-json\/wp\/v2\/product"}],"about":[{"href":"https:\/\/gpl-love.com\/fr\/wp-json\/wp\/v2\/types\/product"}],"replies":[{"embeddable":true,"href":"https:\/\/gpl-love.com\/fr\/wp-json\/wp\/v2\/comments?post=115562"}],"wp:featuredmedia":[{"embeddable":true,"href":"https:\/\/gpl-love.com\/fr\/wp-json\/wp\/v2\/media\/144091"}],"wp:attachment":[{"href":"https:\/\/gpl-love.com\/fr\/wp-json\/wp\/v2\/media?parent=115562"}],"wp:term":[{"taxonomy":"product_brand","embeddable":true,"href":"https:\/\/gpl-love.com\/fr\/wp-json\/wp\/v2\/product_brand?post=115562"},{"taxonomy":"product_cat","embeddable":true,"href":"https:\/\/gpl-love.com\/fr\/wp-json\/wp\/v2\/product_cat?post=115562"},{"taxonomy":"product_tag","embeddable":true,"href":"https:\/\/gpl-love.com\/fr\/wp-json\/wp\/v2\/product_tag?post=115562"}],"curies":[{"name":"wp","href":"https:\/\/api.w.org\/{rel}","templated":true}]}}