{"id":115560,"date":"2025-11-02T00:00:00","date_gmt":"2025-11-01T23:00:00","guid":{"rendered":"http:\/\/gpl-love.com\/fr\/produit\/gravity-forms-polls-addon\/"},"modified":"2026-03-20T23:18:05","modified_gmt":"2026-03-20T22:18:05","slug":"gravity-forms-polls-addon","status":"publish","type":"product","link":"https:\/\/gpl-love.com\/fr\/produit\/gravity-forms-polls-addon\/","title":{"rendered":"Gravity Forms Polls Addon 4.4.0"},"content":{"rendered":"<h3>Gravity Forms Polls Addon Traits<\/h3>\n<p>L&rsquo;Addon de sondages Gravity Forms est un outil incroyablement robuste et formidable qui vous accorde la possibilit\u00e9 de fa\u00e7onner des sondages hautement personnalisables et captivants directement sur votre site Web. Cet addon exceptionnel vous permet de g\u00e9n\u00e9rer sans effort des sondages qui amasse efficacement les commentaires inestimables de vos visiteurs estim\u00e9s, facilitant ainsi le processus de prise de d\u00e9cisions commerciales astucieuses et \u00e9clair\u00e9es. L&rsquo;interface simple de glisser-d\u00e9poser fournie par cet addon rend la cr\u00e9ation de sondages une entreprise sans effort, m\u00eame pour les individus d\u00e9pourvus de toute comp\u00e9tence de codage. De plus, la nature polyvalente de ses conceptions garantit que vos sondages s&rsquo;harmonisent de mani\u00e8re transparente avec l&rsquo;esth\u00e9tique globale de votre site Web. De plus, l&rsquo;addon de sondage des formulaires de gravit\u00e9 offre une pl\u00e9thore d&rsquo;options avanc\u00e9es qui augmentent exponentiellement la profondeur de vos sondages. Ces options avanc\u00e9es englobent la mise en \u0153uvre de la logique conditionnelle, l&rsquo;imposition de limitations sur le nombre de soumissions, ainsi que la possibilit\u00e9 de planifier lorsque les sondages sont accessibles. Dans l&rsquo;ensemble, il peut \u00eatre d\u00e9clar\u00e9 sans \u00e9quivoque que l&rsquo;addon des sondages de formes de gravit\u00e9 sert d&rsquo;outil indispensable et imp\u00e9ratif pour toute entreprise cherchant \u00e0 s&rsquo;engager avec succ\u00e8s avec son public cible et \u00e0 obtenir des commentaires inestimables.<\/p>\n<ul>\n<li>Cr\u00e9er des sondages personnalis\u00e9s dans les formulaires de gravit\u00e9<\/li>\n<li>Int\u00e9grer des sondages sur n&rsquo;importe quelle page de votre site Web<\/li>\n<li>Choisissez parmi divers types de questions, y compris l&rsquo;\u00e9chelle \u00e0 choix multiple, ouvert et Likert<\/li>\n<li>D\u00e9finir des options pour les r\u00e9pondants tels que la limitation des r\u00e9ponses, la cr\u00e9ation de connexion et l&rsquo;autorisation de plusieurs r\u00e9ponses<\/li>\n<li>Les r\u00e9sultats du sondage du moniteur en temps r\u00e9el avec des analyses int\u00e9gr\u00e9es<\/li>\n<li>Exporter des donn\u00e9es au format CSV pour une analyse plus approfondie<\/li>\n<li>Personnalisez la conception et le style du sondage pour correspondre \u00e0 votre site Web<\/li>\n<li>Int\u00e9grer aux plateformes de marketing par e-mail populaires et CRM<\/li>\n<li>Convivial avec des crochets et filtres pour la personnalisation<\/li>\n<\/ul>\n","protected":false},"excerpt":{"rendered":"<p>L&rsquo;addon de sondage de formes Gravity est un plugin incroyablement impressionnant et tr\u00e8s robuste qui offre une multitude de fonctionnalit\u00e9s, qui vous permettent de cr\u00e9er sans effort des sondages et enqu\u00eates interactifs pour votre site Web WordPress. Ce plugin remarquable poss\u00e8de une interface incroyablement intuitive, ce qui signifie que m\u00eame ceux qui peuvent ne pas poss\u00e9der une exp\u00e9rience approfondie dans la conception et le d\u00e9veloppement de sites Web pourront facilement naviguer dans le plugin et cr\u00e9er des formes engageantes qui rassemblent efficacement des commentaires et des id\u00e9es incroyablement pr\u00e9cieux de votre public. De plus, cet addon remarquable s&rsquo;int\u00e8gre parfaitement au plugin de formes de gravit\u00e9 d\u00e9j\u00e0 tr\u00e8s populaire, ce qui \u00e0 son tour le rend incroyablement pratique pour vous de g\u00e9rer et de suivre sans effort toutes les r\u00e9ponses re\u00e7ues. Que vous cherchiez \u00e0 effectuer des \u00e9tudes de march\u00e9 cruciales, \u00e0 collecter les commentaires vitaux des clients ou \u00e0 viser simplement \u00e0 divertir votre public, l&rsquo;addon de sondage des formulaires Gravity est sans aucun doute un outil incroyablement puissant et efficace qui peut sans aucun doute vous aider \u00e0 atteindre tous vos objectifs et objectifs avec succ\u00e8s \u00e0 atteindre tous vos objectifs et objectifs .<\/p>\n","protected":false},"featured_media":144086,"comment_status":"open","ping_status":"open","template":"","meta":[],"product_brand":[2565],"product_cat":[1189,1181,1186],"product_tag":[1275],"class_list":{"0":"post-115560","1":"product","2":"type-product","3":"status-publish","4":"has-post-thumbnail","6":"product_brand-gravityforms","7":"product_cat-personnalisation","8":"product_cat-plugins","9":"product_cat-wordpress-plugins","10":"product_tag-gravityforms","11":"member-discount","12":"discount-restricted","14":"first","15":"instock","16":"sale","17":"downloadable","18":"virtual","19":"sold-individually","20":"purchasable","21":"product-type-simple"},"_links":{"self":[{"href":"https:\/\/gpl-love.com\/fr\/wp-json\/wp\/v2\/product\/115560","targetHints":{"allow":["GET"]}}],"collection":[{"href":"https:\/\/gpl-love.com\/fr\/wp-json\/wp\/v2\/product"}],"about":[{"href":"https:\/\/gpl-love.com\/fr\/wp-json\/wp\/v2\/types\/product"}],"replies":[{"embeddable":true,"href":"https:\/\/gpl-love.com\/fr\/wp-json\/wp\/v2\/comments?post=115560"}],"wp:featuredmedia":[{"embeddable":true,"href":"https:\/\/gpl-love.com\/fr\/wp-json\/wp\/v2\/media\/144086"}],"wp:attachment":[{"href":"https:\/\/gpl-love.com\/fr\/wp-json\/wp\/v2\/media?parent=115560"}],"wp:term":[{"taxonomy":"product_brand","embeddable":true,"href":"https:\/\/gpl-love.com\/fr\/wp-json\/wp\/v2\/product_brand?post=115560"},{"taxonomy":"product_cat","embeddable":true,"href":"https:\/\/gpl-love.com\/fr\/wp-json\/wp\/v2\/product_cat?post=115560"},{"taxonomy":"product_tag","embeddable":true,"href":"https:\/\/gpl-love.com\/fr\/wp-json\/wp\/v2\/product_tag?post=115560"}],"curies":[{"name":"wp","href":"https:\/\/api.w.org\/{rel}","templated":true}]}}