{"id":115558,"date":"2023-11-10T00:00:00","date_gmt":"2023-11-09T23:00:00","guid":{"rendered":"http:\/\/gpl-love.com\/fr\/produit\/gravity-forms-pipe-addon\/"},"modified":"2026-03-20T23:18:04","modified_gmt":"2026-03-20T22:18:04","slug":"gravity-forms-pipe-addon","status":"publish","type":"product","link":"https:\/\/gpl-love.com\/fr\/produit\/gravity-forms-pipe-addon\/","title":{"rendered":"Gravity Forms Pipe AddOn 1.4.0"},"content":{"rendered":"<h3>Gravity Forms Pipe AddOn Traits<\/h3>\n<p>L&rsquo;addon de pipe de formes de gravit\u00e9 est un outil incroyablement robuste et polyvalent qui accorde aux utilisateurs la capacit\u00e9 transparente \u00e0 \u00e9tablir sans effort des connexions entre leurs formulaires de gravit\u00e9 et une vaste gamme de services et d&rsquo;applications tiers. En utilisant ce module compl\u00e9mentaire exceptionnel, les utilisateurs sont autoris\u00e9s \u00e0 int\u00e9grer sans effort et rapidement leurs soumissions de formulaires avec des services tr\u00e8s recherch\u00e9s tels que Salesforce, HubSpot et MailChimp, en plus des applications et des bases de donn\u00e9es sur mesure. L&rsquo;installation et la configuration de ce module compl\u00e9mentaire sont \u00e0 la fois conviviales et simples, et il dispose d&rsquo;une large gamme de fonctionnalit\u00e9s puissantes qui la rendent exceptionnellement bien adapt\u00e9e aux individus de tous niveaux, des novices aux professionnels chevronn\u00e9s. Que votre objectif soit de rationaliser et d&rsquo;automatiser vos processus de collecte de donn\u00e9es, d&rsquo;am\u00e9liorer l&rsquo;efficacit\u00e9 de vos formulaires en ligne ou d&rsquo;optimiser votre flux de travail global, les formulaires de gravit\u00e9 Pipe Addon sont sans aucun doute un choix exceptionnel qui vous aidera \u00e0 atteindre vos objectifs.<\/p>\n<ul>\n<li>Relie de mani\u00e8re transparente les formulaires de gravit\u00e9 \u00e0 d&rsquo;autres services et applications<\/li>\n<li>Automatise le transfert de donn\u00e9es des formulaires de gravit\u00e9 aux syst\u00e8mes tiers<\/li>\n<li>\u00c9limine le besoin d&rsquo;une saisie manuelle de donn\u00e9es ou d&rsquo;une copie de copie<\/li>\n<li>Prend en charge un large \u00e9ventail d&rsquo;int\u00e9grations, notamment le CRMS, les outils de marketing par e-mail et les plateformes de gestion de projet<\/li>\n<li>Permet aux utilisateurs de cartographier les champs de formulaires de gravit\u00e9 vers des champs sp\u00e9cifiques dans d&rsquo;autres syst\u00e8mes pour un transfert de donn\u00e9es efficace<\/li>\n<li>Fournit une synchronisation en temps r\u00e9el pour un transfert de donn\u00e9es pr\u00e9cis et \u00e0 jour<\/li>\n<li>Offre une interface conviviale pour une configuration et une configuration faciles<\/li>\n<li>Param\u00e8tres avanc\u00e9s personnalisables pour les utilisateurs avec des workflows ou des exigences plus complexes<\/li>\n<li>\u00c9conomise du temps et des efforts, r\u00e9duisant le risque d&rsquo;erreurs et augmentant la productivit\u00e9<\/li>\n<li>Compatible avec la version des formulaires de gravit\u00e9 -0 ou plus.<\/li>\n<\/ul>\n","protected":false},"excerpt":{"rendered":"<p>La gravit\u00e9 Forms Pipe Addon se pr\u00e9sente comme un instrument incroyablement robuste et efficace qui a \u00e9t\u00e9 m\u00e9ticuleusement con\u00e7u pour faciliter et acc\u00e9l\u00e9rer le processus complexe de collecte de donn\u00e9es. Gr\u00e2ce \u00e0 l&rsquo;utilisation de cet addon tr\u00e8s avantageux, vous obtenez l&rsquo;occasion inestimable d&rsquo;\u00e9tablir des connexions transparentes et ininterrompues entre votre compte de formulaires de gravit\u00e9 estim\u00e9s et un vaste \u00e9ventail d&rsquo;outils tiers, y compris, mais sans s&rsquo;y limiter, Salesforce, HubSpot et Trello. En cons\u00e9quence, la t\u00e2che lourde de saisir manuellement les donn\u00e9es est effectivement \u00e9radiqu\u00e9e, vous permettant de consacrer vos pr\u00e9cieuses ressources de temps et d&rsquo;\u00e9nergie \u00e0 des questions plus urgentes. Par cons\u00e9quent, l&rsquo;addon de tuyau de la gravit\u00e9 appara\u00eet comme un atout indispensable, vous permettant d&rsquo;optimiser votre flux de travail de mani\u00e8re sans pr\u00e9c\u00e9dent.<\/p>\n","protected":false},"featured_media":144085,"comment_status":"open","ping_status":"open","template":"","meta":[],"product_brand":[2565],"product_cat":[1189,1181,1186],"product_tag":[1275],"class_list":{"0":"post-115558","1":"product","2":"type-product","3":"status-publish","4":"has-post-thumbnail","6":"product_brand-gravityforms","7":"product_cat-personnalisation","8":"product_cat-plugins","9":"product_cat-wordpress-plugins","10":"product_tag-gravityforms","11":"member-discount","12":"discount-restricted","14":"first","15":"instock","16":"sale","17":"downloadable","18":"virtual","19":"sold-individually","20":"purchasable","21":"product-type-simple"},"_links":{"self":[{"href":"https:\/\/gpl-love.com\/fr\/wp-json\/wp\/v2\/product\/115558","targetHints":{"allow":["GET"]}}],"collection":[{"href":"https:\/\/gpl-love.com\/fr\/wp-json\/wp\/v2\/product"}],"about":[{"href":"https:\/\/gpl-love.com\/fr\/wp-json\/wp\/v2\/types\/product"}],"replies":[{"embeddable":true,"href":"https:\/\/gpl-love.com\/fr\/wp-json\/wp\/v2\/comments?post=115558"}],"wp:featuredmedia":[{"embeddable":true,"href":"https:\/\/gpl-love.com\/fr\/wp-json\/wp\/v2\/media\/144085"}],"wp:attachment":[{"href":"https:\/\/gpl-love.com\/fr\/wp-json\/wp\/v2\/media?parent=115558"}],"wp:term":[{"taxonomy":"product_brand","embeddable":true,"href":"https:\/\/gpl-love.com\/fr\/wp-json\/wp\/v2\/product_brand?post=115558"},{"taxonomy":"product_cat","embeddable":true,"href":"https:\/\/gpl-love.com\/fr\/wp-json\/wp\/v2\/product_cat?post=115558"},{"taxonomy":"product_tag","embeddable":true,"href":"https:\/\/gpl-love.com\/fr\/wp-json\/wp\/v2\/product_tag?post=115558"}],"curies":[{"name":"wp","href":"https:\/\/api.w.org\/{rel}","templated":true}]}}