{"id":115556,"date":"2024-03-29T00:00:00","date_gmt":"2024-03-28T23:00:00","guid":{"rendered":"http:\/\/gpl-love.com\/fr\/produit\/gravity-forms-mailgun-addon\/"},"modified":"2026-03-20T23:17:57","modified_gmt":"2026-03-20T22:17:57","slug":"gravity-forms-mailgun-addon","status":"publish","type":"product","link":"https:\/\/gpl-love.com\/fr\/produit\/gravity-forms-mailgun-addon\/","title":{"rendered":"Gravity Forms Mailgun Addon 1.4.0"},"content":{"rendered":"<h3>Gravity Forms Mailgun Addon Traits<\/h3>\n<p>Les formulaires de gravit\u00e9 Mailgun Addon, un outil remarquablement robuste, pr\u00e9sente aux utilisateurs la possibilit\u00e9 de d\u00e9p\u00eacher sans effort des notifications par e-mail d\u00e9riv\u00e9es de leurs formulaires de gravit\u00e9. Cet addon particulier s&rsquo;int\u00e8gre de mani\u00e8re transparente avec le fournisseur de services de messagerie Mailgun, permettant ainsi aux utilisateurs de configurer leurs param\u00e8tres de messagerie directement dans la plate-forme des formulaires Gravity. En vertu des capacit\u00e9s formidables de cet addon, les utilisateurs se trouvent capables de transmettre sans effort des e-mails personnalis\u00e9s \u00e0 leurs destinataires pr\u00e9vus, englobant un large \u00e9ventail de formats tels que HTML, texte brut et m\u00eame des e-mails accompagn\u00e9s de pi\u00e8ces jointes. En outre, les utilisateurs ont la capacit\u00e9 de surveiller m\u00e9ticuleusement l&rsquo;\u00e9tat de livraison de leurs e-mails, de scruter les taux de rebond, ainsi que d&rsquo;analyser m\u00e9ticuleusement les performances compl\u00e8tes de leurs e-mails gr\u00e2ce \u00e0 l&#8217;emploi des outils d&rsquo;analyse supr\u00eamement fournis par le mailgun. Dans l&rsquo;ensemble, la gravit\u00e9 forme de l&rsquo;addon Mailgun fonctionne pour rationaliser le processus autrement ardu d&rsquo;envoyer des e-mails, le rendant beaucoup plus efficace, fiable et efficace.<\/p>\n<ul>\n<li>Connecte de mani\u00e8re transparente les formulaires de gravit\u00e9 au service de messagerie Mailgun<\/li>\n<li>Configurer et configurer facilement les notifications et abonnements par e-mail<\/li>\n<li>Permet une personnalisation et une personnalisation avanc\u00e9es des e-mails<\/li>\n<li>Suivi la livraison des e-mails et les taux de rebond pour une meilleure gestion de la campagne de messagerie<\/li>\n<li>S&rsquo;int\u00e9gre au service de validation par e-mail de Mailgun pour une am\u00e9lioration de la d\u00e9livrabilit\u00e9 des e-mails<\/li>\n<li>Livr\u00e9 avec une interface conviviale pour une configuration et une gestion faciles<\/li>\n<li>Fournit une documentation d\u00e9taill\u00e9e et une prise en charge des utilisateurs<\/li>\n<\/ul>\n","protected":false},"excerpt":{"rendered":"<p>Les formulaires de gravit\u00e9 Mailgun Addon, connus pour ses capacit\u00e9s remarquables, sert de ressource inestimable pour les personnes cherchant \u00e0 fusionner de mani\u00e8re transparente leurs formulaires de gravit\u00e9 avec la plate-forme Mailgun. En utilisant cet addon, les utilisateurs acqui\u00e8rent la capacit\u00e9 remarquable pour exp\u00e9dier sans effort les e-mails via Mailgun aux c\u00f4t\u00e9s de leurs soumissions de formulaires de gravit\u00e9. Par cons\u00e9quent, cette int\u00e9gration facilite la collecte exp\u00e9rimentale d&rsquo;informations et favorise une meilleure communication avec les clients. B\u00e9n\u00e9ficiant d&rsquo;une gamme de fonctionnalit\u00e9s remarquables, telles que des notifications de courrier \u00e9lectronique automatis\u00e9es, des m\u00e9canismes de suivi complets et la possibilit\u00e9 de personnaliser les mod\u00e8les de messagerie, les formulaires de gravit\u00e9 Mailgun Addon apparaissent comme la solution ultime pour les entreprises visant \u00e0 optimiser leurs processus de communication. Ne perdez pas de temps et lancez ce voyage transformateur aujourd&rsquo;hui, se pr\u00e9cipitant dans la myriade des avantages de l&rsquo;automatisation des e-mails transparente gr\u00e2ce \u00e0 la combinaison in\u00e9gal\u00e9e de formulaires de gravit\u00e9 et de Mailgun.<\/p>\n","protected":false},"featured_media":144079,"comment_status":"open","ping_status":"open","template":"","meta":[],"product_brand":[2565],"product_cat":[1207,1181,1186],"product_tag":[1275],"class_list":{"0":"post-115556","1":"product","2":"type-product","3":"status-publish","4":"has-post-thumbnail","6":"product_brand-gravityforms","7":"product_cat-commercialisation-wordpress-plugins","8":"product_cat-plugins","9":"product_cat-wordpress-plugins","10":"product_tag-gravityforms","11":"member-discount","12":"discount-restricted","14":"first","15":"instock","16":"sale","17":"downloadable","18":"virtual","19":"sold-individually","20":"purchasable","21":"product-type-simple"},"_links":{"self":[{"href":"https:\/\/gpl-love.com\/fr\/wp-json\/wp\/v2\/product\/115556","targetHints":{"allow":["GET"]}}],"collection":[{"href":"https:\/\/gpl-love.com\/fr\/wp-json\/wp\/v2\/product"}],"about":[{"href":"https:\/\/gpl-love.com\/fr\/wp-json\/wp\/v2\/types\/product"}],"replies":[{"embeddable":true,"href":"https:\/\/gpl-love.com\/fr\/wp-json\/wp\/v2\/comments?post=115556"}],"wp:featuredmedia":[{"embeddable":true,"href":"https:\/\/gpl-love.com\/fr\/wp-json\/wp\/v2\/media\/144079"}],"wp:attachment":[{"href":"https:\/\/gpl-love.com\/fr\/wp-json\/wp\/v2\/media?parent=115556"}],"wp:term":[{"taxonomy":"product_brand","embeddable":true,"href":"https:\/\/gpl-love.com\/fr\/wp-json\/wp\/v2\/product_brand?post=115556"},{"taxonomy":"product_cat","embeddable":true,"href":"https:\/\/gpl-love.com\/fr\/wp-json\/wp\/v2\/product_cat?post=115556"},{"taxonomy":"product_tag","embeddable":true,"href":"https:\/\/gpl-love.com\/fr\/wp-json\/wp\/v2\/product_tag?post=115556"}],"curies":[{"name":"wp","href":"https:\/\/api.w.org\/{rel}","templated":true}]}}