{"id":115554,"date":"2026-02-18T00:00:00","date_gmt":"2026-02-17T23:00:00","guid":{"rendered":"http:\/\/gpl-love.com\/fr\/produit\/gravity-forms-hubspot-addon\/"},"modified":"2026-03-20T23:17:54","modified_gmt":"2026-03-20T22:17:54","slug":"gravity-forms-hubspot-addon","status":"publish","type":"product","link":"https:\/\/gpl-love.com\/fr\/produit\/gravity-forms-hubspot-addon\/","title":{"rendered":"Gravity Forms HubSpot Addon 3.0.2"},"content":{"rendered":"<h3>Gravity Forms HubSpot Addon Traits<\/h3>\n<p>La gravit\u00e9 Forms HubSpot Addon se pr\u00e9sente comme un outil tr\u00e8s puissant, visant \u00e0 rationaliser le processus complexe de collecte et de gestion de donn\u00e9es clients pr\u00e9cieuses. En int\u00e9grant de mani\u00e8re transparente aux formulaires de gravit\u00e9 et \u00e0 HubSpot, cet addon offre une exp\u00e9rience transparente dans la cr\u00e9ation de formulaires personnalis\u00e9s qui capturent sans effort les coordonn\u00e9es essentielles, y compris, mais sans s&rsquo;y limiter, les adresses e-mail, les num\u00e9ros de t\u00e9l\u00e9phone et divers autres d\u00e9tails pertinents. Une fois ces formulaires d\u00fbment soumis, les donn\u00e9es garnies sont rapidement et automatiquement canalis\u00e9es vers votre compte HubSpot, vous fournissant un tr\u00e9sor de possibilit\u00e9s, allant de la mode de campagnes de marketing cibl\u00e9es, surveillant \u00e9troitement les interactions des clients, pour examiner minutieusement les donn\u00e9es avec l&rsquo;intention d&rsquo;optimiser \u00e9troitement votre entreprise. Gr\u00e2ce \u00e0 l&rsquo;addon HubSpot Forms Gravity Forms, non seulement vous pouvez \u00e9conomiser \u00e0 temps et optimiser vos workflows, mais vous pouvez \u00e9galement augmenter la pr\u00e9cision et le calibre de vos donn\u00e9es clients.<\/p>\n<ul>\n<li>Int\u00e9grez de mani\u00e8re transparente les formulaires de gravit\u00e9 avec HubSpot<\/li>\n<li>Automatiser la capture et la gestion du plomb<\/li>\n<li>Fonctionnalit\u00e9 de flux de travail HubSpot am\u00e9lior\u00e9<\/li>\n<li>Rapports et analyses plus pr\u00e9cis<\/li>\n<li>Simplifier les formulaires de site Web et la collecte de donn\u00e9es<\/li>\n<li>Am\u00e9lioration de la collaboration par \u00e9quipe des ventes et marketing<\/li>\n<li>Personnalisez facilement les champs de formulaire pour r\u00e9pondre \u00e0 vos besoins sp\u00e9cifiques<\/li>\n<li>Plus grande efficacit\u00e9 dans le d\u00e9veloppement et le suivi des plombs<\/li>\n<li>Rationalisez votre processus de g\u00e9n\u00e9ration de leads<\/li>\n<li>Aucune comp\u00e9tence de codage requise<\/li>\n<\/ul>\n","protected":false},"excerpt":{"rendered":"<p>L&rsquo;addon HubSpot Forms Gravity s&rsquo;av\u00e8re \u00eatre un outil extr\u00eamement robuste et efficace qui sert \u00e0 rationaliser les processus complexes impliqu\u00e9s \u00e0 la fois dans le marketing et les ventes. En utilisant cet addon, on peut \u00e9tablir sans effort une connexion entre leurs donn\u00e9es de formes de gravit\u00e9 et leur compte HubSpot, automatisant efficacement la t\u00e2che ardue de g\u00e9n\u00e9rer et de g\u00e9rer les prospects. En outre, l&rsquo;addon permet aux utilisateurs d&rsquo;obtenir directement les prospects de leur site Web, d&rsquo;attribuer efficacement des contacts aux \u00e9quipes d\u00e9sign\u00e9es, de diffuser des informations de suivi pertinentes, et bien plus encore. Ind\u00e9pendamment de savoir si l&rsquo;on s&rsquo;identifie comme un sp\u00e9cialiste du marketing, un professionnel des ventes ou un propri\u00e9taire d&rsquo;entreprise, la mise en \u0153uvre de l&rsquo;addon HubSpot Forms Gravity donnera sans aucun doute des \u00e9conomies de temps et d&rsquo;efforts substantielles, tout en favorisant la croissance exponentielle de son entreprise.<\/p>\n","protected":false},"featured_media":144075,"comment_status":"open","ping_status":"open","template":"","meta":[],"product_brand":[2565],"product_cat":[1207,1181,1186],"product_tag":[1275],"class_list":{"0":"post-115554","1":"product","2":"type-product","3":"status-publish","4":"has-post-thumbnail","6":"product_brand-gravityforms","7":"product_cat-commercialisation-wordpress-plugins","8":"product_cat-plugins","9":"product_cat-wordpress-plugins","10":"product_tag-gravityforms","11":"member-discount","12":"discount-restricted","14":"first","15":"instock","16":"sale","17":"downloadable","18":"virtual","19":"sold-individually","20":"purchasable","21":"product-type-simple"},"_links":{"self":[{"href":"https:\/\/gpl-love.com\/fr\/wp-json\/wp\/v2\/product\/115554","targetHints":{"allow":["GET"]}}],"collection":[{"href":"https:\/\/gpl-love.com\/fr\/wp-json\/wp\/v2\/product"}],"about":[{"href":"https:\/\/gpl-love.com\/fr\/wp-json\/wp\/v2\/types\/product"}],"replies":[{"embeddable":true,"href":"https:\/\/gpl-love.com\/fr\/wp-json\/wp\/v2\/comments?post=115554"}],"wp:featuredmedia":[{"embeddable":true,"href":"https:\/\/gpl-love.com\/fr\/wp-json\/wp\/v2\/media\/144075"}],"wp:attachment":[{"href":"https:\/\/gpl-love.com\/fr\/wp-json\/wp\/v2\/media?parent=115554"}],"wp:term":[{"taxonomy":"product_brand","embeddable":true,"href":"https:\/\/gpl-love.com\/fr\/wp-json\/wp\/v2\/product_brand?post=115554"},{"taxonomy":"product_cat","embeddable":true,"href":"https:\/\/gpl-love.com\/fr\/wp-json\/wp\/v2\/product_cat?post=115554"},{"taxonomy":"product_tag","embeddable":true,"href":"https:\/\/gpl-love.com\/fr\/wp-json\/wp\/v2\/product_tag?post=115554"}],"curies":[{"name":"wp","href":"https:\/\/api.w.org\/{rel}","templated":true}]}}