{"id":115552,"date":"2025-05-02T00:00:00","date_gmt":"2025-05-01T22:00:00","guid":{"rendered":"http:\/\/gpl-love.com\/fr\/produit\/gravity-forms-emma-addon\/"},"modified":"2026-03-20T23:17:46","modified_gmt":"2026-03-20T22:17:46","slug":"gravity-forms-emma-addon","status":"publish","type":"product","link":"https:\/\/gpl-love.com\/fr\/produit\/gravity-forms-emma-addon\/","title":{"rendered":"Gravity Forms Emma Addon 1.8.0"},"content":{"rendered":"<h3>Gravity Forms Emma Addon Traits<\/h3>\n<p>La gravit\u00e9 forme Emma Addon appara\u00eet comme un instrument tr\u00e8s puissant, r\u00e9pondant aux besoins des entreprises, en renfor\u00e7ant leurs efforts de marketing par e-mail. Gr\u00e2ce \u00e0 son int\u00e9gration transparente avec Emma, \u200b\u200bun logiciel de marketing par e-mail sophistiqu\u00e9, il permet aux utilisateurs de connecter sans effort leurs donn\u00e9es de formulaires de gravit\u00e9 avec les listes de courriels EMMA. Ce faisant, l&rsquo;addon simplifie consid\u00e9rablement le processus ardu de collecter des informations client vitales et de cr\u00e9er des campagnes de messagerie tr\u00e8s cibl\u00e9es. En outre, la gravit\u00e9 des formulaires Emma Addon permet aux utilisateurs de concevoir sans effort des campagnes de messagerie personnalis\u00e9es, de surveiller efficacement les mesures d&rsquo;engagement et d&rsquo;automatiser efficacement les flux de travail des e-mails. Par cons\u00e9quent, il s&rsquo;agit d&rsquo;un outil indispensable pour les entreprises qui aspirent \u00e0 rationaliser leurs strat\u00e9gies de marketing par e-mail et \u00e0 obtenir des r\u00e9sultats plus favorables.<\/p>\n<ul>\n<li>Int\u00e8gre de mani\u00e8re transparente les formulaires de gravit\u00e9 avec la plateforme de marketing par e-mail Emma<\/li>\n<li>Ajoute automatiquement de nouveaux prospects et contacts \u00e0 votre compte Emma<\/li>\n<li>D\u00e9clencher des campagnes d&rsquo;e-mail automatis\u00e9es en fonction des soumissions d&rsquo;utilisateurs des formulaires de gravit\u00e9<\/li>\n<li>Options d&rsquo;opt-in et d&rsquo;opt-out personnalisables pour les listes de newsletter et de diffusion<\/li>\n<li>Configuration et configuration faciles, aucune connaissance de codage n\u00e9cessaire<\/li>\n<li>Fonctionne avec tous les champs de formulaires de gravit\u00e9, y compris les champs personnalis\u00e9s<\/li>\n<li>Options de cartographie flexibles pour synchroniser les donn\u00e9es de formes de gravit\u00e9 avec Emma Fields<\/li>\n<li>Rapports d\u00e9taill\u00e9s et analyses pour suivre les performances du marketing par e-mail<\/li>\n<li>Conforme au RGPD, avec des options pour les politiques de r\u00e9tention des donn\u00e9es et la gestion du consentement des utilisateurs<\/li>\n<li>\u00c9quipe de support d\u00e9di\u00e9e disponible pour aider \u00e0 tout probl\u00e8me ou questions<\/li>\n<\/ul>\n","protected":false},"excerpt":{"rendered":"<p>Les formulaires Gravity Emma Addon se pr\u00e9sente comme la solution ultime pour les personnes cherchant \u00e0 unifier harmonieusement leurs soumissions de formulaires avec leur logiciel de marketing par e-mail Emma. En tirant parti des capacit\u00e9s de cet addon robuste, les utilisateurs peuvent collecter sans effort une multitude d&rsquo;informations essentielles, y compris des adresses e-mail, des noms et d&rsquo;autres donn\u00e9es inestimables, toutes directement \u00e0 partir de leur site Web, et l&rsquo;int\u00e9grer rapidement dans leur compte Emma. Cette commodit\u00e9 inestimable rationalise les processus, conservant efficacement le temps et les efforts, garantissant finalement que les listes de diffusion restent constamment mises \u00e0 jour et pr\u00e9cises. Que l&rsquo;on se retrouve \u00e0 exploiter une petite entreprise ou \u00e0 se retrouver profond\u00e9ment ancr\u00e9 dans le domaine du marketing, la gravit\u00e9 forme Emma Addon est incontestablement comme un outil indispensable, am\u00e9liorant profond\u00e9ment les efforts de marketing par e-mail.<\/p>\n","protected":false},"featured_media":144066,"comment_status":"open","ping_status":"open","template":"","meta":[],"product_brand":[2565],"product_cat":[1207,1181,1186],"product_tag":[1275],"class_list":{"0":"post-115552","1":"product","2":"type-product","3":"status-publish","4":"has-post-thumbnail","6":"product_brand-gravityforms","7":"product_cat-commercialisation-wordpress-plugins","8":"product_cat-plugins","9":"product_cat-wordpress-plugins","10":"product_tag-gravityforms","11":"member-discount","12":"discount-restricted","14":"first","15":"instock","16":"sale","17":"downloadable","18":"virtual","19":"sold-individually","20":"purchasable","21":"product-type-simple"},"_links":{"self":[{"href":"https:\/\/gpl-love.com\/fr\/wp-json\/wp\/v2\/product\/115552","targetHints":{"allow":["GET"]}}],"collection":[{"href":"https:\/\/gpl-love.com\/fr\/wp-json\/wp\/v2\/product"}],"about":[{"href":"https:\/\/gpl-love.com\/fr\/wp-json\/wp\/v2\/types\/product"}],"replies":[{"embeddable":true,"href":"https:\/\/gpl-love.com\/fr\/wp-json\/wp\/v2\/comments?post=115552"}],"wp:featuredmedia":[{"embeddable":true,"href":"https:\/\/gpl-love.com\/fr\/wp-json\/wp\/v2\/media\/144066"}],"wp:attachment":[{"href":"https:\/\/gpl-love.com\/fr\/wp-json\/wp\/v2\/media?parent=115552"}],"wp:term":[{"taxonomy":"product_brand","embeddable":true,"href":"https:\/\/gpl-love.com\/fr\/wp-json\/wp\/v2\/product_brand?post=115552"},{"taxonomy":"product_cat","embeddable":true,"href":"https:\/\/gpl-love.com\/fr\/wp-json\/wp\/v2\/product_cat?post=115552"},{"taxonomy":"product_tag","embeddable":true,"href":"https:\/\/gpl-love.com\/fr\/wp-json\/wp\/v2\/product_tag?post=115552"}],"curies":[{"name":"wp","href":"https:\/\/api.w.org\/{rel}","templated":true}]}}