{"id":115550,"date":"2026-02-26T00:00:00","date_gmt":"2026-02-25T23:00:00","guid":{"rendered":"http:\/\/gpl-love.com\/fr\/produit\/gravity-forms-dropbox-addon\/"},"modified":"2026-03-20T23:17:46","modified_gmt":"2026-03-20T22:17:46","slug":"gravity-forms-dropbox-addon","status":"publish","type":"product","link":"https:\/\/gpl-love.com\/fr\/produit\/gravity-forms-dropbox-addon\/","title":{"rendered":"Gravity Forms Dropbox Addon 3.3.1"},"content":{"rendered":"<h3>Gravity Forms Dropbox Addon Traits<\/h3>\n<p>L&rsquo;addon Dropbox des formulaires de gravit\u00e9 est un outil indispensable pour les entreprises et les individus qui souhaitent une int\u00e9gration transparente entre leurs formulaires de gravit\u00e9 et leurs comptes Dropbox, facilitant ainsi un flux de travail rationalis\u00e9. Gr\u00e2ce \u00e0 l&rsquo;utilisation de cet addon, les utilisateurs sont dot\u00e9s de la capacit\u00e9 sans effort pour t\u00e9l\u00e9charger sans effort une vaste gamme de fichiers, documents et diverses autres formes de donn\u00e9es qui ont \u00e9t\u00e9 acquises via leurs formulaires de gravit\u00e9, engendrez une transmission rapide de ces donn\u00e9es directement \u00e0 leurs donn\u00e9es directement \u00e0 leurs donn\u00e9es directement \u00e0 leurs donn\u00e9es directement \u00e0 leurs donn\u00e9es directement \u00e0 leurs donn\u00e9es directement \u00e0 leurs donn\u00e9es directement \u00e0 leurs donn\u00e9es directement \u00e0 leurs donn\u00e9es directement \u00e0 leurs donn\u00e9es directement \u00e0 leurs donn\u00e9es directement \u00e0 leurs donn\u00e9es directement \u00e0 leurs donn\u00e9es directement \u00e0 leurs donn\u00e9es directement \u00e0 leurs donn\u00e9es directement \u00e0 leurs donn\u00e9es directement \u00e0 leur Compte dropbox. En raison de ce processus rationalis\u00e9, les utilisateurs ont la commodit\u00e9 d&rsquo;acc\u00e9der \u00e0 leurs donn\u00e9es \u00e0 partir de n&rsquo;importe quel emplacement et \u00e0 tout moment, \u00e9vitant ainsi la n\u00e9cessit\u00e9 de s&rsquo;engager dans des recherches ardues par e-mails ou fichiers locaux. De plus, l&rsquo;addon Dropbox Forms Gravity garantit \u00e9galement l&rsquo;importance primordiale de la s\u00e9curit\u00e9 et de l&rsquo;int\u00e9grit\u00e9 des donn\u00e9es transmises, car Dropbox a impl\u00e9ment\u00e9 une pl\u00e9thore de mesures de s\u00e9curit\u00e9 robustes, y compris le cryptage ainsi que l&rsquo;authentification \u00e0 deux facteurs. Tout bien consid\u00e9r\u00e9, cet addon est une indispensabilit\u00e9 \u00e0 toute personne ou entit\u00e9 qui utilise l&rsquo;utilisation en tandem des formulaires de gravit\u00e9 et de Dropbox, car il simplifie non seulement la gestion des donn\u00e9es, mais favorise \u00e9galement un environnement collaboratif nettement plus efficace.<\/p>\n<ul>\n<li>Int\u00e8gre de mani\u00e8re transparente les formulaires de gravit\u00e9 avec Dropbox<\/li>\n<li>Vous permet de stocker en toute s\u00e9curit\u00e9 toutes les soumissions de formulaires directement dans votre compte Dropbox<\/li>\n<li>Plus d&rsquo;exportation manuelle ou de transferts de fichiers n\u00e9cessaires<\/li>\n<li>Organise automatiquement les soumissions dans des dossiers d\u00e9sign\u00e9s dans votre dropbox<\/li>\n<li>Configuration facile avec des instructions \u00e9tape par \u00e9tape fournies<\/li>\n<li>La synchronisation en temps r\u00e9el garantit que vos donn\u00e9es sont toujours \u00e0 jour<\/li>\n<li>Compatible avec toutes les formes de gravit\u00e9 et les extensions<\/li>\n<li>Offre une flexibilit\u00e9 dans la gestion des noms de fichiers et des formats pour les soumissions de formulaires enregistr\u00e9s<\/li>\n<li>Prix \u200b\u200btransparent avec une seule fois \u00e0 des frais d&rsquo;achat<\/li>\n<li>Support client exceptionnel fourni par l&rsquo;\u00e9quipe des formulaires Gravity<\/li>\n<li>Id\u00e9al pour les entreprises et les organisations ayant besoin de stocker et de g\u00e9rer en toute s\u00e9curit\u00e9 des volumes de grands volumes de formations.<\/li>\n<\/ul>\n","protected":false},"excerpt":{"rendered":"<p>Les formes de gravit\u00e9 Dropbox Addon servent d&rsquo;outil simple, poss\u00e9dant des prouesses importantes, permettant l&rsquo;int\u00e9gration transparente de vos formulaires de gravit\u00e9 avec Dropbox. En vous profitant de cet addon, vous pouvez sans effort amasser et conserver les donn\u00e9es de vos formulaires, les d\u00e9posant directement dans votre compte Dropbox. Par cons\u00e9quent, votre flux de travail est m\u00e9ticuleusement rationalis\u00e9 et les efforts de collaboration sont largement am\u00e9lior\u00e9s. Que vous d\u00e9teniez la position estim\u00e9e d&rsquo;un propri\u00e9taire d&rsquo;entreprise, d&rsquo;un marketing ou d&rsquo;un d\u00e9veloppeur, l&rsquo;addon Dropbox Forms Gravity est sans \u00e9quivoque un instrument indispensable qui facilite la gestion et l&rsquo;organisation efficaces de vos donn\u00e9es.<\/p>\n","protected":false},"featured_media":144065,"comment_status":"open","ping_status":"open","template":"","meta":[],"product_brand":[2565],"product_cat":[1187,1181,1186],"product_tag":[1275],"class_list":{"0":"post-115550","1":"product","2":"type-product","3":"status-publish","4":"has-post-thumbnail","6":"product_brand-gravityforms","7":"product_cat-administration-wordpress-plugins","8":"product_cat-plugins","9":"product_cat-wordpress-plugins","10":"product_tag-gravityforms","11":"member-discount","12":"discount-restricted","14":"first","15":"instock","16":"sale","17":"downloadable","18":"virtual","19":"sold-individually","20":"purchasable","21":"product-type-simple"},"_links":{"self":[{"href":"https:\/\/gpl-love.com\/fr\/wp-json\/wp\/v2\/product\/115550","targetHints":{"allow":["GET"]}}],"collection":[{"href":"https:\/\/gpl-love.com\/fr\/wp-json\/wp\/v2\/product"}],"about":[{"href":"https:\/\/gpl-love.com\/fr\/wp-json\/wp\/v2\/types\/product"}],"replies":[{"embeddable":true,"href":"https:\/\/gpl-love.com\/fr\/wp-json\/wp\/v2\/comments?post=115550"}],"wp:featuredmedia":[{"embeddable":true,"href":"https:\/\/gpl-love.com\/fr\/wp-json\/wp\/v2\/media\/144065"}],"wp:attachment":[{"href":"https:\/\/gpl-love.com\/fr\/wp-json\/wp\/v2\/media?parent=115550"}],"wp:term":[{"taxonomy":"product_brand","embeddable":true,"href":"https:\/\/gpl-love.com\/fr\/wp-json\/wp\/v2\/product_brand?post=115550"},{"taxonomy":"product_cat","embeddable":true,"href":"https:\/\/gpl-love.com\/fr\/wp-json\/wp\/v2\/product_cat?post=115550"},{"taxonomy":"product_tag","embeddable":true,"href":"https:\/\/gpl-love.com\/fr\/wp-json\/wp\/v2\/product_tag?post=115550"}],"curies":[{"name":"wp","href":"https:\/\/api.w.org\/{rel}","templated":true}]}}