{"id":115548,"date":"2025-02-20T00:00:00","date_gmt":"2025-02-19T23:00:00","guid":{"rendered":"http:\/\/gpl-love.com\/fr\/produit\/gravity-forms-aweber-addon\/"},"modified":"2026-03-20T23:17:36","modified_gmt":"2026-03-20T22:17:36","slug":"gravity-forms-aweber-addon","status":"publish","type":"product","link":"https:\/\/gpl-love.com\/fr\/produit\/gravity-forms-aweber-addon\/","title":{"rendered":"Gravity Forms AWeber Addon 4.2.0"},"content":{"rendered":"<h3>Gravity Forms AWeber Addon Traits<\/h3>\n<p>Les formulaires de gravit\u00e9 Aweber Addon, un outil tr\u00e8s efficace, accordent aux entreprises la possibilit\u00e9 d&rsquo;incorporer de mani\u00e8re transparente leurs formulaires de gravit\u00e9 avec Aweber, une plate-forme de marketing par e-mail largement utilis\u00e9e. Gr\u00e2ce \u00e0 l&rsquo;utilisation de cet addon, les utilisateurs sont en mesure d&rsquo;ajouter sans effort les abonn\u00e9s \u00e0 leur liste de diffusion Aweber une fois qu&rsquo;ils ont consciencieusement rempli un formulaire de gravit\u00e9 sur leur site Web respectif. Ce processus d&rsquo;int\u00e9gration simplifi\u00e9 sert \u00e0 \u00e9radiquer la n\u00e9cessit\u00e9 de transf\u00e9rer manuellement les donn\u00e9es entre les deux plates-formes, ce qui permet d&rsquo;\u00e9conomiser un temps et une \u00e9nergie pr\u00e9cieux. En outre, la gravit\u00e9 forme Aweber Addon est \u00e9quip\u00e9e d&rsquo;une pl\u00e9thore d&rsquo;options de personnalisation, offrant aux utilisateurs la possibilit\u00e9 de personnaliser leurs campagnes de marketing par e-mail d&rsquo;une mani\u00e8re qui s&rsquo;aligne harmonieusement avec leurs exigences uniques. Dans l&rsquo;ensemble, cet addon est absolument indispensable pour les entreprises qui cherchent \u00e0 rationaliser leurs efforts de marketing par e-mail et \u00e0 augmenter leur base d&rsquo;abonn\u00e9s.<\/p>\n<ul>\n<li>-Sive int\u00e8gre les formulaires de gravit\u00e9 avec Aweber<\/li>\n<li>-Les bases pour le transfert transparent et automatique des soumissions de formulaires \u00e0 Aweber<\/li>\n<li>-Enables Personnalisation des listes de diffusion en fonction des soumissions de formulaires<\/li>\n<li>-S\u00e9sifie le temps en \u00e9liminant le besoin d&rsquo;une saisie manuelle de donn\u00e9es<\/li>\n<li>-Insure la pr\u00e9cision du transfert de donn\u00e9es entre les plateformes<\/li>\n<li>-Supports Tous les champs de formulaires de gravit\u00e9 et les attributs de liste Aweber<\/li>\n<li>-Povide la flexibilit\u00e9 dans le choix de la liste Aweber pour envoyer des donn\u00e9es<\/li>\n<li>-Offers options avanc\u00e9es pour la cartographie des donn\u00e9es et les champs personnalis\u00e9s<\/li>\n<li>-Pelows pour une configuration et une configuration faciles dans la plate-forme des formulaires de gravit\u00e9<\/li>\n<li>-Durve la communication fiable et efficace entre les formes de gravit\u00e9 et Aweber.<\/li>\n<\/ul>\n","protected":false},"excerpt":{"rendered":"<p>Avec les formulaires de gravit\u00e9 incroyables Aweber Addon, vous pouvez incorporer sans effort vos donn\u00e9es de formulaires de gravit\u00e9 avec Aweber, qui se trouve \u00eatre une plate-forme de marketing par e-mail exceptionnellement \u00e0 la demande. Cet addon remarquable vous donne la capacit\u00e9 d&rsquo;ajouter de mani\u00e8re transparente les abonn\u00e9s \u00e0 vos listes Aweber conform\u00e9ment aux soumissions de formulaires, tout en garantissant que les informations des abonn\u00e9s existantes sont mises \u00e0 jour avec diligence. En mettant en \u0153uvre cette int\u00e9gration robuste, vous rationaliserez efficacement vos efforts de marketing par e-mail et acqu\u00e9rez efficacement des prospects cruciaux qui ont une valeur immense.<\/p>\n","protected":false},"featured_media":144055,"comment_status":"open","ping_status":"open","template":"","meta":[],"product_brand":[2565],"product_cat":[1207,1181,1186],"product_tag":[1275],"class_list":{"0":"post-115548","1":"product","2":"type-product","3":"status-publish","4":"has-post-thumbnail","6":"product_brand-gravityforms","7":"product_cat-commercialisation-wordpress-plugins","8":"product_cat-plugins","9":"product_cat-wordpress-plugins","10":"product_tag-gravityforms","11":"member-discount","12":"discount-restricted","14":"first","15":"instock","16":"sale","17":"downloadable","18":"virtual","19":"sold-individually","20":"purchasable","21":"product-type-simple"},"_links":{"self":[{"href":"https:\/\/gpl-love.com\/fr\/wp-json\/wp\/v2\/product\/115548","targetHints":{"allow":["GET"]}}],"collection":[{"href":"https:\/\/gpl-love.com\/fr\/wp-json\/wp\/v2\/product"}],"about":[{"href":"https:\/\/gpl-love.com\/fr\/wp-json\/wp\/v2\/types\/product"}],"replies":[{"embeddable":true,"href":"https:\/\/gpl-love.com\/fr\/wp-json\/wp\/v2\/comments?post=115548"}],"wp:featuredmedia":[{"embeddable":true,"href":"https:\/\/gpl-love.com\/fr\/wp-json\/wp\/v2\/media\/144055"}],"wp:attachment":[{"href":"https:\/\/gpl-love.com\/fr\/wp-json\/wp\/v2\/media?parent=115548"}],"wp:term":[{"taxonomy":"product_brand","embeddable":true,"href":"https:\/\/gpl-love.com\/fr\/wp-json\/wp\/v2\/product_brand?post=115548"},{"taxonomy":"product_cat","embeddable":true,"href":"https:\/\/gpl-love.com\/fr\/wp-json\/wp\/v2\/product_cat?post=115548"},{"taxonomy":"product_tag","embeddable":true,"href":"https:\/\/gpl-love.com\/fr\/wp-json\/wp\/v2\/product_tag?post=115548"}],"curies":[{"name":"wp","href":"https:\/\/api.w.org\/{rel}","templated":true}]}}