{"id":115534,"date":"2026-03-25T00:00:00","date_gmt":"2026-03-24T23:00:00","guid":{"rendered":"http:\/\/gpl-love.com\/fr\/produit\/lumise-product-designer-pour-woocommerce-wordpress\/"},"modified":"2026-03-25T23:30:44","modified_gmt":"2026-03-25T22:30:44","slug":"lumise-product-designer-pour-woocommerce-wordpress","status":"publish","type":"product","link":"https:\/\/gpl-love.com\/fr\/produit\/lumise-product-designer-pour-woocommerce-wordpress\/","title":{"rendered":"Lumise Product Designer pour WooCommerce WordPress 2.1.0"},"content":{"rendered":"<h3>Lumise Product Designer pour WooCommerce WordPress Traits<\/h3>\n<p>Lumise Product Designer pour WooCommerce WordPress est un outil incroyablement robuste et puissant qui permet aux propri\u00e9taires de magasins en ligne de fournir une exp\u00e9rience de conception de produits in\u00e9gal\u00e9e et vraiment personnalisable \u00e0 leurs clients estim\u00e9s. Gr\u00e2ce \u00e0 l&rsquo;utilisation de Lumise, les clients ont l&rsquo;occasion exceptionnelle de cr\u00e9er et de fa\u00e7onner leurs propres designs distinctifs et exclusifs sur une vaste gamme de produits, passant des t-shirts \u00e0 la mode aux tasses chics, et m\u00eame \u00e0 des \u00e9tuis t\u00e9l\u00e9phoniques \u00e9l\u00e9gants, parmi de nombreux autres atolibles Options. De plus, ce logiciel innovant et adapt\u00e9 aux utilisateurs fusionne harmonieusement et s&rsquo;int\u00e8gre de mani\u00e8re transparente \u00e0 WooCommerce, ce qui le rend un ajout extr\u00eamement pr\u00e9cieux et indispensable \u00e0 toute boutique en ligne exigeante. Il convient de noter que Lumise poss\u00e8de une myriade de fonctionnalit\u00e9s remarquables et indispensables, y compris, mais sans s&rsquo;y limiter -temps car il est minutieusement ramen\u00e9 \u00e0 la vie. Par cons\u00e9quent, il devient clairement clair que Lumise autorise efficacement les propri\u00e9taires de magasins en ligne \u00e0 \u00e9lever remarquablement leurs niveaux d&rsquo;engagement client et, en cons\u00e9quence, \u00e0 \u00e9lever \u00e9galement leurs ventes, en les donnant une capacit\u00e9 in\u00e9gal\u00e9e \u00e0 offrir une exp\u00e9rience d&rsquo;achat enchanteresse et personnalis\u00e9e qui les distingue efficacement efficacement de leurs homologues et concurrents dans le paysage du commerce \u00e9lectronique vaste et farouchement comp\u00e9titif.<\/p>\n<ul>\n<li>Offre un outil de conception interactif et convivial pour la personnalisation et la personnalisation des produits sur un site Web WooCommerce WordPress<\/li>\n<li>Fournit aux clients un large \u00e9ventail de mod\u00e8les de conception, de graphiques et d&rsquo;options de texte \u00e0 choisir pour cr\u00e9er des produits uniques<\/li>\n<li>Permet un t\u00e9l\u00e9chargement facile de propres images et logo<\/li>\n<li>Permet le rendu en temps r\u00e9el de produits personnalis\u00e9s avec vue 3D, zoomez \/ out et aper\u00e7u \u00e0 360 degr\u00e9s<\/li>\n<li>Prend en charge plusieurs types de produits tels que des t-shirts, des tasses, des \u00e9tuis de t\u00e9l\u00e9phone et plus encore<\/li>\n<li>S&rsquo;int\u00e8gre \u00e0 WooCommerce pour la gestion et la r\u00e9alisation des commandes transparentes<\/li>\n<li>Option pour les clients pour enregistrer des conceptions pour une utilisation future ou partager des conceptions sur les r\u00e9seaux sociaux<\/li>\n<li>Prend en charge la traduction multilingue pour les entreprises mondiales<\/li>\n<li>Fournit une analyse d\u00e9taill\u00e9e de la popularit\u00e9 de la conception et du taux de conversion des commandes pour des informations sur le comportement des clients et les performances du produit<\/li>\n<\/ul>\n","protected":false},"excerpt":{"rendered":"<p>Lumise Product Designer pour WooCommerce WordPress est un outil de conception en ligne exceptionnellement robuste et riche en fonctionnalit\u00e9s qui accorde aux clients la libert\u00e9 et la flexibilit\u00e9 in\u00e9gal\u00e9es \u00e0 la mode et \u00e0 l&rsquo;adaptation sans effort et \u00e0 la tailleur de leurs propres produits personnalis\u00e9s gr\u00e2ce \u00e0 l&rsquo;utilisation sans effort d&rsquo;un \u00e9diteur de glisser-d\u00e9poser intuitif . En int\u00e9grant de mani\u00e8re transparente ce plugin dans votre plate-forme WooCommerce, vous pouvez offrir efficacement et efficacement votre client\u00e8le estim\u00e9e l&rsquo;opportunit\u00e9 et la capacit\u00e9 incroyablement attrayantes pour insuffler sans faillite et sans effort leur propre touche et leur essence. et incorporant parfaitement du texte personnalis\u00e9. Le r\u00e9sultat final est un produit unique et totalement exclusif qui est m\u00e9ticuleusement et complexe et m\u00e9ticuleusement personnalis\u00e9 par le client estim\u00e9 lui-m\u00eame, ce qui le rend un chef-d&rsquo;\u0153uvre absolument captivant et inimitable. Ce magnifique produit tr\u00e8s recherch\u00e9 peut \u00eatre ajout\u00e9 de mani\u00e8re transparente \u00e0 leur panier virtuel et finalement achet\u00e9 et acquis par l&rsquo;utilisation de votre estimation de la boutique WooCommerce. C&rsquo;est un imp\u00e9ratif sans \u00e9quivoque que vous saisissez cette opportunit\u00e9 en or pour \u00e9lever et augmenter l&rsquo;attrait global et l&rsquo;efficacit\u00e9 de votre entreprise de commerce \u00e9lectronique en mettant rapidement en \u0153uvre et en adoptant rapidement les capacit\u00e9s et les fonctionnalit\u00e9s extraordinaires et in\u00e9gal\u00e9es qui luminent sans aucun doute et avec ferm\u00e9e concepteur de produits. Percez plus de temps et embellissez et am\u00e9liorez votre entreprise de commerce \u00e9lectronique avec la merveille in\u00e9gal\u00e9e et exceptionnelle qui est le concepteur de produits LUMIS aujourd&rsquo;hui lui-m\u00eame.<\/p>\n","protected":false},"featured_media":144401,"comment_status":"open","ping_status":"open","template":"","meta":[],"product_brand":[2435],"product_cat":[1182,1223,1181],"product_tag":[1231],"class_list":{"0":"post-115534","1":"product","2":"type-product","3":"status-publish","4":"has-post-thumbnail","6":"product_brand-codecanyon","7":"product_cat-commerce-electronique-plugins","8":"product_cat-personnalisation-commerce-electronique-plugins","9":"product_cat-plugins","10":"product_tag-codecanyon","11":"member-discount","12":"discount-restricted","14":"first","15":"instock","16":"sale","17":"downloadable","18":"virtual","19":"sold-individually","20":"purchasable","21":"product-type-simple"},"_links":{"self":[{"href":"https:\/\/gpl-love.com\/fr\/wp-json\/wp\/v2\/product\/115534","targetHints":{"allow":["GET"]}}],"collection":[{"href":"https:\/\/gpl-love.com\/fr\/wp-json\/wp\/v2\/product"}],"about":[{"href":"https:\/\/gpl-love.com\/fr\/wp-json\/wp\/v2\/types\/product"}],"replies":[{"embeddable":true,"href":"https:\/\/gpl-love.com\/fr\/wp-json\/wp\/v2\/comments?post=115534"}],"wp:featuredmedia":[{"embeddable":true,"href":"https:\/\/gpl-love.com\/fr\/wp-json\/wp\/v2\/media\/144401"}],"wp:attachment":[{"href":"https:\/\/gpl-love.com\/fr\/wp-json\/wp\/v2\/media?parent=115534"}],"wp:term":[{"taxonomy":"product_brand","embeddable":true,"href":"https:\/\/gpl-love.com\/fr\/wp-json\/wp\/v2\/product_brand?post=115534"},{"taxonomy":"product_cat","embeddable":true,"href":"https:\/\/gpl-love.com\/fr\/wp-json\/wp\/v2\/product_cat?post=115534"},{"taxonomy":"product_tag","embeddable":true,"href":"https:\/\/gpl-love.com\/fr\/wp-json\/wp\/v2\/product_tag?post=115534"}],"curies":[{"name":"wp","href":"https:\/\/api.w.org\/{rel}","templated":true}]}}