{"id":115532,"date":"2021-05-27T00:00:00","date_gmt":"2021-05-26T22:00:00","guid":{"rendered":"http:\/\/gpl-love.com\/fr\/produit\/vizeon-business-consulting-wordpress-themes\/"},"modified":"2026-04-10T18:45:09","modified_gmt":"2026-04-10T16:45:09","slug":"vizeon-business-consulting-wordpress-themes","status":"publish","type":"product","link":"https:\/\/gpl-love.com\/fr\/produit\/vizeon-business-consulting-wordpress-themes\/","title":{"rendered":"Vizeon Business Consulting WordPress Themes 1.0.2"},"content":{"rendered":"<h3>Vizeon Business Consulting WordPress Themes Traits<\/h3>\n<p>Les th\u00e8mes WordPress de consultation de Vizeon Business offrent une solution robuste aux entreprises qui ont besoin d&rsquo;un site Web de conseil. Ces th\u00e8mes poss\u00e8dent une apparence polie et professionnelle, captivant imm\u00e9diatement l&rsquo;attention d&rsquo;une client\u00e8le potentielle. Offrant une pl\u00e9thore d&rsquo;options personnalisables, les utilisateurs sont en mesure de fa\u00e7onner sans effort un site Web \u00e0 la fois unique et adapt\u00e9 \u00e0 leurs besoins sp\u00e9cifiques. Que l&rsquo;intention soit de pr\u00e9senter des services, de mettre l&rsquo;accent sur les membres de l&rsquo;\u00e9quipe ou de partager des triomphes, les th\u00e8mes WordPress de Vizeon Business Consulting ont toutes les bases couvertes. De plus, ces th\u00e8mes ont \u00e9t\u00e9 m\u00e9ticuleusement optimis\u00e9s pour les appareils mobiles, garantissant une exp\u00e9rience visuellement attrayante et transparente sur les \u00e9crans de dimensions variables. En exploitant la puissance des th\u00e8mes WordPress de consultation de Vizeon Consulting, les entreprises peuvent \u00e9tablir une pr\u00e9sence en ligne commandante, attirant et attirant efficacement de nouveaux clients.<\/p>\n<ul>\n<li>Design professionnel et moderne pour les soci\u00e9t\u00e9s de conseil<\/li>\n<li>Disposition r\u00e9active pour une visualisation optimale sur tous les appareils<\/li>\n<li>Formulaires de contact int\u00e9gr\u00e9s et sections de rendez-vous pour une communication client facile<\/li>\n<li>Pages pr\u00e9-faites pour les services, les membres de l&rsquo;\u00e9quipe, les \u00e9tudes de cas et plus<\/li>\n<li>Sch\u00e9mas de couleurs personnalisables et options de typographie pour correspondre \u00e0 l&rsquo;identit\u00e9 de la marque<\/li>\n<li>Compatible avec une vari\u00e9t\u00e9 de plugins WordPress utiles, tels que WooCommerce et Yoast SEO<\/li>\n<li>Panneau d&rsquo;options de th\u00e8me facile \u00e0 utiliser pour la personnalisation et la maintenance sans effort<\/li>\n<li>Mises \u00e0 jour r\u00e9guli\u00e8res et soutien d\u00e9di\u00e9 de l&rsquo;\u00e9quipe vizeon<\/li>\n<li>Prix \u200b\u200bcomp\u00e9titifs avec plusieurs options de package disponibles<\/li>\n<li>Excellentes notes des utilisateurs et commentaires des clients de clients satisfaits.<\/li>\n<\/ul>\n","protected":false},"excerpt":{"rendered":"<p>Les th\u00e8mes WordPress de consultation de Vizeon Business pr\u00e9sentent une solution impeccable pour les entreprises aspirant \u00e0 \u00e9tablir une pr\u00e9sence en ligne sophistiqu\u00e9e et cr\u00e9dible, r\u00e9pondant aux besoins exigeants de diverses entreprises de conseil avec leur conception \u00e9l\u00e9gante et leur fonctionnalit\u00e9 multiforme. Ces th\u00e8mes adoptent une personnalisation compl\u00e8te pour assurer un ajustement sur mesure, permettant aux soci\u00e9t\u00e9s de planification financi\u00e8re, aux conseillers en marketing et aux agences de conseil en gestion de d\u00e9couvrir un th\u00e8me qui s&rsquo;aligne parfaitement sur leur identit\u00e9 de marque et leurs pr\u00e9f\u00e9rences stylistiques distinctes. Embarquez dans un voyage de potentiel et d&rsquo;adaptabilit\u00e9 in\u00e9gal\u00e9s en adoptant les capacit\u00e9s dominantes de WordPress, harmonieusement int\u00e9gr\u00e9es dans les th\u00e8mes de consultation commerciale de Vizeon.<\/p>\n","protected":false},"featured_media":145727,"comment_status":"open","ping_status":"open","template":"","meta":[],"product_brand":[2433],"product_cat":[1516,1212,1213],"product_tag":[1366],"class_list":{"0":"post-115532","1":"product","2":"type-product","3":"status-publish","4":"has-post-thumbnail","6":"product_brand-themeforest","7":"product_cat-entreprise","8":"product_cat-themes","9":"product_cat-wordpress-themes","10":"product_tag-themeforest","11":"member-discount","12":"discount-restricted","14":"first","15":"instock","16":"sale","17":"downloadable","18":"virtual","19":"sold-individually","20":"purchasable","21":"product-type-simple"},"_links":{"self":[{"href":"https:\/\/gpl-love.com\/fr\/wp-json\/wp\/v2\/product\/115532","targetHints":{"allow":["GET"]}}],"collection":[{"href":"https:\/\/gpl-love.com\/fr\/wp-json\/wp\/v2\/product"}],"about":[{"href":"https:\/\/gpl-love.com\/fr\/wp-json\/wp\/v2\/types\/product"}],"replies":[{"embeddable":true,"href":"https:\/\/gpl-love.com\/fr\/wp-json\/wp\/v2\/comments?post=115532"}],"wp:featuredmedia":[{"embeddable":true,"href":"https:\/\/gpl-love.com\/fr\/wp-json\/wp\/v2\/media\/145727"}],"wp:attachment":[{"href":"https:\/\/gpl-love.com\/fr\/wp-json\/wp\/v2\/media?parent=115532"}],"wp:term":[{"taxonomy":"product_brand","embeddable":true,"href":"https:\/\/gpl-love.com\/fr\/wp-json\/wp\/v2\/product_brand?post=115532"},{"taxonomy":"product_cat","embeddable":true,"href":"https:\/\/gpl-love.com\/fr\/wp-json\/wp\/v2\/product_cat?post=115532"},{"taxonomy":"product_tag","embeddable":true,"href":"https:\/\/gpl-love.com\/fr\/wp-json\/wp\/v2\/product_tag?post=115532"}],"curies":[{"name":"wp","href":"https:\/\/api.w.org\/{rel}","templated":true}]}}