{"id":115527,"date":"2024-09-27T00:00:00","date_gmt":"2024-09-26T22:00:00","guid":{"rendered":"http:\/\/gpl-love.com\/fr\/produit\/wp-setup-wizard\/"},"modified":"2026-03-20T23:50:40","modified_gmt":"2026-03-20T22:50:40","slug":"wp-setup-wizard","status":"publish","type":"product","link":"https:\/\/gpl-love.com\/fr\/produit\/wp-setup-wizard\/","title":{"rendered":"WP Setup Wizard 1.0.9"},"content":{"rendered":"<h3>WP Setup Wizard Traits<\/h3>\n<p>L&rsquo;assistant de configuration WP, un outil incroyablement puissant, a \u00e9t\u00e9 m\u00e9ticuleusement con\u00e7u dans le but de simplifier et d&rsquo;acc\u00e9l\u00e9rer le processus de configuration des sites Web WordPress. En utilisant une interface conviviale et intuitive, cet outil guide parfaitement les utilisateurs \u00e0 travers chaque \u00e9tape du processus d&rsquo;installation. Gr\u00e2ce \u00e0 l&rsquo;assistant de configuration WP, les utilisateurs peuvent configurer sans effort et rapidement leur installation WordPress, \u00e9tablir les param\u00e8tres fondamentaux de leur site et installer de mani\u00e8re transparente les plugins et th\u00e8mes essentiels. Cet outil s&rsquo;av\u00e8re particuli\u00e8rement avantageux pour les personnes qui sont des novices dans le domaine de WordPress ou qui ont besoin de mettre en place efficacement et rapidement plusieurs sites. Que l&rsquo;on ait l&rsquo;intention de fa\u00e7onner un blog personnel ou de se lancer dans le d\u00e9veloppement d&rsquo;un site de commerce \u00e9lectronique complexe, l&rsquo;assistant de configuration WP sert de ressource inestimable, capable de propulser celui de la r\u00e9alisation d&rsquo;un site WordPress enti\u00e8rement fonctionnel dans un court terme impressivement court lacet de temps.<\/p>\n<ul>\n<li>Installation rapide et facile de WordPress<\/li>\n<li>Processus de configuration rationalis\u00e9 pour les d\u00e9butants et les utilisateurs exp\u00e9riment\u00e9s<\/li>\n<li>Param\u00e8tres personnalisables pour adapter votre installation \u00e0 vos besoins<\/li>\n<li>Options pour configurer automatiquement les plugins et th\u00e8mes essentiels<\/li>\n<li>Cr\u00e9ation automatique de la base de donn\u00e9es WordPress et des fichiers de configuration<\/li>\n<li>Interface conviviale avec des instructions claires \u00e9tape par \u00e9tape<\/li>\n<li>Solution de sauvetage pour la configuration de plusieurs sites WordPress<\/li>\n<li>Compatibilit\u00e9 avec la plupart des fournisseurs d&rsquo;h\u00e9bergement Web<\/li>\n<li>Acc\u00e8s aux ressources de support et de d\u00e9pannage<\/li>\n<li>\u00c9limine le besoin d&rsquo;installation manuelle et de configuration de WordPress<\/li>\n<\/ul>\n","protected":false},"excerpt":{"rendered":"<p>L&rsquo;assistant de configuration WP, un outil incroyablement robuste, se pr\u00e9sente comme un atout primordial en ce qui concerne la facilitation de la proc\u00e9dure complexe d&rsquo;\u00e9tablir un site Web WordPress. Cet outil extraordinaire optimise et acc\u00e9l\u00e8re le processus d&rsquo;installation en configurant habilement des param\u00e8tres fondamentaux et en incorporant efficacement tous les plugins et th\u00e8mes indispensables. Dans une question de quelques clics sans effort, vous pouvez sans effort en exister un site Web de fonctionnement impeccablement en place et op\u00e9rationnel. L&rsquo;assistant de configuration WP, avec ses capacit\u00e9s remarquables, fait de la cr\u00e9ation de sites Web un g\u00e2teau absolu, s&rsquo;adressant \u00e9galement aux n\u00e9ophytes et aux d\u00e9veloppeurs assaisonn\u00e9s.<\/p>\n","protected":false},"featured_media":146207,"comment_status":"open","ping_status":"open","template":"","meta":[],"product_brand":[2435],"product_cat":[1187,1181,1186],"product_tag":[1231],"class_list":{"0":"post-115527","1":"product","2":"type-product","3":"status-publish","4":"has-post-thumbnail","6":"product_brand-codecanyon","7":"product_cat-administration-wordpress-plugins","8":"product_cat-plugins","9":"product_cat-wordpress-plugins","10":"product_tag-codecanyon","11":"member-discount","12":"discount-restricted","14":"first","15":"instock","16":"sale","17":"downloadable","18":"virtual","19":"sold-individually","20":"purchasable","21":"product-type-simple"},"_links":{"self":[{"href":"https:\/\/gpl-love.com\/fr\/wp-json\/wp\/v2\/product\/115527","targetHints":{"allow":["GET"]}}],"collection":[{"href":"https:\/\/gpl-love.com\/fr\/wp-json\/wp\/v2\/product"}],"about":[{"href":"https:\/\/gpl-love.com\/fr\/wp-json\/wp\/v2\/types\/product"}],"replies":[{"embeddable":true,"href":"https:\/\/gpl-love.com\/fr\/wp-json\/wp\/v2\/comments?post=115527"}],"wp:featuredmedia":[{"embeddable":true,"href":"https:\/\/gpl-love.com\/fr\/wp-json\/wp\/v2\/media\/146207"}],"wp:attachment":[{"href":"https:\/\/gpl-love.com\/fr\/wp-json\/wp\/v2\/media?parent=115527"}],"wp:term":[{"taxonomy":"product_brand","embeddable":true,"href":"https:\/\/gpl-love.com\/fr\/wp-json\/wp\/v2\/product_brand?post=115527"},{"taxonomy":"product_cat","embeddable":true,"href":"https:\/\/gpl-love.com\/fr\/wp-json\/wp\/v2\/product_cat?post=115527"},{"taxonomy":"product_tag","embeddable":true,"href":"https:\/\/gpl-love.com\/fr\/wp-json\/wp\/v2\/product_tag?post=115527"}],"curies":[{"name":"wp","href":"https:\/\/api.w.org\/{rel}","templated":true}]}}