{"id":115525,"date":"2025-06-03T00:00:00","date_gmt":"2025-06-02T22:00:00","guid":{"rendered":"http:\/\/gpl-love.com\/fr\/produit\/wooevents-calendar-et-event-booking-plugin\/"},"modified":"2026-03-20T23:48:40","modified_gmt":"2026-03-20T22:48:40","slug":"wooevents-calendar-et-event-booking-plugin","status":"publish","type":"product","link":"https:\/\/gpl-love.com\/fr\/produit\/wooevents-calendar-et-event-booking-plugin\/","title":{"rendered":"WooEvents Calendar et Event Booking Plugin 4.1.6"},"content":{"rendered":"<h3>WooEvents Calendar et Event Booking Plugin Traits<\/h3>\n<p>Le plugin de calendrier et de r\u00e9servation d&rsquo;\u00e9v\u00e9nements WoOevents est un outil incroyablement robuste et efficace m\u00e9ticuleusement con\u00e7u pour r\u00e9pondre aux besoins des organisateurs d&rsquo;\u00e9v\u00e9nements et des entreprises en g\u00e9rant sans effort leurs \u00e9v\u00e9nements et r\u00e9servations. Son interface remarquablement conviviale associ\u00e9e \u00e0 sa vaste gamme de fonctionnalit\u00e9s permet aux utilisateurs de cr\u00e9er et de publier sans effort des \u00e9v\u00e9nements, de mettre en place des proc\u00e9dures de billetterie et d&rsquo;enregistrement et d&rsquo;administrer de mani\u00e8re transparente les listes des participants. Le plugin s&rsquo;int\u00e8gre harmonieusement \u00e0 la plate-forme WooCommerce acclam\u00e9e, \u00e9quipant ainsi les utilisateurs de la possibilit\u00e9 d&rsquo;accepter les paiements, d&rsquo;\u00e9mettre sans effort les remboursements et de g\u00e9n\u00e9rer de mani\u00e8re approfondie des factures pour leurs \u00e9v\u00e9nements. De plus, il fournit une gamme de mod\u00e8les d&rsquo;\u00e9v\u00e9nements personnalisables, de notifications par e-mail et d&rsquo;options de partage social m\u00e9ticuleusement con\u00e7ues pour aider avec diligence les entreprises \u00e0 promouvoir leurs \u00e9v\u00e9nements et \u00e0 s&rsquo;engager activement avec les participants. Sans aucun doute, la facilit\u00e9 et l&rsquo;efficacit\u00e9 in\u00e9gal\u00e9es offertes par le calendrier et le plugin de r\u00e9servation d&rsquo;\u00e9v\u00e9nements WoOevents ont r\u00e9volutionn\u00e9 le domaine de la gestion des \u00e9v\u00e9nements.<\/p>\n<ul>\n<li>Calendrier complet des \u00e9v\u00e9nements en vedette pour les sites Web WordPress<\/li>\n<li>Cr\u00e9ation d&rsquo;\u00e9v\u00e9nements faciles avec des champs personnalisables<\/li>\n<li>Inscription d&rsquo;\u00e9v\u00e9nements et options de billetterie pour les \u00e9v\u00e9nements payants et gratuits<\/li>\n<li>Capacit\u00e9 \u00e0 d\u00e9finir des \u00e9v\u00e9nements de plusieurs jours et des \u00e9v\u00e9nements r\u00e9currents<\/li>\n<li>Int\u00e9gration avec des passerelles de paiement populaires telles que PayPal et Stripe<\/li>\n<li>Notifications par e-mail personnalisables pour les inscriptions d&rsquo;\u00e9v\u00e9nements et les ventes de billets<\/li>\n<li>Conception r\u00e9active pour la visualisation des mobiles et des tablettes<\/li>\n<li>Prise en charge multi-langues pour les publics mondiaux<\/li>\n<li>Rapports et analyses robustes pour le suivi de la fr\u00e9quentation et des revenus<\/li>\n<li>Compatible avec la plupart des th\u00e8mes et plugins WordPress.<\/li>\n<\/ul>\n","protected":false},"excerpt":{"rendered":"<p>Wooevents, un calendrier exceptionnellement robuste et un plugin de r\u00e9servation d&rsquo;\u00e9v\u00e9nements, fusionne parfaitement avec WooCommerce, permettant une int\u00e9gration transparente. Cet outil ph\u00e9nom\u00e9nal vous permet de fabriquer et de superviser sans effort des \u00e9v\u00e9nements, des r\u00e9servations et des ventes de billets, le tout sous l&rsquo;\u00e9gide de votre site WordPress. La cerise sur le dessus? La fourniture de listes d&rsquo;\u00e9v\u00e9nements personnalisables et de formulaires de r\u00e9servation, vous permettant de gouverner sans effort vos \u00e9v\u00e9nements et d&rsquo;optimiser l&rsquo;efficacit\u00e9 de votre processus d&rsquo;enregistrement. De plus, ce plugin extraordinaire comprend une gamme diversifi\u00e9e de fonctionnalit\u00e9s de pointe, y compris, mais sans s&rsquo;y limiter, les notifications par e-mail, les codes de r\u00e9duction et l&rsquo;int\u00e9gration de diverses options de paiement. Avec sa pure polyvalence, Wooevents s&rsquo;av\u00e8re \u00eatre la solution ultime pour les entreprises, les organisations et les individus, qui recherchent une plate-forme compl\u00e8te pour planifier et superviser efficacement leurs \u00e9v\u00e9nements dans le domaine num\u00e9rique.<\/p>\n","protected":false},"featured_media":146082,"comment_status":"open","ping_status":"open","template":"","meta":[],"product_brand":[2435],"product_cat":[1182,1223,1181],"product_tag":[1231],"class_list":{"0":"post-115525","1":"product","2":"type-product","3":"status-publish","4":"has-post-thumbnail","6":"product_brand-codecanyon","7":"product_cat-commerce-electronique-plugins","8":"product_cat-personnalisation-commerce-electronique-plugins","9":"product_cat-plugins","10":"product_tag-codecanyon","11":"member-discount","12":"discount-restricted","14":"first","15":"instock","16":"sale","17":"downloadable","18":"virtual","19":"sold-individually","20":"purchasable","21":"product-type-simple"},"_links":{"self":[{"href":"https:\/\/gpl-love.com\/fr\/wp-json\/wp\/v2\/product\/115525","targetHints":{"allow":["GET"]}}],"collection":[{"href":"https:\/\/gpl-love.com\/fr\/wp-json\/wp\/v2\/product"}],"about":[{"href":"https:\/\/gpl-love.com\/fr\/wp-json\/wp\/v2\/types\/product"}],"replies":[{"embeddable":true,"href":"https:\/\/gpl-love.com\/fr\/wp-json\/wp\/v2\/comments?post=115525"}],"wp:featuredmedia":[{"embeddable":true,"href":"https:\/\/gpl-love.com\/fr\/wp-json\/wp\/v2\/media\/146082"}],"wp:attachment":[{"href":"https:\/\/gpl-love.com\/fr\/wp-json\/wp\/v2\/media?parent=115525"}],"wp:term":[{"taxonomy":"product_brand","embeddable":true,"href":"https:\/\/gpl-love.com\/fr\/wp-json\/wp\/v2\/product_brand?post=115525"},{"taxonomy":"product_cat","embeddable":true,"href":"https:\/\/gpl-love.com\/fr\/wp-json\/wp\/v2\/product_cat?post=115525"},{"taxonomy":"product_tag","embeddable":true,"href":"https:\/\/gpl-love.com\/fr\/wp-json\/wp\/v2\/product_tag?post=115525"}],"curies":[{"name":"wp","href":"https:\/\/api.w.org\/{rel}","templated":true}]}}