{"id":115521,"date":"2024-03-12T00:00:00","date_gmt":"2024-03-11T23:00:00","guid":{"rendered":"http:\/\/gpl-love.com\/fr\/produit\/woocommerce-attach-me\/"},"modified":"2026-04-10T18:46:07","modified_gmt":"2026-04-10T16:46:07","slug":"woocommerce-attach-me","status":"publish","type":"product","link":"https:\/\/gpl-love.com\/fr\/produit\/woocommerce-attach-me\/","title":{"rendered":"WooCommerce Attach Me 25.4"},"content":{"rendered":"<h3>WooCommerce Attach Me Traits<\/h3>\n<p>WooCommerce attach\u00e9 me s&rsquo;av\u00e8re \u00eatre un plugin incroyablement puissant qui facilite efficacement la pi\u00e8ce jointe transparente des fichiers \u00e0 vos produits WooCommerce. Ce plugin exceptionnel vous permet de t\u00e9l\u00e9charger et de joindre sans effort divers fichiers, y compris des images de produits et des manuels d&rsquo;utilisation, \u00e0 tout produit de votre vaste boutique WooCommerce. De plus, vous poss\u00e9dez la possibilit\u00e9 d&rsquo;\u00e9tablir des autorisations d&rsquo;acc\u00e8s sp\u00e9cifiques pour chaque fichier, garantissant ainsi que seuls les clients m\u00e9ritants ont acc\u00e8s aux fichiers appropri\u00e9s. De plus, l&rsquo;interface conviviale et intuitivement con\u00e7ue de la conception de WooCommerce me joignent contribuent \u00e0 son accessibilit\u00e9 globale, ce qui le rend \u00e9tonnamment facile \u00e0 naviguer, m\u00eame pour les personnes nouvelles sur la plate-forme. Par cons\u00e9quent, que vous vous trouviez n\u00e9cessitant la pi\u00e8ce jointe des fichiers aux produits num\u00e9riques, aux produits physiques ou \u00e0 tout produit qui se situe quelque part entre les deux, WooCommerce Mets Me offre une solution id\u00e9ale et compl\u00e8te qui r\u00e9pond parfaitement aux besoins et aux exigences uniques de vos estim\u00e9s Magasin WooCommerce.<\/p>\n<ul>\n<li>Joindre facilement des fichiers aux commandes et produits WooCommerce<\/li>\n<li>Permet aux clients de t\u00e9l\u00e9charger des fichiers directement sur leurs commandes<\/li>\n<li>Prend en charge un large \u00e9ventail de types de fichiers, y compris des images, des PDF et des documents<\/li>\n<li>Ajoute automatiquement des fichiers joints pour commander des e-mails de confirmation<\/li>\n<li>Fournit un moyen pratique pour les clients de partager des illustrations ou des fichiers de conception pour les produits personnalis\u00e9s<\/li>\n<li>Rationalise la communication entre les clients et les vendeurs en conservant tous les fichiers et notes en un seul endroit<\/li>\n<li>Les param\u00e8tres et autorisations personnalisables permettent un contr\u00f4le plus \u00e9lev\u00e9 sur les t\u00e9l\u00e9chargements de fichiers.<\/li>\n<\/ul>\n","protected":false},"excerpt":{"rendered":"<p>Le plugin WooCommerce attach-moi est un outil incroyablement robuste qui permet aux utilisateurs d&rsquo;ajouter sans effort les fichiers \u00e0 leurs produits WooCommerce. En impl\u00e9mentant un seul clic de souris, les individus peuvent t\u00e9l\u00e9charger et lier facilement les fichiers li\u00e9s au produit, y compris, mais sans s&rsquo;y limiter, les manuels de produits, les images et les vid\u00e9os, afin de construire une liste de produits plus compl\u00e8te qui r\u00e9pond aux besoins de leur client\u00e8le estim\u00e9e. Ce qui d\u00e9finit WooCommerce me joigner, c&rsquo;est son int\u00e9gration transparente avec WooCommerce, garantissant un processus rationalis\u00e9 pour g\u00e9rer les fichiers de produits et \u00e9quiper les clients des informations n\u00e9cessaires pour prendre des d\u00e9cisions d&rsquo;achat \u00e9clair\u00e9es. Ce plugin extraordinaire est sp\u00e9cifiquement con\u00e7u pour les propri\u00e9taires de magasins WooCommerce diligents qui sont fermement dans leur recherche d&rsquo;enrichir leurs listes de produits et de cultiver une exp\u00e9rience d&rsquo;achat in\u00e9gal\u00e9e pour leurs pr\u00e9cieux clients.<\/p>\n","protected":false},"featured_media":145808,"comment_status":"open","ping_status":"open","template":"","meta":[],"product_brand":[2435],"product_cat":[1183,1182,1181],"product_tag":[1231],"class_list":{"0":"post-115521","1":"product","2":"type-product","3":"status-publish","4":"has-post-thumbnail","6":"product_brand-codecanyon","7":"product_cat-administration","8":"product_cat-commerce-electronique-plugins","9":"product_cat-plugins","10":"product_tag-codecanyon","11":"member-discount","12":"discount-restricted","14":"first","15":"instock","16":"sale","17":"downloadable","18":"virtual","19":"sold-individually","20":"purchasable","21":"product-type-simple"},"_links":{"self":[{"href":"https:\/\/gpl-love.com\/fr\/wp-json\/wp\/v2\/product\/115521","targetHints":{"allow":["GET"]}}],"collection":[{"href":"https:\/\/gpl-love.com\/fr\/wp-json\/wp\/v2\/product"}],"about":[{"href":"https:\/\/gpl-love.com\/fr\/wp-json\/wp\/v2\/types\/product"}],"replies":[{"embeddable":true,"href":"https:\/\/gpl-love.com\/fr\/wp-json\/wp\/v2\/comments?post=115521"}],"wp:featuredmedia":[{"embeddable":true,"href":"https:\/\/gpl-love.com\/fr\/wp-json\/wp\/v2\/media\/145808"}],"wp:attachment":[{"href":"https:\/\/gpl-love.com\/fr\/wp-json\/wp\/v2\/media?parent=115521"}],"wp:term":[{"taxonomy":"product_brand","embeddable":true,"href":"https:\/\/gpl-love.com\/fr\/wp-json\/wp\/v2\/product_brand?post=115521"},{"taxonomy":"product_cat","embeddable":true,"href":"https:\/\/gpl-love.com\/fr\/wp-json\/wp\/v2\/product_cat?post=115521"},{"taxonomy":"product_tag","embeddable":true,"href":"https:\/\/gpl-love.com\/fr\/wp-json\/wp\/v2\/product_tag?post=115521"}],"curies":[{"name":"wp","href":"https:\/\/api.w.org\/{rel}","templated":true}]}}