{"id":115519,"date":"2025-12-28T00:00:00","date_gmt":"2025-12-27T23:00:00","guid":{"rendered":"http:\/\/gpl-love.com\/fr\/produit\/wolverine-responsive-multi-purpose-theme\/"},"modified":"2026-03-20T23:44:01","modified_gmt":"2026-03-20T22:44:01","slug":"wolverine-responsive-multi-purpose-theme","status":"publish","type":"product","link":"https:\/\/gpl-love.com\/fr\/produit\/wolverine-responsive-multi-purpose-theme\/","title":{"rendered":"Wolverine Responsive Multi-Purpose Theme 3.7"},"content":{"rendered":"<h3>Wolverine Responsive Multi-Purpose Theme Traits<\/h3>\n<p>Le th\u00e8me polyvalent sensible \u00e0 Wolverine s&rsquo;av\u00e8re \u00eatre une alternative exceptionnelle pour les personnes \u00e0 la recherche d&rsquo;une pr\u00e9sence en ligne polyvalente et extr\u00eamement personnalisable. Poss\u00e9dant un design \u00e9l\u00e9gant et contemporain, ce th\u00e8me particulier attribue sa perfection \u00e0 sa capacit\u00e9 \u00e0 r\u00e9pondre aux entreprises, aux cr\u00e9atifs et aux individus, qui souhaitent tous un site Web non seulement visuellement attrayant, mais aussi tr\u00e8s fonctionnel. De plus, il est imp\u00e9ratif de reconna\u00eetre que ce th\u00e8me est remarquablement r\u00e9actif, car il s&rsquo;adapte sans effort \u00e0 une pl\u00e9thore d&rsquo;appareils, englobant des ordinateurs de bureau, des tablettes et des mobiles. En outre, le th\u00e8me Wolverine propose une gamme de fonctionnalit\u00e9s robustes, telles que l&rsquo;optimisation du r\u00e9f\u00e9rencement int\u00e9gr\u00e9e, les options de typographie avanc\u00e9es et un constructeur de disposition flexible qui vous offre la possibilit\u00e9 de personnaliser tous les aspects de votre site Web. Que vous vous lanciez dans une entreprise entrepreneuriale, que vous visiez \u00e0 pr\u00e9senter votre portefeuille ou que vous aspirez simplement \u00e0 \u00e9tablir une pr\u00e9sence en ligne \u00e0 couper le souffle, le th\u00e8me polyvalent r\u00e9actif \u00e0 Wolverine est le choix par excellence.<\/p>\n<ul>\n<li>Un th\u00e8me enti\u00e8rement r\u00e9actif et polyvalent con\u00e7u \u00e0 une multitude d&rsquo;objectifs<\/li>\n<li>Disposages de plusieurs pages et d&rsquo;une page disponibles pour la personnalisation pour correspondre \u00e0 vos besoins de style et de contenu<\/li>\n<li>Est \u00e9quip\u00e9 de plus de 15 pages d&rsquo;accueil pr\u00e9-con\u00e7ues au choix<\/li>\n<li>Plugin de compositeur visuel int\u00e9gr\u00e9 pour la construction de pages glisser-d\u00e9poser<\/li>\n<li>Plus de 70 \u00e9l\u00e9ments pr\u00e9-con\u00e7us \u00e0 ajouter \u00e0 vos pages pour des fonctionnalit\u00e9s et une personnalisation suppl\u00e9mentaires<\/li>\n<li>Prend en charge de nombreux plugins pour des fonctionnalit\u00e9s suppl\u00e9mentaires, notamment WooCommerce pour les capacit\u00e9s du commerce \u00e9lectronique et le formulaire de contact 7 pour la construction et la gestion de formulaire de contact facile<\/li>\n<li>SEO optimis\u00e9 pour am\u00e9liorer le classement des moteurs de recherche et la visibilit\u00e9<\/li>\n<li>Guide de configuration et de personnalisation bien document\u00e9 et facile \u00e0 suivre inclus avec votre achat<\/li>\n<li>Fonction d&rsquo;importation de d\u00e9monstration en un clic pour une configuration facile de pages et de dispositions pr\u00e9-con\u00e7ues<\/li>\n<li>Constamment mis \u00e0 jour avec de nouvelles fonctionnalit\u00e9s et am\u00e9liorations pour rester en avance sur les derni\u00e8res tendances et technologies de conception Web<\/li>\n<\/ul>\n","protected":false},"excerpt":{"rendered":"<p>Le th\u00e8me polyvalent sensible \u00e0 Wolverine est une solution de site Web exceptionnelle qui r\u00e9pond aux besoins des entreprises ou des personnes cherchant \u00e0 afficher efficacement leurs produits ou services en ligne. B\u00e9n\u00e9ficiant d&rsquo;un design \u00e9l\u00e9gant et contemporain, ce th\u00e8me offre une personnalisation compl\u00e8te et la possibilit\u00e9 de s&rsquo;adapter de mani\u00e8re transparente aux \u00e9crans de diff\u00e9rentes tailles, en le rendant id\u00e9al pour les utilisateurs sur les appareils mobiles, tablettes et de bureau. Ce th\u00e8me polyvalent est \u00e9quip\u00e9 d&rsquo;une gamme de fonctionnalit\u00e9s impressionnantes, englobant diverses mises en page de pages, des ic\u00f4nes personnalisables et un constructeur de pages de glisser-d\u00e9poser intuitif, simplifiant le processus de construction de votre site Web. De plus, ses temps de chargement rapides et ses capacit\u00e9s d&rsquo;optimisation des moteurs de recherche garantissent que votre site est pr\u00eat \u00e0 attirer les visiteurs et \u00e0 \u00e9lever efficacement votre pr\u00e9sence en ligne. Que votre objectif soit d&rsquo;\u00e9tablir une boutique en ligne, un portefeuille ou un blog, le th\u00e8me polyvalent sensible \u00e0 Wolverine fournit une solution compl\u00e8te et globale qui r\u00e9pondra \u00e0 vos exigences.<\/p>\n","protected":false},"featured_media":145777,"comment_status":"open","ping_status":"open","template":"","meta":[],"product_brand":[2433],"product_cat":[1214,1212,1213],"product_tag":[1366],"class_list":{"0":"post-115519","1":"product","2":"type-product","3":"status-publish","4":"has-post-thumbnail","6":"product_brand-themeforest","7":"product_cat-polyvalent","8":"product_cat-themes","9":"product_cat-wordpress-themes","10":"product_tag-themeforest","11":"member-discount","12":"discount-restricted","14":"first","15":"instock","16":"sale","17":"downloadable","18":"virtual","19":"sold-individually","20":"purchasable","21":"product-type-simple"},"_links":{"self":[{"href":"https:\/\/gpl-love.com\/fr\/wp-json\/wp\/v2\/product\/115519","targetHints":{"allow":["GET"]}}],"collection":[{"href":"https:\/\/gpl-love.com\/fr\/wp-json\/wp\/v2\/product"}],"about":[{"href":"https:\/\/gpl-love.com\/fr\/wp-json\/wp\/v2\/types\/product"}],"replies":[{"embeddable":true,"href":"https:\/\/gpl-love.com\/fr\/wp-json\/wp\/v2\/comments?post=115519"}],"wp:featuredmedia":[{"embeddable":true,"href":"https:\/\/gpl-love.com\/fr\/wp-json\/wp\/v2\/media\/145777"}],"wp:attachment":[{"href":"https:\/\/gpl-love.com\/fr\/wp-json\/wp\/v2\/media?parent=115519"}],"wp:term":[{"taxonomy":"product_brand","embeddable":true,"href":"https:\/\/gpl-love.com\/fr\/wp-json\/wp\/v2\/product_brand?post=115519"},{"taxonomy":"product_cat","embeddable":true,"href":"https:\/\/gpl-love.com\/fr\/wp-json\/wp\/v2\/product_cat?post=115519"},{"taxonomy":"product_tag","embeddable":true,"href":"https:\/\/gpl-love.com\/fr\/wp-json\/wp\/v2\/product_tag?post=115519"}],"curies":[{"name":"wp","href":"https:\/\/api.w.org\/{rel}","templated":true}]}}