{"id":115517,"date":"2021-06-24T00:00:00","date_gmt":"2021-06-23T22:00:00","guid":{"rendered":"http:\/\/gpl-love.com\/fr\/produit\/wc-builder-pro-woocommerce-page-builder-pour-wpbakery\/"},"modified":"2026-04-10T18:45:19","modified_gmt":"2026-04-10T16:45:19","slug":"wc-builder-pro-woocommerce-page-builder-pour-wpbakery","status":"publish","type":"product","link":"https:\/\/gpl-love.com\/fr\/produit\/wc-builder-pro-woocommerce-page-builder-pour-wpbakery\/","title":{"rendered":"WC Builder Pro WooCommerce Page Builder pour WPBakery 2.0.0"},"content":{"rendered":"<h3>WC Builder Pro WooCommerce Page Builder pour WPBakery Traits<\/h3>\n<p>WC Builder Pro, un constructeur de pages WooCommerce incroyablement puissant con\u00e7u sp\u00e9cifiquement pour WPBakery, offre aux individus la possibilit\u00e9 de construire sans effort des magasins en ligne visuellement frappants et extr\u00eamement professionnels en quelques minutes. Ce plugin exceptionnel poss\u00e8de une interface de glisser-d\u00e9poser conviviale, accordant aux utilisateurs la capacit\u00e9 d&rsquo;incorporer et d&rsquo;organiser sans effort une pl\u00e9thore d&rsquo;\u00e9l\u00e9ments &#8211; y compris du texte, des images, des produits et des widgets &#8211; sur leurs pages tout en personnalisant simultan\u00e9ment leur conception et leur mise en page pour s&rsquo;alignent parfaitement avec leur marque et leur style. Que vous ayez une comp\u00e9tence novice ou avanc\u00e9e, ce plugin r\u00e9pond sans effort \u00e0 vos besoins, offrant une vaste gamme de fonctionnalit\u00e9s et d&rsquo;outils qui vous permettent de fabriquer des pages captivantes uniques et captivantes qui am\u00e9liorent sans \u00e9quivoque l&rsquo;exp\u00e9rience d&rsquo;achat de votre Les clients estim\u00e9s et, \u00e0 leur tour, propulsent vos ventes \u00e0 des hauteurs sans pr\u00e9c\u00e9dent. Par cons\u00e9quent, si vous vous trouvez aspir\u00e9 \u00e0 propulser votre magasin WooCommerce au sommet du succ\u00e8s, WC Builder Pro repr\u00e9sente incontestablement la solution optimale pour vous.<\/p>\n<ul>\n<li>WC Builder Pro est un puissant plugin Builder WooCommerce Page qui permet aux utilisateurs de cr\u00e9er facilement des mod\u00e8les personnalis\u00e9s pour leur boutique en ligne.<\/li>\n<li>Le plugin est con\u00e7u pour fonctionner avec WPBakery, l&rsquo;un des constructeurs de pages les plus populaires pour WordPress.<\/li>\n<li>Avec WC Builder Pro, les utilisateurs peuvent cr\u00e9er des pages de produits personnalis\u00e9es, des pages de cat\u00e9gorie, des pages de paiement, et plus encore, le tout avec des fonctionnalit\u00e9s intuitives de glisser-d\u00e9poser.<\/li>\n<li>Le plugin est livr\u00e9 avec une vari\u00e9t\u00e9 de mod\u00e8les et de blocs pr\u00e9-con\u00e7us qui peuvent \u00eatre personnalis\u00e9s pour r\u00e9pondre aux besoins de marque et de conception de n&rsquo;importe quel magasin.<\/li>\n<li>WC Builder Pro est enti\u00e8rement r\u00e9actif, garantissant que votre boutique en ligne a fi\u00e8re allure sur n&rsquo;importe quel appareil.<\/li>\n<li>Le plugin est \u00e9galement optimis\u00e9 pour les performances, garantissant que les temps de chargement des pages sont rapides et efficaces.<\/li>\n<li>WC Builder Pro est livr\u00e9 avec une vari\u00e9t\u00e9 d&rsquo;\u00e9l\u00e9ments sp\u00e9cifiques au commerce \u00e9lectronique, y compris des tables de tarification, des listes de produits, des boutons Add-to CART, etc.<\/li>\n<li>Avec WC Builder Pro, les propri\u00e9taires de magasins Web ont un contr\u00f4le complet sur la conception et la disposition de leur magasin, sans avoir besoin de comp\u00e9tences de codage ou d&rsquo;un d\u00e9veloppeur.<\/li>\n<li>Le plugin s&rsquo;int\u00e8gre parfaitement \u00e0 WooCommerce, la plate-forme de commerce \u00e9lectronique la plus populaire pour WordPress.<\/li>\n<li>WC Builder Pro est r\u00e9guli\u00e8rement mis \u00e0 jour, garantissant qu&rsquo;il reste compatible avec les derni\u00e8res versions de WordPress et WooCommerce.<\/li>\n<\/ul>\n","protected":false},"excerpt":{"rendered":"<p>WC Builder Pro est un g\u00e9n\u00e9rateur de page WooCommerce exceptionnellement robuste qui a \u00e9t\u00e9 sp\u00e9cialement cr\u00e9\u00e9 pour WPBAKERY. Cet outil remarquable vous permet de construire sans effort les magasins en ligne impressionnants, adaptant compl\u00e8tement tous les aspects de votre site Web sans n\u00e9cessiter de ma\u00eetrise du codage. WC Builder Pro offre une interface de glisser-d\u00e9poser remarquablement conviviale, vous offrant des possibilit\u00e9s de conception illimit\u00e9es et vous accordant une flexibilit\u00e9 in\u00e9gal\u00e9e dans la gestion efficace de votre magasin WooCommerce. En utilisant cet outil ing\u00e9nieux, vous avez la possibilit\u00e9 de fabriquer une boutique en ligne vraiment distinctive et professionnellement optimis\u00e9e qui privil\u00e9gie la fourniture d&rsquo;une exp\u00e9rience client in\u00e9gal\u00e9e. Non seulement cela, mais WC Builder Pro a \u00e9t\u00e9 m\u00e9ticuleusement con\u00e7u pour \u00eatre enti\u00e8rement r\u00e9actif et parfaitement optimis\u00e9 \u00e0 des fins de r\u00e9f\u00e9rencement, garantissant que votre magasin sera absolument \u00e9tonnant sur n&rsquo;importe quel appareil et occupera une position pro\u00e9minente dans le classement des moteurs de recherche. Ne perdez pas de temps \u00e0 lancer votre boutique en ligne en vous profitant des capacit\u00e9s extraordinaires de WC Builder Pro, l&rsquo;ultime g\u00e9n\u00e9rateur de page WooCommerce pour WPBAKERY!<\/p>\n","protected":false},"featured_media":145740,"comment_status":"open","ping_status":"open","template":"","meta":[],"product_brand":[2435],"product_cat":[1182,1223,1181],"product_tag":[1231],"class_list":{"0":"post-115517","1":"product","2":"type-product","3":"status-publish","4":"has-post-thumbnail","6":"product_brand-codecanyon","7":"product_cat-commerce-electronique-plugins","8":"product_cat-personnalisation-commerce-electronique-plugins","9":"product_cat-plugins","10":"product_tag-codecanyon","11":"member-discount","12":"discount-restricted","14":"first","15":"instock","16":"sale","17":"downloadable","18":"virtual","19":"sold-individually","20":"purchasable","21":"product-type-simple"},"_links":{"self":[{"href":"https:\/\/gpl-love.com\/fr\/wp-json\/wp\/v2\/product\/115517","targetHints":{"allow":["GET"]}}],"collection":[{"href":"https:\/\/gpl-love.com\/fr\/wp-json\/wp\/v2\/product"}],"about":[{"href":"https:\/\/gpl-love.com\/fr\/wp-json\/wp\/v2\/types\/product"}],"replies":[{"embeddable":true,"href":"https:\/\/gpl-love.com\/fr\/wp-json\/wp\/v2\/comments?post=115517"}],"wp:featuredmedia":[{"embeddable":true,"href":"https:\/\/gpl-love.com\/fr\/wp-json\/wp\/v2\/media\/145740"}],"wp:attachment":[{"href":"https:\/\/gpl-love.com\/fr\/wp-json\/wp\/v2\/media?parent=115517"}],"wp:term":[{"taxonomy":"product_brand","embeddable":true,"href":"https:\/\/gpl-love.com\/fr\/wp-json\/wp\/v2\/product_brand?post=115517"},{"taxonomy":"product_cat","embeddable":true,"href":"https:\/\/gpl-love.com\/fr\/wp-json\/wp\/v2\/product_cat?post=115517"},{"taxonomy":"product_tag","embeddable":true,"href":"https:\/\/gpl-love.com\/fr\/wp-json\/wp\/v2\/product_tag?post=115517"}],"curies":[{"name":"wp","href":"https:\/\/api.w.org\/{rel}","templated":true}]}}