{"id":115515,"date":"2021-05-26T00:00:00","date_gmt":"2021-05-25T22:00:00","guid":{"rendered":"http:\/\/gpl-love.com\/fr\/produit\/verve-high-style-wordpress-theme\/"},"modified":"2026-04-10T18:44:57","modified_gmt":"2026-04-10T16:44:57","slug":"verve-high-style-wordpress-theme","status":"publish","type":"product","link":"https:\/\/gpl-love.com\/fr\/produit\/verve-high-style-wordpress-theme\/","title":{"rendered":"Verve High-Style WordPress Theme 5.3"},"content":{"rendered":"<h3>Verve High-Style WordPress Theme Traits<\/h3>\n<p>Le th\u00e8me WordPress de style Verve est un th\u00e8me exceptionnel et de premier ordre qui a \u00e9t\u00e9 m\u00e9ticuleusement con\u00e7u pour vous permettre de cr\u00e9er un site Web remarquable et distinctif qui se distingue sans effort de la foule. B\u00e9n\u00e9ficiant d&rsquo;un design de pointe et sophistiqu\u00e9, ce th\u00e8me est sp\u00e9cifiquement adapt\u00e9 aux entreprises, aux blogueurs et aux cr\u00e9atifs qui poss\u00e8dent un d\u00e9sir ardent de montrer leur magnifique travail de la mani\u00e8re la plus splendide et la plus remarquable possible. Ce th\u00e8me extraordinaire est fortifi\u00e9 avec une disposition compl\u00e8tement r\u00e9active, garantissant ainsi que votre site Web d\u00e9gage une apparence captivante et visuellement attrayante sur chaque appareil. De plus, il offre une vaste gamme d&rsquo;options de personnalisation, vous accordant ainsi la libert\u00e9 de modeler et d&rsquo;affiner la conception pour s&rsquo;aligner parfaitement avec votre identit\u00e9 de marque. De plus, Verve de style \u00e9lev\u00e9 englobe un vaste spectre de fonctionnalit\u00e9s indispensables qui augmenteront certainement votre pr\u00e9sence en ligne \u00e0 des hauteurs de gloire sans pr\u00e9c\u00e9dent. Il s&rsquo;agit notamment d&rsquo;un constructeur de pages de glisser-d\u00e9poser de mani\u00e8re transparente, de boutons de m\u00e9dias sociaux int\u00e9gr\u00e9s de mani\u00e8re transparente, et d&rsquo;un assortiment diversifi\u00e9 de mod\u00e8les et de dispositions parfaitement con\u00e7us qui acc\u00e9l\u00e8rent la cr\u00e9ation d&rsquo;un site Web professionnel et immacul\u00e9. Que vos aspirations consistent \u00e0 \u00e9tablir un site Web de portefeuille impressionnant, un blog captivant ou une boutique en ligne extr\u00eamement prosp\u00e8re, assurez-vous que Verve \u00e0 haut style est la quintessence du th\u00e8me id\u00e9al qui est destin\u00e9 \u00e0 faciliter la r\u00e9alisation de vos r\u00eaves et de vos ambitions.<\/p>\n<ul>\n<li>Design propre et moderne avec un bord \u00e9l\u00e9gant<\/li>\n<li>Disposition enti\u00e8rement r\u00e9active et adapt\u00e9e aux mobiles<\/li>\n<li>Page d&rsquo;accueil personnalisable avec plusieurs zones de widgets<\/li>\n<li>Portfolio int\u00e9gr\u00e9 et mod\u00e8les de blog<\/li>\n<li>Panneau d&rsquo;options de th\u00e8me facile \u00e0 utiliser pour la personnalisation<\/li>\n<li>Compatible avec des plugins populaires tels que les formulaires WooCommerce et Gravity<\/li>\n<li>Plusieurs options de couleurs et de polices \u00e0 choisir<\/li>\n<li>SEO pr\u00eat avec du code et de la structure optimis\u00e9s<\/li>\n<li>Vitesse optimis\u00e9e pour les temps de chargement rapide<\/li>\n<li>Support d\u00e9di\u00e9 et mises \u00e0 jour r\u00e9guli\u00e8res fournies<\/li>\n<\/ul>\n","protected":false},"excerpt":{"rendered":"<p>Le th\u00e8me WordPress de style Verve est un th\u00e8me remarquablement \u00e9l\u00e9gant et contemporain qui r\u00e9pond aux besoins des professionnels qui cherchent \u00e0 laisser une impression durable dans le domaine en ligne. B\u00e9n\u00e9ficiant d&rsquo;un design minimaliste qui accroche efficacement sur des \u00e9l\u00e9ments visuellement frappants, ce th\u00e8me est tout simplement id\u00e9al pour les photographes, les artistes, les designers et toute autre personne imaginative aspirant \u00e0 exposer leurs chefs-d&rsquo;\u0153uvre avec un air de sophistication. Ce qui distingue ce th\u00e8me des autres, c&rsquo;est sa vaste gamme d&rsquo;options et de fonctionnalit\u00e9s personnalisables, y compris des widgets personnalis\u00e9s, des formats de poste et des sch\u00e9mas de couleurs, vous offrant ainsi l&rsquo;occasion in\u00e9gal\u00e9e de fa\u00e7onner un site Web qui r\u00e9sume v\u00e9ritablement votre marque et votre style unique. Que vous aspirez \u00e0 forger un portefeuille, un blog ou un site Web ax\u00e9 sur les entreprises, le th\u00e8me WordPress de style Verve se distingue sans \u00e9quivoque comme l&rsquo;incarnation de l&rsquo;excellence pour toute personne z\u00e9l\u00e9e de faire une d\u00e9claration ind\u00e9l\u00e9bile dans la sph\u00e8re en ligne.<\/p>\n","protected":false},"featured_media":145711,"comment_status":"open","ping_status":"open","template":"","meta":[],"product_brand":[2433],"product_cat":[1242,1212,1213],"product_tag":[1366],"class_list":{"0":"post-115515","1":"product","2":"type-product","3":"status-publish","4":"has-post-thumbnail","6":"product_brand-themeforest","7":"product_cat-creatif","8":"product_cat-themes","9":"product_cat-wordpress-themes","10":"product_tag-themeforest","11":"member-discount","12":"discount-restricted","14":"first","15":"instock","16":"sale","17":"downloadable","18":"virtual","19":"sold-individually","20":"purchasable","21":"product-type-simple"},"_links":{"self":[{"href":"https:\/\/gpl-love.com\/fr\/wp-json\/wp\/v2\/product\/115515","targetHints":{"allow":["GET"]}}],"collection":[{"href":"https:\/\/gpl-love.com\/fr\/wp-json\/wp\/v2\/product"}],"about":[{"href":"https:\/\/gpl-love.com\/fr\/wp-json\/wp\/v2\/types\/product"}],"replies":[{"embeddable":true,"href":"https:\/\/gpl-love.com\/fr\/wp-json\/wp\/v2\/comments?post=115515"}],"wp:featuredmedia":[{"embeddable":true,"href":"https:\/\/gpl-love.com\/fr\/wp-json\/wp\/v2\/media\/145711"}],"wp:attachment":[{"href":"https:\/\/gpl-love.com\/fr\/wp-json\/wp\/v2\/media?parent=115515"}],"wp:term":[{"taxonomy":"product_brand","embeddable":true,"href":"https:\/\/gpl-love.com\/fr\/wp-json\/wp\/v2\/product_brand?post=115515"},{"taxonomy":"product_cat","embeddable":true,"href":"https:\/\/gpl-love.com\/fr\/wp-json\/wp\/v2\/product_cat?post=115515"},{"taxonomy":"product_tag","embeddable":true,"href":"https:\/\/gpl-love.com\/fr\/wp-json\/wp\/v2\/product_tag?post=115515"}],"curies":[{"name":"wp","href":"https:\/\/api.w.org\/{rel}","templated":true}]}}