{"id":115513,"date":"2025-09-19T00:00:00","date_gmt":"2025-09-18T22:00:00","guid":{"rendered":"http:\/\/gpl-love.com\/fr\/produit\/testimonials-showcase-wordpress-plugin\/"},"modified":"2026-04-10T18:42:11","modified_gmt":"2026-04-10T16:42:11","slug":"testimonials-showcase-wordpress-plugin","status":"publish","type":"product","link":"https:\/\/gpl-love.com\/fr\/produit\/testimonials-showcase-wordpress-plugin\/","title":{"rendered":"Testimonials Showcase WordPress Plugin 1.9.18"},"content":{"rendered":"<h3>Testimonials Showcase WordPress Plugin Traits<\/h3>\n<p>Le plugin WordPress de t\u00e9moignages est un outil extr\u00eamement puissant qui a \u00e9t\u00e9 m\u00e9ticuleusement con\u00e7u pour vous aider \u00e0 pr\u00e9senter efficacement les commentaires inestimables de votre client d&rsquo;une mani\u00e8re incroyablement comp\u00e9tente et esth\u00e9tique. En int\u00e9grant ce plugin exceptionnel dans votre site Web, vous aurez la possibilit\u00e9 de cr\u00e9er et de pr\u00e9senter des grilles de t\u00e9moignages, des carrousels et des curseurs exceptionnels qui captiveront et s&rsquo;intensifieront sans aucun doute les visiteurs de votre site Web, renfor\u00e7ant ainsi consid\u00e9rablement la cr\u00e9dibilit\u00e9 et la r\u00e9putation de votre marque estime. De plus, ce plugin remarquable s&rsquo;accompagne d&rsquo;une vaste gamme d&rsquo;options hautement personnalisables qui vous permettront de l&rsquo;adapter et de l&rsquo;aligner de mani\u00e8re transparente avec les \u00e9l\u00e9ments de conception et de marque distinctifs de votre site Web. De plus, il d\u00e9montre un niveau de r\u00e9activit\u00e9 in\u00e9gal\u00e9, garantissant sa fonctionnalit\u00e9 sans faille et son allure visuelle in\u00e9gal\u00e9e \u00e0 travers une gamme diversifi\u00e9e d&rsquo;appareils. Que vous op\u00e9rez une humble entreprise \u00e0 petite \u00e9chelle ou une soci\u00e9t\u00e9 vaste et renomm\u00e9e, ce plugin extraordinaire est garanti pour augmenter l&rsquo;exp\u00e9rience utilisateur globale de votre site Web \u00e0 des sommets sans pr\u00e9c\u00e9dent tout en cultivant un profond sentiment de confiance et de fiabilit\u00e9 parmi votre client\u00e8le potentiel.<\/p>\n<ul>\n<li>Plugin puissant \u00e0 afficher et \u00e0 mettre en surbrillance les t\u00e9moignages sur votre site Web WordPress<\/li>\n<li>Interface facile \u00e0 utiliser pour l&rsquo;ajout, l&rsquo;\u00e9dition et la gestion des t\u00e9moignages<\/li>\n<li>Dispositions et conceptions enti\u00e8rement personnalisables pour s&rsquo;adapter \u00e0 l&rsquo;esth\u00e9tique de votre site Web<\/li>\n<li>Option pour afficher diff\u00e9rents types de t\u00e9moignages, tels que du texte, de l&rsquo;image ou de la vid\u00e9o<\/li>\n<li>Capacit\u00e9 \u00e0 ajouter des notes et des \u00e9tiquettes aux t\u00e9moignages pour une nouvelle organisation<\/li>\n<li>Conception r\u00e9active mobile pour s&rsquo;assurer que les t\u00e9moignages ont fi\u00e8re allure sur tous les appareils<\/li>\n<li>Int\u00e9gration avec les constructeurs de pages populaires et les plateformes de commerce \u00e9lectronique<\/li>\n<li>Options de filtrage avanc\u00e9 pour permettre des t\u00e9moignages cibl\u00e9s sur des pages ou des cat\u00e9gories sp\u00e9cifiques<\/li>\n<li>Fonctionnalit\u00e9s conviviales pour augmenter le classement des moteurs de recherche de votre site Web avec le contenu g\u00e9n\u00e9r\u00e9 par l&rsquo;utilisateur<\/li>\n<li>Mises \u00e0 jour r\u00e9guli\u00e8res et excellent support client pour une exp\u00e9rience transparente.<\/li>\n<\/ul>\n","protected":false},"excerpt":{"rendered":"<p>Le plugin WordPress pr\u00e9sente des t\u00e9moignages est un outil exceptionnellement robuste et formidable, vous accordant la possibilit\u00e9 de montrer des commentaires sur les clients sur votre site Web d&rsquo;une mani\u00e8re \u00e0 la fois professionnelle et captivante. Offrant un assortiment d&rsquo;options de personnalisation, ce plugin vous permet de pr\u00e9senter vos t\u00e9moignages dans un format de grille ou de curseur, vous accordant la possibilit\u00e9 d&rsquo;adapter l&rsquo;esth\u00e9tique \u00e0 vos pr\u00e9f\u00e9rences en ajustant les couleurs, les styles et m\u00eame l&rsquo;incorporation d&rsquo;images et de vid\u00e9os attrayantes visuellement pour \u00e9lever pour \u00e9lever l&rsquo;exp\u00e9rience utilisateur globale. En vous pr\u00e9voyant de ce plugin remarquable, vous avez l&rsquo;occasion sans pr\u00e9c\u00e9dent d&rsquo;augmenter votre cr\u00e9dibilit\u00e9 et d&rsquo;am\u00e9liorer consid\u00e9rablement vos taux de conversion en pr\u00e9sentant des preuves tangibles de validation sociale par la satisfaction de vos clients estim\u00e9s. Ne perdez pas de temps et procurez le plugin WordPress de t\u00e9moignages remarquables pr\u00e9sentant aujourd&rsquo;hui, commen\u00e7ant votre voyage vers la construction d&rsquo;une base de confiance in\u00e9branlable avec votre public r\u00e9ceptif!<\/p>\n","protected":false},"featured_media":145461,"comment_status":"open","ping_status":"open","template":"","meta":[],"product_brand":[2435],"product_cat":[1189,1181,1186],"product_tag":[1231],"class_list":{"0":"post-115513","1":"product","2":"type-product","3":"status-publish","4":"has-post-thumbnail","6":"product_brand-codecanyon","7":"product_cat-personnalisation","8":"product_cat-plugins","9":"product_cat-wordpress-plugins","10":"product_tag-codecanyon","11":"member-discount","12":"discount-restricted","14":"first","15":"instock","16":"sale","17":"downloadable","18":"virtual","19":"sold-individually","20":"purchasable","21":"product-type-simple"},"_links":{"self":[{"href":"https:\/\/gpl-love.com\/fr\/wp-json\/wp\/v2\/product\/115513","targetHints":{"allow":["GET"]}}],"collection":[{"href":"https:\/\/gpl-love.com\/fr\/wp-json\/wp\/v2\/product"}],"about":[{"href":"https:\/\/gpl-love.com\/fr\/wp-json\/wp\/v2\/types\/product"}],"replies":[{"embeddable":true,"href":"https:\/\/gpl-love.com\/fr\/wp-json\/wp\/v2\/comments?post=115513"}],"wp:featuredmedia":[{"embeddable":true,"href":"https:\/\/gpl-love.com\/fr\/wp-json\/wp\/v2\/media\/145461"}],"wp:attachment":[{"href":"https:\/\/gpl-love.com\/fr\/wp-json\/wp\/v2\/media?parent=115513"}],"wp:term":[{"taxonomy":"product_brand","embeddable":true,"href":"https:\/\/gpl-love.com\/fr\/wp-json\/wp\/v2\/product_brand?post=115513"},{"taxonomy":"product_cat","embeddable":true,"href":"https:\/\/gpl-love.com\/fr\/wp-json\/wp\/v2\/product_cat?post=115513"},{"taxonomy":"product_tag","embeddable":true,"href":"https:\/\/gpl-love.com\/fr\/wp-json\/wp\/v2\/product_tag?post=115513"}],"curies":[{"name":"wp","href":"https:\/\/api.w.org\/{rel}","templated":true}]}}