{"id":115511,"date":"2024-12-24T00:00:00","date_gmt":"2024-12-23T23:00:00","guid":{"rendered":"http:\/\/gpl-love.com\/fr\/produit\/synopter-weather-pour-elementor\/"},"modified":"2026-03-20T23:38:54","modified_gmt":"2026-03-20T22:38:54","slug":"synopter-weather-pour-elementor","status":"publish","type":"product","link":"https:\/\/gpl-love.com\/fr\/produit\/synopter-weather-pour-elementor\/","title":{"rendered":"Synopter Weather pour Elementor 1.1.10"},"content":{"rendered":"<h3>Synopter Weather pour Elementor Traits<\/h3>\n<p>Le Synopter Weather for Elementor Plugin est un ajout exceptionnellement innovant et r\u00e9volutionnaire au domaine de l&rsquo;am\u00e9lioration du site Web. Sa fonction principale tourne autour de la fourniture de perspectives et de pr\u00e9visions m\u00e9t\u00e9orologiques \u00e0 jour, garantissant ainsi que les utilisateurs sont toujours bien inform\u00e9s en ce qui concerne les conditions atmosph\u00e9riques dominantes. Cet outil inestimable poss\u00e8de une pl\u00e9thore de fonctionnalit\u00e9s impressionnantes, y compris, mais sans s&rsquo;y limiter, les mises \u00e0 jour m\u00e9t\u00e9orologiques instantan\u00e9es, une pr\u00e9vision compl\u00e8te de 7 jours, des informations m\u00e9t\u00e9orologiques complexes et d\u00e9taill\u00e9es, ainsi que la capacit\u00e9 de personnaliser l&rsquo;affichage m\u00e9t\u00e9orologique pour r\u00e9pondre aux pr\u00e9f\u00e9rences individuelles. De plus, ce plugin poss\u00e8de \u00e9galement une interface tr\u00e8s conviviale, facilitant ainsi la navigation et la personnalisation transparentes. L&rsquo;un de ses attributs les plus notables est son engagement in\u00e9branlable \u00e0 l&rsquo;inclusivit\u00e9, d\u00e9montr\u00e9 par sa fourniture de soutien multilingue \u00e0 un vaste \u00e9ventail de langues, facilitant ainsi une port\u00e9e plus vaste et s&rsquo;adressant \u00e0 une d\u00e9mographie diversifi\u00e9e du public. Incontestablement, le Synopter Weather for Elementor Plugin est un atout essentiel pour les propri\u00e9taires de sites Web qui abritent un d\u00e9sir sinc\u00e8re de garder leurs visiteurs bien inform\u00e9s et inform\u00e9s des conditions m\u00e9t\u00e9orologiques qui r\u00e9gissent leur emplacement sp\u00e9cifique.<\/p>\n<ul>\n<li>Synopter Weather for Elementor est un plugin con\u00e7u pour fournir des informations m\u00e9t\u00e9orologiques pr\u00e9cises et \u00e0 jour aux visiteurs de votre site Web.<\/li>\n<li>Il s&rsquo;int\u00e8gre de mani\u00e8re transparente \u00e0 Elementor, le plugin Popul Page Builder pour WordPress, vous permettant d&rsquo;ajouter facilement des widgets m\u00e9t\u00e9orologiques \u00e0 votre site Web.<\/li>\n<li>Le plugin propose une gamme d&rsquo;options de personnalisation, y compris plusieurs options de disposition, des sch\u00e9mas de couleurs et des choix de polices, en veillant \u00e0 ce que vos widgets m\u00e9t\u00e9orologiques correspondent parfaitement \u00e0 la conception de votre site Web.<\/li>\n<li>Synopter Weather for Elementor fournit des donn\u00e9es m\u00e9t\u00e9orologiques en temps r\u00e9el, permettant \u00e0 vos visiteurs de rester inform\u00e9s des derni\u00e8res conditions m\u00e9t\u00e9orologiques de leur r\u00e9gion.<\/li>\n<li>Le plugin offre des informations m\u00e9t\u00e9orologiques compl\u00e8tes, notamment la temp\u00e9rature, l&rsquo;humidit\u00e9, la vitesse et la direction du vent, la probabilit\u00e9 et la quantit\u00e9 de pr\u00e9cipitations, l&rsquo;indice UV, les temps de coucher de soleil et de coucher du soleil, et plus encore.<\/li>\n<li>Le temps du synopt\u00e8re pour Elementor est tr\u00e8s r\u00e9actif et adapt\u00e9 aux mobiles, garantissant que vos widgets m\u00e9t\u00e9orologiques s&rsquo;affichent correctement sur n&rsquo;importe quel appareil ou taille d&rsquo;\u00e9cran.<\/li>\n<li>Le plugin est facile \u00e0 installer, \u00e0 configurer et \u00e0 utiliser, garantissant que m\u00eame les utilisateurs non techniques peuvent ajouter des widgets m\u00e9t\u00e9orologiques \u00e0 leur site Web sans aucun probl\u00e8me.<\/li>\n<li>Synopter Weather for Elementor utilise des sources de donn\u00e9es m\u00e9t\u00e9orologiques fiables et pr\u00e9cises, garantissant que les visiteurs de votre site Web peuvent faire confiance aux informations qu&rsquo;ils re\u00e7oivent de votre site.<\/li>\n<li>Avec Synopter Weather for Elementor, vous pouvez rendre votre site Web plus attrayant et informatif, et fournir aux utilisateurs des informations m\u00e9t\u00e9orologiques pr\u00e9cieuses qui peuvent les aider \u00e0 planifier leurs activit\u00e9s et \u00e0 rester en s\u00e9curit\u00e9.<\/li>\n<\/ul>\n","protected":false},"excerpt":{"rendered":"<p>Synopter Weather for Elementor, un plugin extr\u00eamement capable, accorde \u00e0 votre site Web la possibilit\u00e9 de recevoir des mises \u00e0 jour m\u00e9t\u00e9orologiques en temps r\u00e9el. Ce plugin poss\u00e8de une interface \u00e0 la fois conviviale et personnalisable, vous accordant la commodit\u00e9 d&rsquo;incorporer sans effort un widget m\u00e9t\u00e9o sur vos pages Elementor. Ce faisant, vous pouvez pr\u00e9senter efficacement un \u00e9ventail d&rsquo;informations, allant de la temp\u00e9rature actuelle \u00e0 la vitesse du vent, \u00e0 l&rsquo;humidit\u00e9 et au-del\u00e0. Que vous soyez le propri\u00e9taire d&rsquo;un blog de voyage ou d&rsquo;un site d&rsquo;information local, ce plugin indispensable est une n\u00e9cessit\u00e9 absolue, garantissant que votre public reste bien inform\u00e9 et engag\u00e9. Ne perdez pas de temps et vous lancez dans le voyage pour am\u00e9liorer les prouesses m\u00e9t\u00e9orologiques de votre site Web en vous immergeant dans le monde du temps de synoptor pour Elementor aujourd&rsquo;hui!<\/p>\n","protected":false},"featured_media":145444,"comment_status":"open","ping_status":"open","template":"","meta":[],"product_brand":[2435],"product_cat":[1189,1181,1186],"product_tag":[1231],"class_list":{"0":"post-115511","1":"product","2":"type-product","3":"status-publish","4":"has-post-thumbnail","6":"product_brand-codecanyon","7":"product_cat-personnalisation","8":"product_cat-plugins","9":"product_cat-wordpress-plugins","10":"product_tag-codecanyon","11":"member-discount","12":"discount-restricted","14":"first","15":"instock","16":"sale","17":"downloadable","18":"virtual","19":"sold-individually","20":"purchasable","21":"product-type-simple"},"_links":{"self":[{"href":"https:\/\/gpl-love.com\/fr\/wp-json\/wp\/v2\/product\/115511","targetHints":{"allow":["GET"]}}],"collection":[{"href":"https:\/\/gpl-love.com\/fr\/wp-json\/wp\/v2\/product"}],"about":[{"href":"https:\/\/gpl-love.com\/fr\/wp-json\/wp\/v2\/types\/product"}],"replies":[{"embeddable":true,"href":"https:\/\/gpl-love.com\/fr\/wp-json\/wp\/v2\/comments?post=115511"}],"wp:featuredmedia":[{"embeddable":true,"href":"https:\/\/gpl-love.com\/fr\/wp-json\/wp\/v2\/media\/145444"}],"wp:attachment":[{"href":"https:\/\/gpl-love.com\/fr\/wp-json\/wp\/v2\/media?parent=115511"}],"wp:term":[{"taxonomy":"product_brand","embeddable":true,"href":"https:\/\/gpl-love.com\/fr\/wp-json\/wp\/v2\/product_brand?post=115511"},{"taxonomy":"product_cat","embeddable":true,"href":"https:\/\/gpl-love.com\/fr\/wp-json\/wp\/v2\/product_cat?post=115511"},{"taxonomy":"product_tag","embeddable":true,"href":"https:\/\/gpl-love.com\/fr\/wp-json\/wp\/v2\/product_tag?post=115511"}],"curies":[{"name":"wp","href":"https:\/\/api.w.org\/{rel}","templated":true}]}}