{"id":115509,"date":"2022-05-24T00:00:00","date_gmt":"2022-05-23T22:00:00","guid":{"rendered":"http:\/\/gpl-love.com\/fr\/produit\/sunway-hotel-booking-wordpress-theme\/"},"modified":"2026-04-10T18:41:28","modified_gmt":"2026-04-10T16:41:28","slug":"sunway-hotel-booking-wordpress-theme","status":"publish","type":"product","link":"https:\/\/gpl-love.com\/fr\/produit\/sunway-hotel-booking-wordpress-theme\/","title":{"rendered":"Sunway Hotel Booking WordPress Theme 4.4"},"content":{"rendered":"<h3>Sunway Hotel Booking WordPress Theme Traits<\/h3>\n<p>Le th\u00e8me WordPress de r\u00e9servation de l&rsquo;h\u00f4tel Sunway est un outil exceptionnel et global qui r\u00e9pond aux exigences des h\u00f4tels et des stations baln\u00e9aires qui cherchent \u00e0 \u00e9tablir une forte pr\u00e9sence en ligne. Ce th\u00e8me poss\u00e8de un design \u00e9l\u00e9gant et sophistiqu\u00e9 qui peut \u00eatre adapt\u00e9 sans effort pour r\u00e9pondre aux besoins sp\u00e9cifiques et uniques de n&rsquo;importe quel h\u00f4tel. Il englobe une pl\u00e9thore de fonctionnalit\u00e9s, y compris, mais sans s&rsquo;y limiter, les r\u00e9servations en ligne, les calendriers de la disponibilit\u00e9 des chambres et les outils de gestion de la r\u00e9servation, qui facilitent collectivement une exp\u00e9rience transparente et sans tracas pour les clients et le personnel de l&rsquo;h\u00f4tel. De plus, sa nature pleinement r\u00e9active garantit qu&rsquo;elle maintient son apparence impeccable sur tous les appareils, tandis que ses capacit\u00e9s d&rsquo;optimisation des moteurs de recherche am\u00e9liorent sa visibilit\u00e9, permettant ainsi aux clients potentiels de localiser sans effort votre h\u00f4tel en ligne. Que vous soyez un novice dans le domaine des r\u00e9servations d&rsquo;h\u00f4tels en ligne ou une entit\u00e9 \u00e9tablie cherchant \u00e0 \u00e9lever votre pr\u00e9sence num\u00e9rique, le th\u00e8me WordPress de la r\u00e9servation de l&rsquo;h\u00f4tel Sunway est sans \u00e9quivoque un choix exemplaire et judicieux.<\/p>\n<ul>\n<li>Th\u00e8me WordPress professionnel de haute qualit\u00e9 con\u00e7u sp\u00e9cifiquement pour les h\u00f4tels et autres types d&rsquo;h\u00e9bergement<\/li>\n<li>La conception r\u00e9active garantit que votre site Web a fi\u00e8re allure sur n&rsquo;importe quel appareil, des ordinateurs de bureau aux smartphones<\/li>\n<li>Comprend une gamme de mod\u00e8les et de dispositions pr\u00e9-con\u00e7us, ce qui facilite la cr\u00e9ation d&rsquo;un site Web \u00e9l\u00e9gant et moderne<\/li>\n<li>Moteur de r\u00e9servation puissant int\u00e9gr\u00e9, permettant aux clients de rechercher facilement les chambres disponibles et de faire des r\u00e9servations en ligne<\/li>\n<li>La passerelle de paiement int\u00e9gr\u00e9e facilite l&rsquo;acceptation des paiements en ligne, ajoutant la commodit\u00e9 pour vous et vos clients<\/li>\n<li>Plusieurs options de personnalisation pour vous aider \u00e0 adapter votre site Web \u00e0 vos besoins sp\u00e9cifiques et \u00e0 votre identit\u00e9 de marque<\/li>\n<li>Documentation et soutien compl\u00e8tes incluses pour vous aider \u00e0 tirer le meilleur parti de votre nouveau th\u00e8me.<\/li>\n<\/ul>\n","protected":false},"excerpt":{"rendered":"<p>Le th\u00e8me WordPress de r\u00e9servation de l&rsquo;h\u00f4tel Sunway est un th\u00e8me incroyablement convivial et tr\u00e8s sophistiqu\u00e9 qui a \u00e9t\u00e9 d\u00e9licieusement con\u00e7u sp\u00e9cifiquement pour les h\u00f4tels, les stations baln\u00e9aires et divers autres fournisseurs d&rsquo;h\u00e9bergement. Ce th\u00e8me exceptionnel poss\u00e8de un syst\u00e8me de r\u00e9servation avanc\u00e9, permettant aux clients de faire des r\u00e9servations en ligne sans effort et en toute s\u00e9curit\u00e9 en utilisant facilement les passerelles de paiement int\u00e9gr\u00e9es. De plus, ce th\u00e8me remarquable offre une gamme d&rsquo;options de mise en page personnalisables, vous permettant d&rsquo;adapter votre site Web \u00e0 vos pr\u00e9f\u00e9rences pr\u00e9cises. De plus, la conception r\u00e9active du th\u00e8me garantit que votre site Web reste accessible aux clients, quel que soit l&rsquo;appareil qu&rsquo;ils utilisent. Pour acc\u00e9l\u00e9rer davantage le processus, vous pouvez opter pour l&rsquo;un des nombreux mod\u00e8les pr\u00e9fabriqu\u00e9s disponibles, ce qui r\u00e9duit consid\u00e9rablement le temps n\u00e9cessaire pour faire fonctionner votre site Web. L&rsquo;installation de ce th\u00e8me est une brise absolue, et si vous rencontrez des obstacles en cours de route, vous pouvez compter sur la documentation et le soutien approfondis qui l&rsquo;accompagnent. En s\u00e9lectionnant le th\u00e8me WordPress de r\u00e9servation de Sunway Hotel, vous assurez la cr\u00e9ation d&rsquo;une pr\u00e9sence en ligne pour votre entreprise h\u00f4teli\u00e8re qui est \u00e0 la fois conviviale et exceptionnellement professionnelle.<\/p>\n","protected":false},"featured_media":145403,"comment_status":"open","ping_status":"open","template":"","meta":[],"product_brand":[2433],"product_cat":[1558,1212,1213],"product_tag":[1366],"class_list":{"0":"post-115509","1":"product","2":"type-product","3":"status-publish","4":"has-post-thumbnail","6":"product_brand-themeforest","7":"product_cat-hotel-resort","8":"product_cat-themes","9":"product_cat-wordpress-themes","10":"product_tag-themeforest","11":"member-discount","12":"discount-restricted","14":"first","15":"instock","16":"sale","17":"downloadable","18":"virtual","19":"sold-individually","20":"purchasable","21":"product-type-simple"},"_links":{"self":[{"href":"https:\/\/gpl-love.com\/fr\/wp-json\/wp\/v2\/product\/115509","targetHints":{"allow":["GET"]}}],"collection":[{"href":"https:\/\/gpl-love.com\/fr\/wp-json\/wp\/v2\/product"}],"about":[{"href":"https:\/\/gpl-love.com\/fr\/wp-json\/wp\/v2\/types\/product"}],"replies":[{"embeddable":true,"href":"https:\/\/gpl-love.com\/fr\/wp-json\/wp\/v2\/comments?post=115509"}],"wp:featuredmedia":[{"embeddable":true,"href":"https:\/\/gpl-love.com\/fr\/wp-json\/wp\/v2\/media\/145403"}],"wp:attachment":[{"href":"https:\/\/gpl-love.com\/fr\/wp-json\/wp\/v2\/media?parent=115509"}],"wp:term":[{"taxonomy":"product_brand","embeddable":true,"href":"https:\/\/gpl-love.com\/fr\/wp-json\/wp\/v2\/product_brand?post=115509"},{"taxonomy":"product_cat","embeddable":true,"href":"https:\/\/gpl-love.com\/fr\/wp-json\/wp\/v2\/product_cat?post=115509"},{"taxonomy":"product_tag","embeddable":true,"href":"https:\/\/gpl-love.com\/fr\/wp-json\/wp\/v2\/product_tag?post=115509"}],"curies":[{"name":"wp","href":"https:\/\/api.w.org\/{rel}","templated":true}]}}