{"id":115507,"date":"2022-03-13T00:00:00","date_gmt":"2022-03-12T23:00:00","guid":{"rendered":"http:\/\/gpl-love.com\/fr\/produit\/sidebar-et-widget-manager-pour-wordpress\/"},"modified":"2026-04-10T18:39:39","modified_gmt":"2026-04-10T16:39:39","slug":"sidebar-et-widget-manager-pour-wordpress","status":"publish","type":"product","link":"https:\/\/gpl-love.com\/fr\/produit\/sidebar-et-widget-manager-pour-wordpress\/","title":{"rendered":"Sidebar et Widget Manager pour WordPress 4.6"},"content":{"rendered":"<h3>Sidebar et Widget Manager pour WordPress Traits<\/h3>\n<p>La barre lat\u00e9rale et le gestionnaire de widgets pour WordPress, un outil tr\u00e8s robuste, donne aux utilisateurs la possibilit\u00e9 de personnaliser de mani\u00e8re transparente leur site Web via des options de barre lat\u00e9rale et de widget. Avec l&rsquo;int\u00e9gration de ce plugin, on peut superviser et organiser sans effort la barre lat\u00e9rale et les widgets de leur site Web, cultivant une interface plus conviviale et m\u00e9thodique pour leurs visiteurs estim\u00e9s. Que ce soit une personne blogueuse, cr\u00e9ateur de contenu ou propri\u00e9taire d&rsquo;entreprise, ce plugin doit \u00eatre incontestablement consid\u00e9r\u00e9 comme un atout indispensable pour ceux qui cherchent \u00e0 \u00e9lever la fonctionnalit\u00e9 et l&rsquo;exp\u00e9rience utilisateur de son site Web. \u00c9quip\u00e9 d&rsquo;une gamme de fonctionnalit\u00e9s remarquables telles que la commodit\u00e9 du placement des widgets de glisser-d\u00e9poser, une abondance de zones de widgets \u00e0 explorer et des param\u00e8tres personnalisables, la barre lat\u00e9rale et le Widget Manager pour WordPress simplifie efficacement le processus d&rsquo;incorporation d&rsquo;\u00e9l\u00e9ments et de fonctionnalit\u00e9s de nouveaux \u00e9l\u00e9ments dans son site Web , am\u00e9liorant ainsi ses performances globales et son allure esth\u00e9tique.<\/p>\n<ul>\n<li>Organisez et g\u00e9rez tous vos param\u00e8tres de barre lat\u00e9rale et de widget WordPress avec facilit\u00e9.<\/li>\n<li>Cr\u00e9ez des barres lat\u00e9rales et des widgets personnalis\u00e9s sp\u00e9cifiques \u00e0 certaines pages \/ articles.<\/li>\n<li>Plusieurs options de mise en page personnalisables pour vos barres lat\u00e9rales et widgets.<\/li>\n<li>Une interface conviviale qui vous permet de glisser-d\u00e9poser des widgets en place.<\/li>\n<li>Aucun besoin de codage d&rsquo;exp\u00e9riences de codage ne peut facilement utiliser ce plugin pour cr\u00e9er des barres lat\u00e9rales et des widgets enti\u00e8rement fonctionnels.<\/li>\n<li>Compatible avec tous les th\u00e8mes et plugins WordPress.<\/li>\n<li>Gagnez du temps et augmentez la productivit\u00e9 avec une interface organis\u00e9e pour g\u00e9rer tous vos param\u00e8tres de barre lat\u00e9rale et de widget.<\/li>\n<li>Un plugin rapide et fiable qui ne ralentira pas votre site Web.<\/li>\n<li>Mises \u00e0 jour r\u00e9guli\u00e8res et excellent support des d\u00e9veloppeurs de plugins.<\/li>\n<li>Options de prix abordables pour s&rsquo;adapter \u00e0 tout budget.<\/li>\n<\/ul>\n","protected":false},"excerpt":{"rendered":"<p>Nous sommes ravis de vous pr\u00e9senter la solution la plus compl\u00e8te et la plus puissante pour g\u00e9rer efficacement les barres lat\u00e9rales et les widgets sur votre site Web WordPress! Notre barre lat\u00e9rale et gestionnaire de widget r\u00e9volutionnaire vous offre une gamme de fonctionnalit\u00e9s pratiques qui vous permettent d&rsquo;organiser, de personnaliser et de montrer sans effort votre contenu de barre lat\u00e9rale avec une facilit\u00e9 sans pr\u00e9c\u00e9dent gr\u00e2ce \u00e0 sa fonctionnalit\u00e9 de tra\u00een\u00e9e et de d\u00e9p\u00f4t intuitive. Cet outil innovant vous offre une interface conviviale qui fait de l&rsquo;ajout ou de la suppression des widgets un jeu d&rsquo;enfant, vous permettant d&rsquo;ajuster avec pr\u00e9cision leur placement et leur style en fonction de vos pr\u00e9f\u00e9rences. De plus, vous avez \u00e9galement la possibilit\u00e9 de cr\u00e9er des barres lat\u00e9rales sur mesure pour des pages ou des cat\u00e9gories sp\u00e9cifiques, am\u00e9liorant ainsi l&rsquo;exp\u00e9rience utilisateur globale. Offrez des adieux \u00e0 la t\u00e2che ardue de bricoler le code complexe de votre site Web et d&rsquo;adopter l&rsquo;av\u00e8nement d&rsquo;une interface plus rationalis\u00e9e et dynamique. \u00c9levez votre jeu de barres lat\u00e9rales WordPress aujourd&rsquo;hui en embrassant les capacit\u00e9s in\u00e9gal\u00e9es de notre remarquable barre lat\u00e9rale et gestionnaire de widgets!<\/p>\n","protected":false},"featured_media":145249,"comment_status":"open","ping_status":"open","template":"","meta":[],"product_brand":[2435],"product_cat":[1189,1181,1186],"product_tag":[1231],"class_list":{"0":"post-115507","1":"product","2":"type-product","3":"status-publish","4":"has-post-thumbnail","6":"product_brand-codecanyon","7":"product_cat-personnalisation","8":"product_cat-plugins","9":"product_cat-wordpress-plugins","10":"product_tag-codecanyon","11":"member-discount","12":"discount-restricted","14":"first","15":"instock","16":"sale","17":"downloadable","18":"virtual","19":"sold-individually","20":"purchasable","21":"product-type-simple"},"_links":{"self":[{"href":"https:\/\/gpl-love.com\/fr\/wp-json\/wp\/v2\/product\/115507","targetHints":{"allow":["GET"]}}],"collection":[{"href":"https:\/\/gpl-love.com\/fr\/wp-json\/wp\/v2\/product"}],"about":[{"href":"https:\/\/gpl-love.com\/fr\/wp-json\/wp\/v2\/types\/product"}],"replies":[{"embeddable":true,"href":"https:\/\/gpl-love.com\/fr\/wp-json\/wp\/v2\/comments?post=115507"}],"wp:featuredmedia":[{"embeddable":true,"href":"https:\/\/gpl-love.com\/fr\/wp-json\/wp\/v2\/media\/145249"}],"wp:attachment":[{"href":"https:\/\/gpl-love.com\/fr\/wp-json\/wp\/v2\/media?parent=115507"}],"wp:term":[{"taxonomy":"product_brand","embeddable":true,"href":"https:\/\/gpl-love.com\/fr\/wp-json\/wp\/v2\/product_brand?post=115507"},{"taxonomy":"product_cat","embeddable":true,"href":"https:\/\/gpl-love.com\/fr\/wp-json\/wp\/v2\/product_cat?post=115507"},{"taxonomy":"product_tag","embeddable":true,"href":"https:\/\/gpl-love.com\/fr\/wp-json\/wp\/v2\/product_tag?post=115507"}],"curies":[{"name":"wp","href":"https:\/\/api.w.org\/{rel}","templated":true}]}}