{"id":115505,"date":"2021-05-26T00:00:00","date_gmt":"2021-05-25T22:00:00","guid":{"rendered":"http:\/\/gpl-love.com\/fr\/produit\/selio-real-estate-directory-wordpress-theme\/"},"modified":"2026-04-10T18:39:12","modified_gmt":"2026-04-10T16:39:12","slug":"selio-real-estate-directory-wordpress-theme","status":"publish","type":"product","link":"https:\/\/gpl-love.com\/fr\/produit\/selio-real-estate-directory-wordpress-theme\/","title":{"rendered":"Selio Real Estate Directory WordPress Theme 1.4"},"content":{"rendered":"<h3>Selio Real Estate Directory WordPress Theme Traits<\/h3>\n<p>Le th\u00e8me WordPress du r\u00e9pertoire immobilier de Selio propose une solution compl\u00e8te et riche en fonctionnalit\u00e9s pour les personnes cherchant \u00e0 \u00e9tablir un site Web d&rsquo;annuaire professionnel et visuellement frappant pour les annonces immobili\u00e8res. B\u00e9n\u00e9ficiant d&rsquo;un design propre et contemporain, ce th\u00e8me est enti\u00e8rement r\u00e9actif et facilement personnalisable, ce qui donne aux utilisateurs la possibilit\u00e9 d&rsquo;incorporer parfaitement leur propre marque et leur propre contenu. De plus, ce th\u00e8me fournit un tableau de fonctionnalit\u00e9s puissantes telles que des options de recherche avanc\u00e9es, des pages d&rsquo;inscription personnalisables, une int\u00e9gration Google Maps sans couture et bien plus encore. Par cons\u00e9quent, c&rsquo;est un choix id\u00e9al pour ceux qui souhaitent d\u00e9velopper un site Web d&rsquo;annuaire immobilier de haut niveau qui se distingue vraiment de la concurrence. Que vous soyez un agent immobilier, un courtier ou un gestionnaire immobilier souhaitant pr\u00e9senter vos annonces, ou un entrepreneur aspirant \u00e0 construire un site Web de r\u00e9pertoire lucratif, le th\u00e8me WordPress du r\u00e9pertoire immobilier de Selio est sans \u00e9quivoque la s\u00e9lection parfaite pour vous.<\/p>\n<ul>\n<li>Design moderne et \u00e9l\u00e9gant avec des options personnalisables<\/li>\n<li>Compatible avec plusieurs langues et le plugin WPML<\/li>\n<li>Fonctionnalit\u00e9 de recherche avanc\u00e9e int\u00e9gr\u00e9e avec filtres<\/li>\n<li>Profils d&rsquo;agents et d&rsquo;agences avec des options de gestion de la liste<\/li>\n<li>Interface conviviale avec une navigation fluide<\/li>\n<li>Mobile r\u00e9actif pour tous les appareils, y compris les smartphones et les tablettes<\/li>\n<li>Int\u00e9gration avec des plugins tiers populaires comme PayPal et MailChimp<\/li>\n<li>SEO optimis\u00e9 avec des balises de m\u00e9ta faciles \u00e0 utiliser<\/li>\n<li>Mod\u00e8les de plusieurs pages, y compris les pages de page d&rsquo;accueil, de contact et de blog<\/li>\n<li>\u00c9quipe d&rsquo;assistance d\u00e9di\u00e9e pour l&rsquo;aide technique et les options de personnalisation<\/li>\n<\/ul>\n","protected":false},"excerpt":{"rendered":"<p>Selio est un th\u00e8me WordPress exceptionnellement robuste et multiforme qui a \u00e9t\u00e9 m\u00e9ticuleusement con\u00e7u pour vous aider dans la cr\u00e9ation d&rsquo;une plate-forme en ligne sophistiqu\u00e9e et tr\u00e8s efficace d\u00e9di\u00e9e aux listes immobili\u00e8res. Ce th\u00e8me poss\u00e8de une interface incroyablement conviviale coupl\u00e9e \u00e0 une vaste gamme d&rsquo;outils de pointe, vous permettant ainsi de montrer sans effort vos listes de propri\u00e9t\u00e9s, de filtrer efficacement les r\u00e9sultats de recherche et de g\u00e9rer de mani\u00e8re transparente les comptes d&rsquo;utilisateurs. Selio est pleinement r\u00e9actif et remarquablement personnalisable, vous permettant ainsi de l&rsquo;adapter avec pr\u00e9cision en fonction de vos exigences pr\u00e9cises et de vos pr\u00e9f\u00e9rences personnelles. Que vous soyez un agent immobilier chevronn\u00e9, un courtier chevronn\u00e9 ou un d\u00e9veloppeur astucieux, Selio repr\u00e9sente sans \u00e9quivoque un choix exceptionnel pour ceux qui cherchent \u00e0 forger un r\u00e9pertoire en ligne extr\u00eamement frappant et remarquablement prosp\u00e8re.<\/p>\n","protected":false},"featured_media":145209,"comment_status":"open","ping_status":"open","template":"","meta":[],"product_brand":[2433],"product_cat":[1356,1212,1213],"product_tag":[1366],"class_list":{"0":"post-115505","1":"product","2":"type-product","3":"status-publish","4":"has-post-thumbnail","6":"product_brand-themeforest","7":"product_cat-immobilier","8":"product_cat-themes","9":"product_cat-wordpress-themes","10":"product_tag-themeforest","11":"member-discount","12":"discount-restricted","14":"first","15":"instock","16":"sale","17":"downloadable","18":"virtual","19":"sold-individually","20":"purchasable","21":"product-type-simple"},"_links":{"self":[{"href":"https:\/\/gpl-love.com\/fr\/wp-json\/wp\/v2\/product\/115505","targetHints":{"allow":["GET"]}}],"collection":[{"href":"https:\/\/gpl-love.com\/fr\/wp-json\/wp\/v2\/product"}],"about":[{"href":"https:\/\/gpl-love.com\/fr\/wp-json\/wp\/v2\/types\/product"}],"replies":[{"embeddable":true,"href":"https:\/\/gpl-love.com\/fr\/wp-json\/wp\/v2\/comments?post=115505"}],"wp:featuredmedia":[{"embeddable":true,"href":"https:\/\/gpl-love.com\/fr\/wp-json\/wp\/v2\/media\/145209"}],"wp:attachment":[{"href":"https:\/\/gpl-love.com\/fr\/wp-json\/wp\/v2\/media?parent=115505"}],"wp:term":[{"taxonomy":"product_brand","embeddable":true,"href":"https:\/\/gpl-love.com\/fr\/wp-json\/wp\/v2\/product_brand?post=115505"},{"taxonomy":"product_cat","embeddable":true,"href":"https:\/\/gpl-love.com\/fr\/wp-json\/wp\/v2\/product_cat?post=115505"},{"taxonomy":"product_tag","embeddable":true,"href":"https:\/\/gpl-love.com\/fr\/wp-json\/wp\/v2\/product_tag?post=115505"}],"curies":[{"name":"wp","href":"https:\/\/api.w.org\/{rel}","templated":true}]}}