{"id":115503,"date":"2024-02-20T00:00:00","date_gmt":"2024-02-19T23:00:00","guid":{"rendered":"http:\/\/gpl-love.com\/fr\/produit\/scroller-custom-scrollbar-pour-wordpress\/"},"modified":"2026-04-10T18:38:43","modified_gmt":"2026-04-10T16:38:43","slug":"scroller-custom-scrollbar-pour-wordpress","status":"publish","type":"product","link":"https:\/\/gpl-love.com\/fr\/produit\/scroller-custom-scrollbar-pour-wordpress\/","title":{"rendered":"Scroller Custom Scrollbar pour WordPress 2.0.1"},"content":{"rendered":"<h3>Scroller Custom Scrollbar pour WordPress Traits<\/h3>\n<p>Scroller Custom Scrollbar pour WordPress, un outil robuste et multiforme, pr\u00e9sente aux utilisateurs une rencontre de d\u00e9filement in\u00e9gal\u00e9e qui est adapt\u00e9e et individualis\u00e9e. Ce plugin remarquable permet aux utilisateurs d&rsquo;adapter de mani\u00e8re globale l&rsquo;apparence et la fonctionnalit\u00e9 de leur barre de d\u00e9filement, ce qui le rend un compl\u00e9ment exceptionnel \u00e0 n&rsquo;importe quel site WordPress. B\u00e9n\u00e9ficiant d&rsquo;un assortiment de fonctionnalit\u00e9s sophistiqu\u00e9es, notamment le d\u00e9filement transparent, la compatibilit\u00e9 tactile et la compatibilit\u00e9 avec une pl\u00e9thore d&rsquo;appareils, le d\u00e9filement de d\u00e9filement personnalis\u00e9 Proffers une solution accessible et conviviale pour fabriquer un site Web enchanteur et anim\u00e9. Que vous aspiriez \u00e0 \u00e9lever l&rsquo;exp\u00e9rience utilisateur de votre site ou que vous vous efforcez simplement d&rsquo;impr\u00e9gner votre site avec une allure distinctive, la barre de d\u00e9filement personnalis\u00e9e de d\u00e9filement repr\u00e9sente positivement une s\u00e9lection extraordinaire.<\/p>\n<ul>\n<li>Scrollbar personnalisable avec un design moderne pour votre site Web WordPress<\/li>\n<li>Aucune exp\u00e9rience de codage requise pour l&rsquo;installation ou la configuration<\/li>\n<li>Page Speed \u200b\u200bOptimized pour une exp\u00e9rience utilisateur sans couture<\/li>\n<li>Capacit\u00e9 \u00e0 changer les couleurs, la largeur et la longueur de la barre de d\u00e9filement pour correspondre \u00e0 la marque de votre site Web<\/li>\n<li>Fonctionne avec tous les principaux navigateurs, y compris Chrome, Firefox et Safari<\/li>\n<li>Compatible avec tous les th\u00e8mes et plugins WordPress<\/li>\n<li>Interface conviviale pour une navigation et un contr\u00f4le faciles<\/li>\n<li>Vitesse de d\u00e9filement r\u00e9glable pour le contr\u00f4le ultime de l&rsquo;utilisateur<\/li>\n<li>Support client 24\/7 et mises \u00e0 jour pour des performances fiables.<\/li>\n<\/ul>\n","protected":false},"excerpt":{"rendered":"<p>Le plugin Scrollbar personnalis\u00e9 de Scroller pour WordPress offre une occasion incroyable pour les propri\u00e9taires de sites Web d&rsquo;\u00e9lever l&rsquo;exp\u00e9rience de navigation de leurs visiteurs estim\u00e9s en incorporant de mani\u00e8re transparente une barre de d\u00e9filement visuellement captivante et enti\u00e8rement personnalisable dans leurs pages Web. Avec une vaste gamme d&rsquo;alternatives de conception \u00e0 votre disposition, vous pouvez cr\u00e9er sans effort une esth\u00e9tique unique qui s&rsquo;aligne parfaitement sur le th\u00e8me global de votre site Web. La facilit\u00e9 d&rsquo;installation et d&rsquo;utilisation associ\u00e9e \u00e0 ce plugin assure une exp\u00e9rience sans tracas, vous permettant d&rsquo;adapter sans effort la couleur, la largeur, la hauteur et un \u00e9ventail d&rsquo;attributs suppl\u00e9mentaires de la barre de d\u00e9filement pour r\u00e9pondre \u00e0 vos pr\u00e9f\u00e9rences uniques. Am\u00e9liorez l&rsquo;apparence globale de votre site Web et d\u00e9gagez un sentiment de professionnalisme et de finesse avec la barre de d\u00e9filement personnalis\u00e9e du d\u00e9filement pour WordPress.<\/p>\n","protected":false},"featured_media":145171,"comment_status":"open","ping_status":"open","template":"","meta":[],"product_brand":[2435],"product_cat":[1189,1181,1186],"product_tag":[1231],"class_list":{"0":"post-115503","1":"product","2":"type-product","3":"status-publish","4":"has-post-thumbnail","6":"product_brand-codecanyon","7":"product_cat-personnalisation","8":"product_cat-plugins","9":"product_cat-wordpress-plugins","10":"product_tag-codecanyon","11":"member-discount","12":"discount-restricted","14":"first","15":"instock","16":"sale","17":"downloadable","18":"virtual","19":"sold-individually","20":"purchasable","21":"product-type-simple"},"_links":{"self":[{"href":"https:\/\/gpl-love.com\/fr\/wp-json\/wp\/v2\/product\/115503","targetHints":{"allow":["GET"]}}],"collection":[{"href":"https:\/\/gpl-love.com\/fr\/wp-json\/wp\/v2\/product"}],"about":[{"href":"https:\/\/gpl-love.com\/fr\/wp-json\/wp\/v2\/types\/product"}],"replies":[{"embeddable":true,"href":"https:\/\/gpl-love.com\/fr\/wp-json\/wp\/v2\/comments?post=115503"}],"wp:featuredmedia":[{"embeddable":true,"href":"https:\/\/gpl-love.com\/fr\/wp-json\/wp\/v2\/media\/145171"}],"wp:attachment":[{"href":"https:\/\/gpl-love.com\/fr\/wp-json\/wp\/v2\/media?parent=115503"}],"wp:term":[{"taxonomy":"product_brand","embeddable":true,"href":"https:\/\/gpl-love.com\/fr\/wp-json\/wp\/v2\/product_brand?post=115503"},{"taxonomy":"product_cat","embeddable":true,"href":"https:\/\/gpl-love.com\/fr\/wp-json\/wp\/v2\/product_cat?post=115503"},{"taxonomy":"product_tag","embeddable":true,"href":"https:\/\/gpl-love.com\/fr\/wp-json\/wp\/v2\/product_tag?post=115503"}],"curies":[{"name":"wp","href":"https:\/\/api.w.org\/{rel}","templated":true}]}}