{"id":115501,"date":"2026-03-18T00:00:00","date_gmt":"2026-03-17T23:00:00","guid":{"rendered":"http:\/\/gpl-love.com\/fr\/produit\/publishpress-revisions-pro\/"},"modified":"2026-04-10T18:37:25","modified_gmt":"2026-04-10T16:37:25","slug":"publishpress-revisions-pro","status":"publish","type":"product","link":"https:\/\/gpl-love.com\/fr\/produit\/publishpress-revisions-pro\/","title":{"rendered":"PublishPress Revisions Pro 3.7.24"},"content":{"rendered":"<h3>PublishPress Revisions Pro Traits<\/h3>\n<p>PublishPress Revisions Pro est un plugin WordPress innovant et tr\u00e8s efficace qui fournit aux propri\u00e9taires de sites Web et aux cr\u00e9ateurs de contenu la capacit\u00e9 de g\u00e9rer et de suivre efficacement toutes les modifications apport\u00e9es au contenu de leur site Web. Ce plugin remarquable offre aux utilisateurs la commodit\u00e9 de surveiller et d&rsquo;approuver facilement les r\u00e9visions, d&rsquo;\u00e9tablir des flux de travail personnalis\u00e9s et de collaborer de mani\u00e8re transparente avec les membres de leur \u00e9quipe. Que vous vous identifiiez en tant que blogueur, \u00e9crivain, \u00e9diteur ou \u00e9diteur, ce plugin in\u00e9gal\u00e9 sert \u00e0 optimiser votre processus de cr\u00e9ation de contenu et garantit que le contenu de votre site Web est syst\u00e9matiquement mis \u00e0 jour et d\u00e9pourvu de toute erreur. En incorporant PublishPress Revisions Pro dans votre flux de travail, vous g\u00e9rerez sans effort vos r\u00e9visions, vous gagnerez un temps pr\u00e9cieux et priorisez la cr\u00e9ation d&rsquo;un contenu de qualit\u00e9 sup\u00e9rieure qui captive et engage votre public.<\/p>\n<ul>\n<li>Active la collaboration et l&rsquo;\u00e9dition de haut niveau du contenu sur les sites WordPress<\/li>\n<li>Permet aux utilisateurs de r\u00e9viser et de restaurer facilement les versions pr\u00e9c\u00e9dentes du contenu<\/li>\n<li>Fournit une interface utilisateur rationalis\u00e9e et visuellement attrayante pour la gestion de la r\u00e9vision<\/li>\n<li>Offre des notifications personnalis\u00e9es et des statuts de r\u00e9vision pour le travail d&rsquo;\u00e9quipe sans couture<\/li>\n<li>Ajoute le suivi avanc\u00e9 des auteurs pour surveiller les modifications apport\u00e9es au contenu au fil du temps<\/li>\n<li>Prend en charge les champs personnalis\u00e9s et les r\u00e9visions de taxonomie pour une gestion de contenu encore plus compl\u00e8te<\/li>\n<li>Offre la possibilit\u00e9 de d\u00e9finir des limites de r\u00e9vision et des autorisations pour assurer l&rsquo;int\u00e9grit\u00e9 et la s\u00e9curit\u00e9 du contenu<\/li>\n<\/ul>\n","protected":false},"excerpt":{"rendered":"<p>En utilisant PublishPress Revisions Pro, vous obtenez la capacit\u00e9 transparente de g\u00e9rer efficacement et de surveiller m\u00e9ticuleusement vos publications et pages WordPress. Ce plugin exceptionnellement robuste vous permet \u00e0 analyser et \u00e0 contraster soigneusement diverses it\u00e9rations de votre contenu, des statuts de r\u00e9vision sur mesure de la mode et d&rsquo;\u00e9tablir des autorisations \u00e9ditoriales adapt\u00e9es \u00e0 des utilisateurs sp\u00e9cifiques. Par cons\u00e9quent, vous \u00eates en mesure de rester sans effort au courant des modifications apport\u00e9es \u00e0 votre contenu et d&rsquo;optimiser l&rsquo;efficacit\u00e9 de votre flux de travail \u00e9ditorial gr\u00e2ce \u00e0 l&rsquo;utilisation de PublishPress Revisions Pro.<\/p>\n","protected":false},"featured_media":145049,"comment_status":"open","ping_status":"open","template":"","meta":[],"product_brand":[2637],"product_cat":[1189,1181,1186],"product_tag":[2188],"class_list":{"0":"post-115501","1":"product","2":"type-product","3":"status-publish","4":"has-post-thumbnail","6":"product_brand-publishpress","7":"product_cat-personnalisation","8":"product_cat-plugins","9":"product_cat-wordpress-plugins","10":"product_tag-publishpress","11":"member-discount","12":"discount-restricted","14":"first","15":"instock","16":"sale","17":"downloadable","18":"virtual","19":"sold-individually","20":"purchasable","21":"product-type-simple"},"_links":{"self":[{"href":"https:\/\/gpl-love.com\/fr\/wp-json\/wp\/v2\/product\/115501","targetHints":{"allow":["GET"]}}],"collection":[{"href":"https:\/\/gpl-love.com\/fr\/wp-json\/wp\/v2\/product"}],"about":[{"href":"https:\/\/gpl-love.com\/fr\/wp-json\/wp\/v2\/types\/product"}],"replies":[{"embeddable":true,"href":"https:\/\/gpl-love.com\/fr\/wp-json\/wp\/v2\/comments?post=115501"}],"wp:featuredmedia":[{"embeddable":true,"href":"https:\/\/gpl-love.com\/fr\/wp-json\/wp\/v2\/media\/145049"}],"wp:attachment":[{"href":"https:\/\/gpl-love.com\/fr\/wp-json\/wp\/v2\/media?parent=115501"}],"wp:term":[{"taxonomy":"product_brand","embeddable":true,"href":"https:\/\/gpl-love.com\/fr\/wp-json\/wp\/v2\/product_brand?post=115501"},{"taxonomy":"product_cat","embeddable":true,"href":"https:\/\/gpl-love.com\/fr\/wp-json\/wp\/v2\/product_cat?post=115501"},{"taxonomy":"product_tag","embeddable":true,"href":"https:\/\/gpl-love.com\/fr\/wp-json\/wp\/v2\/product_tag?post=115501"}],"curies":[{"name":"wp","href":"https:\/\/api.w.org\/{rel}","templated":true}]}}