{"id":115497,"date":"2026-04-18T00:00:00","date_gmt":"2026-04-17T22:00:00","guid":{"rendered":"http:\/\/gpl-love.com\/fr\/produit\/publishpress-checklists-pro\/"},"modified":"2026-04-19T00:30:52","modified_gmt":"2026-04-18T22:30:52","slug":"publishpress-checklists-pro","status":"publish","type":"product","link":"https:\/\/gpl-love.com\/fr\/produit\/publishpress-checklists-pro\/","title":{"rendered":"PublishPress Checklists Pro 2.28.0"},"content":{"rendered":"<h3>PublishPress Checklists Pro Traits<\/h3>\n<p>PublishPress Checklists Pro est un outil indispensable pour les personnes qui poss\u00e8dent un site Web WordPress et souhaitent garantir la qualit\u00e9 et la coh\u00e9rence de leur contenu. Ce plugin exceptionnellement robuste offre la capacit\u00e9 d&rsquo;\u00e9tablir des listes de contr\u00f4le personnalis\u00e9es qui guident de mani\u00e8re exhaustive les utilisateurs tout au long de l&rsquo;int\u00e9gralit\u00e9 du processus de cr\u00e9ation de contenu, en commen\u00e7ant par les id\u00e9es et en concluant avec publication. Notamment, ces listes de contr\u00f4le peuvent \u00eatre adapt\u00e9es \u00e0 chaque \u00e9tape cardinale du processus, englobant la recherche, l&rsquo;\u00e9criture, l&rsquo;\u00e9dition et l&rsquo;optimisation du r\u00e9f\u00e9rencement. De plus, un \u00e9ventail de fonctionnalit\u00e9s remarquables, y compris le suivi des progr\u00e8s, l&rsquo;allocation des t\u00e2ches et les rappels par e-mail, sont int\u00e9gr\u00e9s dans le plugin, ce qui facilite de mani\u00e8re transparente la gestion efficace de son flux de travail de cr\u00e9ation de contenu. En exploitant les capacit\u00e9s remarquables de PublishPress Checklists Pro, les propri\u00e9taires de sites Web peuvent v\u00e9rifier en toute confiance que chaque contenu qu&rsquo;ils publient se caract\u00e9rise par une excellence in\u00e9gal\u00e9e tout en s&rsquo;alignant avec leurs normes et crit\u00e8res uniques.<\/p>\n<ul>\n<li>Cr\u00e9ation et gestion faciles des listes de contr\u00f4le pour WordPress<\/li>\n<li>Assurer la coh\u00e9rence et la pr\u00e9cision dans la cr\u00e9ation de contenu<\/li>\n<li>Listes de contr\u00f4le personnalisables pour des flux de travail et des processus sp\u00e9cifiques<\/li>\n<li>Plusieurs mod\u00e8les de liste de contr\u00f4le pour choisir ou cr\u00e9er le v\u00f4tre<\/li>\n<li>Affecter des listes de contr\u00f4le \u00e0 des utilisateurs ou des r\u00f4les sp\u00e9cifiques<\/li>\n<li>Suivre les progr\u00e8s et l&rsquo;ach\u00e8vement des \u00e9l\u00e9ments de liste de contr\u00f4le<\/li>\n<li>Appliquer automatiquement la liste de contr\u00f4le avant la publication du contenu<\/li>\n<li>Int\u00e9gration avec d&rsquo;autres plugins PublishPress Pro pour un flux de travail rationalis\u00e9<\/li>\n<li>Garantie de remboursement de 30 jours pour la tranquillit\u00e9 d&rsquo;esprit<\/li>\n<\/ul>\n","protected":false},"excerpt":{"rendered":"<p>PublishPress Checklists Pro est une solution de gestion de contenu incroyablement robuste et riche en fonctionnalit\u00e9s con\u00e7ue sp\u00e9cifiquement pour WordPress. Il fournit une vaste gamme d&rsquo;outils et de fonctionnalit\u00e9s qui permettent aux utilisateurs de g\u00e9rer et de publier efficacement leur contenu. L&rsquo;une des fonctionnalit\u00e9s remarquables de CheckLists Pro est sa capacit\u00e9 \u00e0 cr\u00e9er et \u00e0 impl\u00e9menter des listes de contr\u00f4le tout au long du processus de cr\u00e9ation de contenu. Ces listes de contr\u00f4le garantissent que chaque message est m\u00e9ticuleusement optimis\u00e9 pour l&rsquo;optimisation des moteurs de recherche (r\u00e9f\u00e9rencement), correctement format\u00e9 et adh\u00e8re \u00e0 toutes les directives pertinentes. En utilisant ces listes de contr\u00f4le, les cr\u00e9ateurs de contenu peuvent am\u00e9liorer consid\u00e9rablement la qualit\u00e9 et l&rsquo;efficacit\u00e9 de leur contenu. De plus, Checklists Pro propose des workflows hautement personnalisables qui peuvent \u00eatre adapt\u00e9s pour r\u00e9pondre aux besoins et pr\u00e9f\u00e9rences sp\u00e9cifiques des utilisateurs individuels. Cette flexibilit\u00e9 permet une collaboration d&rsquo;\u00e9quipe transparente et garantit que toutes les personnes impliqu\u00e9es dans le processus de cr\u00e9ation de contenu sont sur la m\u00eame longueur d&rsquo;onde.<\/p>\n","protected":false},"featured_media":145046,"comment_status":"open","ping_status":"open","template":"","meta":[],"product_brand":[2637],"product_cat":[1189,1181,1186],"product_tag":[2188],"class_list":{"0":"post-115497","1":"product","2":"type-product","3":"status-publish","4":"has-post-thumbnail","6":"product_brand-publishpress","7":"product_cat-personnalisation","8":"product_cat-plugins","9":"product_cat-wordpress-plugins","10":"product_tag-publishpress","11":"member-discount","12":"discount-restricted","14":"first","15":"instock","16":"sale","17":"downloadable","18":"virtual","19":"sold-individually","20":"purchasable","21":"product-type-simple"},"_links":{"self":[{"href":"https:\/\/gpl-love.com\/fr\/wp-json\/wp\/v2\/product\/115497","targetHints":{"allow":["GET"]}}],"collection":[{"href":"https:\/\/gpl-love.com\/fr\/wp-json\/wp\/v2\/product"}],"about":[{"href":"https:\/\/gpl-love.com\/fr\/wp-json\/wp\/v2\/types\/product"}],"replies":[{"embeddable":true,"href":"https:\/\/gpl-love.com\/fr\/wp-json\/wp\/v2\/comments?post=115497"}],"wp:featuredmedia":[{"embeddable":true,"href":"https:\/\/gpl-love.com\/fr\/wp-json\/wp\/v2\/media\/145046"}],"wp:attachment":[{"href":"https:\/\/gpl-love.com\/fr\/wp-json\/wp\/v2\/media?parent=115497"}],"wp:term":[{"taxonomy":"product_brand","embeddable":true,"href":"https:\/\/gpl-love.com\/fr\/wp-json\/wp\/v2\/product_brand?post=115497"},{"taxonomy":"product_cat","embeddable":true,"href":"https:\/\/gpl-love.com\/fr\/wp-json\/wp\/v2\/product_cat?post=115497"},{"taxonomy":"product_tag","embeddable":true,"href":"https:\/\/gpl-love.com\/fr\/wp-json\/wp\/v2\/product_tag?post=115497"}],"curies":[{"name":"wp","href":"https:\/\/api.w.org\/{rel}","templated":true}]}}