{"id":115495,"date":"2026-03-25T00:00:00","date_gmt":"2026-03-24T23:00:00","guid":{"rendered":"http:\/\/gpl-love.com\/fr\/produit\/publishpress-capabilities-pro\/"},"modified":"2026-04-10T18:37:21","modified_gmt":"2026-04-10T16:37:21","slug":"publishpress-capabilities-pro","status":"publish","type":"product","link":"https:\/\/gpl-love.com\/fr\/produit\/publishpress-capabilities-pro\/","title":{"rendered":"PublishPress Capabilities Pro 2.42.0"},"content":{"rendered":"<h3>PublishPress Capabilities Pro Traits<\/h3>\n<p>PublishPress Capacities Pro est un plugin extr\u00eamement robuste qui a \u00e9t\u00e9 m\u00e9ticuleusement con\u00e7u pour r\u00e9pondre aux besoins sp\u00e9cifiques des sites Web WordPress, vous permettant efficacement de gouverner et de superviser l&rsquo;acc\u00e8s et les autorisations des utilisateurs. En exploitant le potentiel de ce plugin exceptionnel, vous gagnez la possibilit\u00e9 d&rsquo;adapter sans effort les r\u00f4les des utilisateurs pour r\u00e9pondre \u00e0 vos exigences, de la mode sur mesure et d&rsquo;administrer avec diligence les autorisations pour chaque r\u00f4le distinct sur votre site Web estim\u00e9. De plus, ce plugin vous accorde une interface remarquablement conviviale, vous \u00e9quipant ainsi des outils n\u00e9cessaires pour r\u00e9guler de mani\u00e8re transparente l&rsquo;acc\u00e8s aux publications, des pages, des types de publication personnalis\u00e9s et m\u00eame des sections tr\u00e8s sp\u00e9cifiques de votre site Web. Que votre intention soit de limiter l&rsquo;acc\u00e8s au contenu classifi\u00e9 ou de donner \u00e0 un groupe s\u00e9lectionn\u00e9 de personnes ayant un contr\u00f4le accru sur votre site Web, PublishPress Capacities Pro est une solution globale, remplie d&rsquo;un vaste \u00e9ventail d&rsquo;outils qui facilitent habilement la gestion efficace de la gestion de la gestion de la gestion efficace de la gestion de la gestion de la gestion efficace de la gestion de la gestion de la gestion efficace de la gestion de la gestion de la gestion efficace de la gestion de la gestion de la gestion efficace de la gestion de la gestion de la gestion efficace de la gestion de la gestion de la gestion efficace de la gestion de la gestion de la gestion efficace de la gestion de la gestion efficace de la gestion de la gestion efficace de la gestion efficace de la gestion de la gestion efficace de la gestion de la gestion efficace de la gestion de la gestion efficace de la gestion efficace de la gestion de la gestion efficace de la gestion efficace de la gestion efficace de la gestion efficace de Acc\u00e8s et fortification des utilisateurs de la s\u00e9curit\u00e9 sur votre site WordPress ch\u00e9ri.<\/p>\n<ul>\n<li>Contr\u00f4le avanc\u00e9 sur les r\u00f4les des utilisateurs et les autorisations sur les sites Web WordPress<\/li>\n<li>Capacit\u00e9 \u00e0 cr\u00e9er des r\u00f4les utilisateur personnalis\u00e9s et \u00e0 attribuer des capacit\u00e9s sp\u00e9cifiques<\/li>\n<li>Contr\u00f4le \u00e0 grains fins sur les autorisations d&rsquo;\u00e9dition, d&rsquo;\u00e9dition et de gestion du contenu<\/li>\n<li>Interface facile \u00e0 utiliser pour g\u00e9rer les r\u00f4les et les capacit\u00e9s des utilisateurs<\/li>\n<li>Compatible avec les constructeurs de page et les plugins populaires<\/li>\n<li>Flux de travail rationalis\u00e9 pour la collaboration et la gestion du contenu<\/li>\n<li>S\u00e9curit\u00e9 et protection accrue contre l&rsquo;acc\u00e8s ou l&rsquo;\u00e9dition non autoris\u00e9 du contenu<\/li>\n<li>Options de prix flexibles, y compris les licences personnelles, commerciales et d&rsquo;agence<\/li>\n<li>Acc\u00e8s aux mises \u00e0 jour et \u00e0 l&rsquo;assistance en cours de l&rsquo;\u00e9quipe PublishPress.<\/li>\n<\/ul>\n","protected":false},"excerpt":{"rendered":"<p>PublishPress Capacities Pro est un plugin tr\u00e8s robuste et efficace qui offre aux utilisateurs la possibilit\u00e9 de personnaliser et d&rsquo;adapter largement leurs r\u00f4les et autorisations utilisateur WordPress. En utilisant ce plugin, les individus peuvent exercer un contr\u00f4le pr\u00e9cis sur l&rsquo;acc\u00e8s \u00e0 divers domaines de leur site Web, d\u00e9cider strat\u00e9giquement qui poss\u00e8de le pouvoir de publier, d&rsquo;\u00e9diter ou de supprimer du contenu, ainsi que de g\u00e9rer efficacement les autorisations pour les utilisateurs et les r\u00f4les sp\u00e9cifiques. De plus, ce plugin remarquable permet aux utilisateurs de cr\u00e9er sans effort des r\u00f4les utilisateur personnalis\u00e9s qui sont \u00e9quip\u00e9s de capacit\u00e9s tr\u00e8s sp\u00e9cifiques, qui peuvent ensuite \u00eatre affect\u00e9es sans effort aux utilisateurs d\u00e9sign\u00e9s. Que vous soyez le propri\u00e9taire d&rsquo;un blog modeste ou du chef d&rsquo;une entreprise en ligne florissante, l&rsquo;utilisation de PublishPress Capacities Pro est garantie pour att\u00e9nuer consid\u00e9rablement le fardeau de la gestion des autorisations des utilisateurs, tout en renfor\u00e7ant simultan\u00e9ment la s\u00e9curit\u00e9 globale de votre site Web.<\/p>\n","protected":false},"featured_media":145045,"comment_status":"open","ping_status":"open","template":"","meta":[],"product_brand":[2637],"product_cat":[1189,1181,1186],"product_tag":[2188],"class_list":{"0":"post-115495","1":"product","2":"type-product","3":"status-publish","4":"has-post-thumbnail","6":"product_brand-publishpress","7":"product_cat-personnalisation","8":"product_cat-plugins","9":"product_cat-wordpress-plugins","10":"product_tag-publishpress","11":"member-discount","12":"discount-restricted","14":"first","15":"instock","16":"sale","17":"downloadable","18":"virtual","19":"sold-individually","20":"purchasable","21":"product-type-simple"},"_links":{"self":[{"href":"https:\/\/gpl-love.com\/fr\/wp-json\/wp\/v2\/product\/115495","targetHints":{"allow":["GET"]}}],"collection":[{"href":"https:\/\/gpl-love.com\/fr\/wp-json\/wp\/v2\/product"}],"about":[{"href":"https:\/\/gpl-love.com\/fr\/wp-json\/wp\/v2\/types\/product"}],"replies":[{"embeddable":true,"href":"https:\/\/gpl-love.com\/fr\/wp-json\/wp\/v2\/comments?post=115495"}],"wp:featuredmedia":[{"embeddable":true,"href":"https:\/\/gpl-love.com\/fr\/wp-json\/wp\/v2\/media\/145045"}],"wp:attachment":[{"href":"https:\/\/gpl-love.com\/fr\/wp-json\/wp\/v2\/media?parent=115495"}],"wp:term":[{"taxonomy":"product_brand","embeddable":true,"href":"https:\/\/gpl-love.com\/fr\/wp-json\/wp\/v2\/product_brand?post=115495"},{"taxonomy":"product_cat","embeddable":true,"href":"https:\/\/gpl-love.com\/fr\/wp-json\/wp\/v2\/product_cat?post=115495"},{"taxonomy":"product_tag","embeddable":true,"href":"https:\/\/gpl-love.com\/fr\/wp-json\/wp\/v2\/product_tag?post=115495"}],"curies":[{"name":"wp","href":"https:\/\/api.w.org\/{rel}","templated":true}]}}