{"id":115493,"date":"2026-04-21T00:00:00","date_gmt":"2026-04-20T22:00:00","guid":{"rendered":"http:\/\/gpl-love.com\/fr\/produit\/publishpress-authors-pro\/"},"modified":"2026-04-21T18:30:45","modified_gmt":"2026-04-21T16:30:45","slug":"publishpress-authors-pro","status":"publish","type":"product","link":"https:\/\/gpl-love.com\/fr\/produit\/publishpress-authors-pro\/","title":{"rendered":"PublishPress Authors Pro 4.14.0"},"content":{"rendered":"<h3>PublishPress Authors Pro Traits<\/h3>\n<p>Le plugin PublishPress auteurs Pro offre aux propri\u00e9taires et gestionnaires de sites Web une solution de gestion de contenu robuste et efficace, facilitant la gestion transparente des auteurs et des contributeurs. Son large \u00e9ventail de fonctionnalit\u00e9s permet aux utilisateurs d&rsquo;\u00e9tablir sans effort des profils d&rsquo;auteur personnalis\u00e9s, d&rsquo;administrer des autorisations et de r\u00f4les et de surveiller les performances du contenu. De plus, le plugin permet la cr\u00e9ation du BIOS des auteurs, qui peut \u00eatre incorpor\u00e9 dans diverses pages du site Web, fournissant ainsi aux lecteurs un contexte inestimable entourant le contenu qu&rsquo;ils parcourt. Peu importe que l&rsquo;on exploite un blog, un site d&rsquo;information ou un magazine en ligne, l&rsquo;indispensabilit\u00e9 de PublishPress Auteurs Pro comme un outil pour superviser efficacement une \u00e9quipe de contributeurs et g\u00e9n\u00e9rer du contenu de premier ordre ne peut pas \u00eatre surestim\u00e9.<\/p>\n<ul>\n<li>G\u00e9rez facilement les auteurs de votre site WordPress<\/li>\n<li>D\u00e9finir les profils et les biographies des auteurs personnalis\u00e9s<\/li>\n<li>Contr\u00f4lez les auteurs qui peuvent publier, \u00e9diter ou mod\u00e9rer du contenu<\/li>\n<li>Attribuer des auteurs \u00e0 des cat\u00e9gories ou des balises sp\u00e9cifiques<\/li>\n<li>Cr\u00e9er et g\u00e9rer les auteurs invit\u00e9s pour des contributions uniques<\/li>\n<li>Planifiez le contenu \u00e0 publier \u00e0 une heure et une date sp\u00e9cifiques<\/li>\n<li>Examiner et approuver les soumissions des auteurs avant de publier<\/li>\n<li>Personnaliser les autorisations et les r\u00f4les des auteurs pour s&rsquo;adapter \u00e0 votre flux de travail d&rsquo;\u00e9dition<\/li>\n<li>Fournit une interface conviviale pour g\u00e9rer les t\u00e2ches li\u00e9es aux auteurs<\/li>\n<li>S&rsquo;int\u00e8gre parfaitement aux th\u00e8mes et plugins WordPress populaires.<\/li>\n<\/ul>\n","protected":false},"excerpt":{"rendered":"<p>Le produit connu sous le nom de PublishPress Auteurs Pro a \u00e9t\u00e9 sp\u00e9cialement con\u00e7u pour rationaliser la t\u00e2che souvent ardue de g\u00e9rer plusieurs auteurs sur un site WordPress. Gr\u00e2ce \u00e0 l&rsquo;utilisation de cet outil innovant, les administrateurs de sites ont la possibilit\u00e9 de cr\u00e9er et d&rsquo;attribuer sans effort divers r\u00f4les \u00e0 leurs auteurs, de g\u00e9rer efficacement leurs profils et d&rsquo;exercer un contr\u00f4le sur leur acc\u00e8s au contenu. De plus, les auteurs pro sont \u00e9quip\u00e9s d&rsquo;un \u00e9ventail d&rsquo;outils de collaboration inestimables, tels que l&rsquo;inclusion de notes et de commentaires \u00e9ditoriaux, ainsi que l&rsquo;option pratique pour \u00e9tablir des profils d&rsquo;auteur avec des liens sur les r\u00e9seaux sociaux et des biographies engageantes. En rationalisant efficacement le processus de gestion des auteurs, les auteurs pro ont r\u00e9ussi \u00e0 att\u00e9nuer les demandes lourdes impos\u00e9es aux administrateurs du site, leur offrant la possibilit\u00e9 d&rsquo;allouer leur temps et leurs efforts pr\u00e9cieux vers l&rsquo;objectif critique de publier un contenu de haute qualit\u00e9 de haute qualit\u00e9.<\/p>\n","protected":false},"featured_media":145043,"comment_status":"open","ping_status":"open","template":"","meta":[],"product_brand":[2637],"product_cat":[1189,1181,1186],"product_tag":[2188],"class_list":{"0":"post-115493","1":"product","2":"type-product","3":"status-publish","4":"has-post-thumbnail","6":"product_brand-publishpress","7":"product_cat-personnalisation","8":"product_cat-plugins","9":"product_cat-wordpress-plugins","10":"product_tag-publishpress","11":"member-discount","12":"discount-restricted","14":"first","15":"instock","16":"sale","17":"downloadable","18":"virtual","19":"sold-individually","20":"purchasable","21":"product-type-simple"},"_links":{"self":[{"href":"https:\/\/gpl-love.com\/fr\/wp-json\/wp\/v2\/product\/115493","targetHints":{"allow":["GET"]}}],"collection":[{"href":"https:\/\/gpl-love.com\/fr\/wp-json\/wp\/v2\/product"}],"about":[{"href":"https:\/\/gpl-love.com\/fr\/wp-json\/wp\/v2\/types\/product"}],"replies":[{"embeddable":true,"href":"https:\/\/gpl-love.com\/fr\/wp-json\/wp\/v2\/comments?post=115493"}],"wp:featuredmedia":[{"embeddable":true,"href":"https:\/\/gpl-love.com\/fr\/wp-json\/wp\/v2\/media\/145043"}],"wp:attachment":[{"href":"https:\/\/gpl-love.com\/fr\/wp-json\/wp\/v2\/media?parent=115493"}],"wp:term":[{"taxonomy":"product_brand","embeddable":true,"href":"https:\/\/gpl-love.com\/fr\/wp-json\/wp\/v2\/product_brand?post=115493"},{"taxonomy":"product_cat","embeddable":true,"href":"https:\/\/gpl-love.com\/fr\/wp-json\/wp\/v2\/product_cat?post=115493"},{"taxonomy":"product_tag","embeddable":true,"href":"https:\/\/gpl-love.com\/fr\/wp-json\/wp\/v2\/product_tag?post=115493"}],"curies":[{"name":"wp","href":"https:\/\/api.w.org\/{rel}","templated":true}]}}