{"id":115491,"date":"2022-11-27T00:00:00","date_gmt":"2022-11-26T23:00:00","guid":{"rendered":"http:\/\/gpl-love.com\/fr\/produit\/portfolio-manager-pro-responsive-portfolio-et-gallery\/"},"modified":"2026-03-20T23:31:58","modified_gmt":"2026-03-20T22:31:58","slug":"portfolio-manager-pro-responsive-portfolio-et-gallery","status":"publish","type":"product","link":"https:\/\/gpl-love.com\/fr\/produit\/portfolio-manager-pro-responsive-portfolio-et-gallery\/","title":{"rendered":"Portfolio Manager Pro Responsive Portfolio et Gallery 3.7"},"content":{"rendered":"<h3>Portfolio Manager Pro Responsive Portfolio et Gallery Traits<\/h3>\n<p>Portfolio Manager Pro est un outil remarquablement r\u00e9actif et remarquablement polyvalent pour la gestion du portefeuille et des galeries, parfaitement adapt\u00e9 aux photographes et concepteurs professionnels dans un large \u00e9ventail d&rsquo;industries. Son interface est incroyablement intuitive, permettant aux utilisateurs de t\u00e9l\u00e9charger, organiser et exposer sans effort leurs efforts cr\u00e9atifs d&rsquo;une mani\u00e8re visuellement captivante et engageante. L&rsquo;outil poss\u00e8de une abondance d&rsquo;options de personnalisation, accordant aux utilisateurs la possibilit\u00e9 de personnaliser l&rsquo;apparence de leurs portefeuilles pour s&rsquo;aligner parfaitement avec leur marque et leur style artistique souhait\u00e9. Que ce soit pr\u00e9sent\u00e9 comme une galerie autonome ou int\u00e9gr\u00e9e de mani\u00e8re transparente dans un site Web, le gestionnaire de portefeuille Pro permet aux individus de pr\u00e9senter sans effort leurs talents exceptionnels et d&rsquo;attrait sans effort les clients potentiels.<\/p>\n<ul>\n<li>Conception enti\u00e8rement r\u00e9active pour une visualisation facile sur tous les appareils<\/li>\n<li>Gestion du portefeuille et des galeries avec des cat\u00e9gories et des images illimit\u00e9es<\/li>\n<li>Disposition et grilles personnalisables pour s&rsquo;adapter \u00e0 votre marque et \u00e0 votre style<\/li>\n<li>Effet LightBox pour une exp\u00e9rience utilisateur am\u00e9lior\u00e9e lors de la visualisation d&rsquo;images<\/li>\n<li>T\u00e9l\u00e9chargement d&rsquo;images multiples et fonctionnalit\u00e9 de glisser-d\u00e9poser pour une organisation facile<\/li>\n<li>Options de partage des m\u00e9dias sociaux pour promouvoir et partager votre travail<\/li>\n<li>URL et optimisation d&rsquo;image conviviales pour un meilleur classement des moteurs de recherche<\/li>\n<li>Compatibilit\u00e9 WooCommerce pour mon\u00e9tiser votre portefeuille ou vendre des produits num\u00e9riques<\/li>\n<li>Options d&rsquo;affichage flexibles, y compris la ma\u00e7onnerie, le carrousel et plus<\/li>\n<li>Interface conviviale pour une configuration et une personnalisation faciles<\/li>\n<\/ul>\n","protected":false},"excerpt":{"rendered":"<p>Portfolio Manager Pro est un outil extr\u00eamement complet et tr\u00e8s r\u00e9actif qui vous permet de cr\u00e9er et de g\u00e9rer avec comp\u00e9tence sans effort des portefeuilles et des galeries extr\u00eamement professionnels pour votre site Web estim\u00e9. B\u00e9d\u00e9e d&rsquo;une interface exquise conviviale, d&rsquo;une conception intuitivement captivante et d&rsquo;une vaste gamme d&rsquo;options de personnalisation sur mesure, ce plugin exceptionnel rend sans effort le processus de pr\u00e9sentation de votre travail exemplaire d&rsquo;une mani\u00e8re optimale et visuellement impressionnante. Que vous vous retrouviez immerg\u00e9 dans le domaine captivant de la photographie, que vous vous traciez passionn\u00e9ment dans les domaines du design, ou proclamant fi\u00e8rement vos prouesses artistiques, le gestionnaire de portefeuille Pro est la solution id\u00e9ale pour pr\u00e9senter magnifiquement vos myriades de talents et sans effort captivant et admirez votre estime public.<\/p>\n","protected":false},"featured_media":145000,"comment_status":"open","ping_status":"open","template":"","meta":[],"product_brand":[2435],"product_cat":[1189,1181,1186],"product_tag":[1231],"class_list":{"0":"post-115491","1":"product","2":"type-product","3":"status-publish","4":"has-post-thumbnail","6":"product_brand-codecanyon","7":"product_cat-personnalisation","8":"product_cat-plugins","9":"product_cat-wordpress-plugins","10":"product_tag-codecanyon","11":"member-discount","12":"discount-restricted","14":"first","15":"instock","16":"sale","17":"downloadable","18":"virtual","19":"sold-individually","20":"purchasable","21":"product-type-simple"},"_links":{"self":[{"href":"https:\/\/gpl-love.com\/fr\/wp-json\/wp\/v2\/product\/115491","targetHints":{"allow":["GET"]}}],"collection":[{"href":"https:\/\/gpl-love.com\/fr\/wp-json\/wp\/v2\/product"}],"about":[{"href":"https:\/\/gpl-love.com\/fr\/wp-json\/wp\/v2\/types\/product"}],"replies":[{"embeddable":true,"href":"https:\/\/gpl-love.com\/fr\/wp-json\/wp\/v2\/comments?post=115491"}],"wp:featuredmedia":[{"embeddable":true,"href":"https:\/\/gpl-love.com\/fr\/wp-json\/wp\/v2\/media\/145000"}],"wp:attachment":[{"href":"https:\/\/gpl-love.com\/fr\/wp-json\/wp\/v2\/media?parent=115491"}],"wp:term":[{"taxonomy":"product_brand","embeddable":true,"href":"https:\/\/gpl-love.com\/fr\/wp-json\/wp\/v2\/product_brand?post=115491"},{"taxonomy":"product_cat","embeddable":true,"href":"https:\/\/gpl-love.com\/fr\/wp-json\/wp\/v2\/product_cat?post=115491"},{"taxonomy":"product_tag","embeddable":true,"href":"https:\/\/gpl-love.com\/fr\/wp-json\/wp\/v2\/product_tag?post=115491"}],"curies":[{"name":"wp","href":"https:\/\/api.w.org\/{rel}","templated":true}]}}