{"id":115489,"date":"2024-02-10T00:00:00","date_gmt":"2024-02-09T23:00:00","guid":{"rendered":"http:\/\/gpl-love.com\/fr\/produit\/mikael-modern-et-creative-cv-resume-wordpress-theme\/"},"modified":"2026-04-10T18:31:31","modified_gmt":"2026-04-10T16:31:31","slug":"mikael-modern-et-creative-cv-resume-wordpress-theme","status":"publish","type":"product","link":"https:\/\/gpl-love.com\/fr\/produit\/mikael-modern-et-creative-cv-resume-wordpress-theme\/","title":{"rendered":"Mikael Modern et Creative CV Resume WordPress Theme 1.0.6"},"content":{"rendered":"<h3>Mikael Modern et Creative CV Resume WordPress Theme Traits<\/h3>\n<p>Le th\u00e8me MIKAEL Modern and Creative CV CV WordPress est un mod\u00e8le tr\u00e8s polyvalent et con\u00e7u, servant de plate-forme remarquable pour les demandeurs d&#8217;emploi afin de montrer leur multitude de comp\u00e9tences et d&rsquo;exp\u00e9riences \u00e9tendues de mani\u00e8re visuellement captivante. Ce th\u00e8me poss\u00e8de non seulement un design moderne et \u00e9l\u00e9gant, mais poss\u00e8de \u00e9galement une disposition conviviale, offrant ainsi un \u00e9ventail impressionnant d&rsquo;options de personnalisation qui permettra sans aucun doute \u00e0 votre CV de se d\u00e9marquer sans effort au milieu de la mer de la comp\u00e9tition. De plus, la conception r\u00e9active de ce th\u00e8me garantit que votre CV d\u00e9gagera de brillance et d&rsquo;\u00e9l\u00e9gance sur tous les appareils, que ce soit un ordinateur de bureau, une tablette ou un smartphone. De plus, son code m\u00e9ticuleusement optimis\u00e9 et ses fonctionnalit\u00e9s de r\u00e9f\u00e9rencement fonctionnent harmonieusement pour \u00e9lever votre visibilit\u00e9 en ligne, garantissant que les employeurs potentiels n&rsquo;auront aucun mal \u00e0 d\u00e9couvrir vos talents exceptionnels. De plus, ce th\u00e8me extraordinaire comprend une myriade de widgets et de plugins robustes, dont certains incluent l&rsquo;int\u00e9gration des m\u00e9dias sociaux sans couture, des formulaires de contact pratiques et des sections de portefeuille captivantes. Cette fusion remarquable des fonctionnalit\u00e9s le rend une solution globale, r\u00e9pondant aux besoins de tous les demandeurs d&#8217;emploi s&rsquo;effor\u00e7ant d&rsquo;\u00e9tablir une pr\u00e9sence en ligne vraiment professionnelle. Essentiellement, en utilisant les capacit\u00e9s extraordinaires du th\u00e8me WordPress de CV moderne et cr\u00e9atif de Mikael, vous cr\u00e9eras sans effort un curriculum vitae \u00e0 couper le souffle en quelques clics, se lan\u00e7ant ainsi dans la phase initiale de votre illustre voyage vers l&rsquo;atteinte de votre travail de r\u00eave.<\/p>\n<ul>\n<li>Design moderne unique et accrocheur<\/li>\n<li>Disposition enti\u00e8rement personnalisable avec des options de glisser-d\u00e9poser<\/li>\n<li>4 d\u00e9mos pr\u00e9-con\u00e7ues au choix<\/li>\n<li>Conception sensible au mobile pour une visualisation optimale sur tous les appareils<\/li>\n<li>Int\u00e9gration des m\u00e9dias sociaux pour partager votre CV<\/li>\n<li>Navigation facile \u00e0 utiliser pour une exp\u00e9rience utilisateur sans couture<\/li>\n<li>Sch\u00e9mas de couleurs personnalisables pour correspondre \u00e0 votre marque personnelle<\/li>\n<li>Compatible avec la derni\u00e8re version et plugins WordPress<\/li>\n<li>Plugin de compositeur visuel inclus pour les options de construction de pages ajout\u00e9es<\/li>\n<li>Options de typographie avanc\u00e9e pour le style professionnel<\/li>\n<\/ul>\n","protected":false},"excerpt":{"rendered":"<p>Le th\u00e8me CV MIKAEL Modern and Creative CV WordPress offre une solution optimale aux personnes cherchant \u00e0 \u00e9tablir un curriculum vitae professionnel et visuellement attrayant. Sa conception rationalis\u00e9e et ses fonctionnalit\u00e9s adaptables permettent l&rsquo;affichage transparent de ses comp\u00e9tences et de ses ant\u00e9c\u00e9dents professionnels aux employeurs potentiels. Ce th\u00e8me englobe un \u00e9ventail d&rsquo;options de mise en page, de param\u00e8tres de typographie et de widgets personnalis\u00e9s, facilitant la cr\u00e9ation d&rsquo;un CV distinctif et \u00e0 la mode qui refl\u00e8te efficacement sa personnalit\u00e9 et ses qualifications. Que l&rsquo;on s&rsquo;identifie comme un pigiste, un demandeur d&#8217;emploi ou un professionnel visant \u00e0 renforcer sa pr\u00e9sence en ligne, le th\u00e8me Mikael pr\u00e9sente un choix exemplaire pour se distinguer au milieu du paysage concurrentiel.<\/p>\n","protected":false},"featured_media":144542,"comment_status":"open","ping_status":"open","template":"","meta":[],"product_brand":[2433],"product_cat":[1242,1212,1213],"product_tag":[1366],"class_list":{"0":"post-115489","1":"product","2":"type-product","3":"status-publish","4":"has-post-thumbnail","6":"product_brand-themeforest","7":"product_cat-creatif","8":"product_cat-themes","9":"product_cat-wordpress-themes","10":"product_tag-themeforest","11":"member-discount","12":"discount-restricted","14":"first","15":"instock","16":"sale","17":"downloadable","18":"virtual","19":"sold-individually","20":"purchasable","21":"product-type-simple"},"_links":{"self":[{"href":"https:\/\/gpl-love.com\/fr\/wp-json\/wp\/v2\/product\/115489","targetHints":{"allow":["GET"]}}],"collection":[{"href":"https:\/\/gpl-love.com\/fr\/wp-json\/wp\/v2\/product"}],"about":[{"href":"https:\/\/gpl-love.com\/fr\/wp-json\/wp\/v2\/types\/product"}],"replies":[{"embeddable":true,"href":"https:\/\/gpl-love.com\/fr\/wp-json\/wp\/v2\/comments?post=115489"}],"wp:featuredmedia":[{"embeddable":true,"href":"https:\/\/gpl-love.com\/fr\/wp-json\/wp\/v2\/media\/144542"}],"wp:attachment":[{"href":"https:\/\/gpl-love.com\/fr\/wp-json\/wp\/v2\/media?parent=115489"}],"wp:term":[{"taxonomy":"product_brand","embeddable":true,"href":"https:\/\/gpl-love.com\/fr\/wp-json\/wp\/v2\/product_brand?post=115489"},{"taxonomy":"product_cat","embeddable":true,"href":"https:\/\/gpl-love.com\/fr\/wp-json\/wp\/v2\/product_cat?post=115489"},{"taxonomy":"product_tag","embeddable":true,"href":"https:\/\/gpl-love.com\/fr\/wp-json\/wp\/v2\/product_tag?post=115489"}],"curies":[{"name":"wp","href":"https:\/\/api.w.org\/{rel}","templated":true}]}}