{"id":115487,"date":"2021-05-26T00:00:00","date_gmt":"2021-05-25T22:00:00","guid":{"rendered":"http:\/\/gpl-love.com\/fr\/produit\/medicalpress-health-et-medical-wordpress-theme\/"},"modified":"2026-03-20T23:24:12","modified_gmt":"2026-03-20T22:24:12","slug":"medicalpress-health-et-medical-wordpress-theme","status":"publish","type":"product","link":"https:\/\/gpl-love.com\/fr\/produit\/medicalpress-health-et-medical-wordpress-theme\/","title":{"rendered":"MedicalPress Health et Medical WordPress Theme 3.5.0"},"content":{"rendered":"<h3>MedicalPress Health et Medical WordPress Theme Traits<\/h3>\n<p>Le th\u00e8me MedicalPress Health and Medical WordPress est un outil incroyablement puissant et multiforme qui a \u00e9t\u00e9 m\u00e9ticuleusement con\u00e7u avec l&rsquo;intention de r\u00e9pondre aux besoins des experts en soins de sant\u00e9 et des \u00e9tablissements m\u00e9dicaux. B\u00e9n\u00e9ficiant d&rsquo;un design \u00e9l\u00e9gant et contemporain, ce th\u00e8me remarquable permet aux utilisateurs de fa\u00e7onner sans effort des sites Web visuellement \u00e9tonnants qui peuvent \u00eatre personnalis\u00e9s au contenu de leur c\u0153ur, offrant une pl\u00e9thore de fonctionnalit\u00e9s sp\u00e9cialis\u00e9es telles que les syst\u00e8mes de r\u00e9servation de rendez-vous, les profils de m\u00e9decin et les t\u00e9moignages de patients. En outre, MedicalPress offre \u00e0 ses utilisateurs une vaste gamme d&rsquo;options de personnalisation, facilitant ainsi la couture transparente des sites Web pour r\u00e9pondre aux exigences sp\u00e9cifiques, tandis que sa conception r\u00e9active garantit une exp\u00e9rience visuellement agr\u00e9able quel que soit l&rsquo;appareil utilis\u00e9. Que ce soit le fonctionnement d&rsquo;une clinique, d&rsquo;un h\u00f4pital ou de la prestation de services m\u00e9dicaux, MedicalPress se pr\u00e9sente sans \u00e9quivoque comme la solution par excellence pour la cr\u00e9ation d&rsquo;une pr\u00e9sence en ligne robuste et polie du plus grand professionnalisme.<\/p>\n<ul>\n<li>Th\u00e8me WordPress hautement personnalisable sp\u00e9cialement adapt\u00e9 aux sites Web de sant\u00e9 et m\u00e9dicaux<\/li>\n<li>Comprend un large \u00e9ventail de fonctionnalit\u00e9s et de fonctionnalit\u00e9s int\u00e9gr\u00e9es, y compris la r\u00e9servation de rendez-vous, les profils de m\u00e9decin, les t\u00e9moignages de patients, et plus<\/li>\n<li>La conception enti\u00e8rement r\u00e9active garantit que votre site Web a fi\u00e8re allure sur n&rsquo;importe quel appareil, des ordinateurs de bureau aux smartphones<\/li>\n<li>Compatible avec une gamme de plugins WordPress populaires, tels que WooCommerce, BuddyPress, Calendrier des \u00e9v\u00e9nements, et plus<\/li>\n<li>Comprend plus de 20 mod\u00e8les de pages pr\u00e9-con\u00e7us pour vous aider \u00e0 mettre votre site Web en cours d&rsquo;ex\u00e9cution rapidement et facilement<\/li>\n<li>Les options de personnalisation avanc\u00e9es vous permettent de modifier facilement et ajuster la conception et la disposition de votre site pour r\u00e9pondre \u00e0 vos besoins exacts<\/li>\n<li>Construit \u00e0 l&rsquo;aide de techniques de d\u00e9veloppement Web modernes, assurant des temps de chargement rapides et des performances lisses<\/li>\n<li>Comprend une documentation d\u00e9taill\u00e9e et une assistance compl\u00e8te, y compris l&rsquo;acc\u00e8s \u00e0 un forum d&rsquo;assistance d\u00e9di\u00e9 et une assistance par e-mail individuelle<\/li>\n<li>Les mises \u00e0 jour et les am\u00e9liorations r\u00e9guli\u00e8res garantissent que votre site Web reste \u00e0 jour avec les derni\u00e8res technologies Web et meilleures pratiques<\/li>\n<\/ul>\n","protected":false},"excerpt":{"rendered":"<p>Le th\u00e8me MedicalPress Health and Medical WordPress, qui a un co\u00fbt premium, est explicitement adapt\u00e9 aux organisations de soins de sant\u00e9, aux cliniques m\u00e9dicales, aux h\u00f4pitaux, aux dentistes et aux autres professionnels de la sant\u00e9. B\u00e9n\u00e9ficiant d&rsquo;un design \u00e9l\u00e9gant et contemporain, ce th\u00e8me comprend un \u00e9ventail de fonctionnalit\u00e9s qui facilitent la gestion transparente de votre site Web m\u00e9dical. Ces fonctionnalit\u00e9s comprennent la r\u00e9servation de rendez-vous, les formulaires de patients, les profils du personnel, etc. En outre, ce th\u00e8me est optimis\u00e9 par moteur de recherche (SEO) et affiche une interface conviviale, assurant une personnalisation et une utilisation faciles, m\u00eame pour les personnes d\u00e9pourvues d&rsquo;expertise codante. En exploitant le pouvoir du th\u00e8me MedicalPress, vous pouvez cr\u00e9er sans effort un site Web visuellement agr\u00e9able qui met efficacement votre pratique m\u00e9dicale, favorisant ainsi la confiance parmi vos patients.<\/p>\n","protected":false},"featured_media":144487,"comment_status":"open","ping_status":"open","template":"","meta":[],"product_brand":[2433],"product_cat":[1516,1212,1213],"product_tag":[1366],"class_list":{"0":"post-115487","1":"product","2":"type-product","3":"status-publish","4":"has-post-thumbnail","6":"product_brand-themeforest","7":"product_cat-entreprise","8":"product_cat-themes","9":"product_cat-wordpress-themes","10":"product_tag-themeforest","11":"member-discount","12":"discount-restricted","14":"first","15":"instock","16":"sale","17":"downloadable","18":"virtual","19":"sold-individually","20":"purchasable","21":"product-type-simple"},"_links":{"self":[{"href":"https:\/\/gpl-love.com\/fr\/wp-json\/wp\/v2\/product\/115487","targetHints":{"allow":["GET"]}}],"collection":[{"href":"https:\/\/gpl-love.com\/fr\/wp-json\/wp\/v2\/product"}],"about":[{"href":"https:\/\/gpl-love.com\/fr\/wp-json\/wp\/v2\/types\/product"}],"replies":[{"embeddable":true,"href":"https:\/\/gpl-love.com\/fr\/wp-json\/wp\/v2\/comments?post=115487"}],"wp:featuredmedia":[{"embeddable":true,"href":"https:\/\/gpl-love.com\/fr\/wp-json\/wp\/v2\/media\/144487"}],"wp:attachment":[{"href":"https:\/\/gpl-love.com\/fr\/wp-json\/wp\/v2\/media?parent=115487"}],"wp:term":[{"taxonomy":"product_brand","embeddable":true,"href":"https:\/\/gpl-love.com\/fr\/wp-json\/wp\/v2\/product_brand?post=115487"},{"taxonomy":"product_cat","embeddable":true,"href":"https:\/\/gpl-love.com\/fr\/wp-json\/wp\/v2\/product_cat?post=115487"},{"taxonomy":"product_tag","embeddable":true,"href":"https:\/\/gpl-love.com\/fr\/wp-json\/wp\/v2\/product_tag?post=115487"}],"curies":[{"name":"wp","href":"https:\/\/api.w.org\/{rel}","templated":true}]}}