{"id":115485,"date":"2021-05-26T00:00:00","date_gmt":"2021-05-25T22:00:00","guid":{"rendered":"http:\/\/gpl-love.com\/fr\/produit\/luxa-luxury-black-multipurpose-wordpress-theme\/"},"modified":"2026-03-20T23:22:54","modified_gmt":"2026-03-20T22:22:54","slug":"luxa-luxury-black-multipurpose-wordpress-theme","status":"publish","type":"product","link":"https:\/\/gpl-love.com\/fr\/produit\/luxa-luxury-black-multipurpose-wordpress-theme\/","title":{"rendered":"Luxa Luxury Black MultiPurpose WordPress Theme 1.1.9"},"content":{"rendered":"<h3>Luxa Luxury Black MultiPurpose WordPress Theme Traits<\/h3>\n<p>Le th\u00e8me WordPress polyvalent Luxa Luxa Black Black est un th\u00e8me WordPress exceptionnel et de haute qualit\u00e9 qui a \u00e9t\u00e9 r\u00e9fl\u00e9chi aux personnes qui souhaitent \u00e9tablir des sites Web qui d\u00e9gagent le professionnalisme et l&rsquo;\u00e9l\u00e9gance. B\u00e9n\u00e9ficiant d&rsquo;un design \u00e9l\u00e9gant et \u00e9l\u00e9gant, ce th\u00e8me est sur mesure pour les entreprises, les agences et les individus qui aspirent \u00e0 pr\u00e9senter leurs produits ou services de mani\u00e8re la plus raffin\u00e9e et la plus sophistiqu\u00e9e. Luxa est fi\u00e8re de pr\u00e9senter aux utilisateurs un puissant constructeur de pages glisser-d\u00e9poser, facilitant ainsi la personnalisation transparente des sites Web sans n\u00e9cessiter aucune expertise en programmation. De plus, ce th\u00e8me est enti\u00e8rement r\u00e9actif, garantissant que votre site Web rayonnera l&rsquo;excellence et fera appel dans un assortiment d&rsquo;appareils. En plus de ces attributs louables, Luxa englobe une myriade de fonctionnalit\u00e9s impressionnantes, y compris divers styles d&rsquo;en-t\u00eate, un portefeuille polyvalent et des dispositions de blogs, et un \u00e9ventail d&rsquo;options de personnalisation, tous culminant dans un site Web vraiment unique. Sans aucun doute, le th\u00e8me WordPress polyvalent Luxa Luxury Black est le choix d\u00e9finitif pour ceux qui recherchent un site Web contemporain et sophistiqu\u00e9 qui laissera ind\u00e9niablement une impression durable sur leurs visiteurs estim\u00e9s.<\/p>\n<ul>\n<li>Design \u00e9l\u00e9gant et professionnel adapt\u00e9 \u00e0 divers sites Web et industries<\/li>\n<li>Plusieurs pages d&rsquo;accueil pr\u00e9-con\u00e7ues disponibles pour une configuration rapide<\/li>\n<li>Compatible avec des plugins populaires tels que WooCommerce et Contact Form 7<\/li>\n<li>Faire glisser et d\u00e9poser le constructeur de page pour une personnalisation facile<\/li>\n<li>Disposition enti\u00e8rement r\u00e9active pour une visualisation optimale sur tous les appareils<\/li>\n<li>SEO optimis\u00e9 pour un meilleur classement des moteurs de recherche<\/li>\n<li>Traduction pr\u00eate avec la prise en charge de plusieurs langues<\/li>\n<li>Mises \u00e0 jour r\u00e9guli\u00e8res et support client d\u00e9di\u00e9 de l&rsquo;\u00e9quipe Luxa<\/li>\n<li>Des fonctionnalit\u00e9s premium, notamment Slider Revolution, Mega Menu et des Ic\u00f4nes impressionnantes de police incluses<\/li>\n<li>Importation de d\u00e9monstration en un clic pour une installation simple<\/li>\n<\/ul>\n","protected":false},"excerpt":{"rendered":"<p>Nous sommes heureux de pr\u00e9senter Luxa, le th\u00e8me WordPress ultime qui d\u00e9gage une touche d&rsquo;opulence. B\u00e9n\u00e9ficiant d&rsquo;un design noir sophistiqu\u00e9 et d&rsquo;une disposition polyvalente, Luxa s&rsquo;adresse \u00e0 un large \u00e9ventail d&rsquo;objectifs, ce qui en fait le choix id\u00e9al pour les individus d&rsquo;horizons divers, que vous soyez un blogueur de mode ou un propri\u00e9taire d&rsquo;une petite entreprise. Ce th\u00e8me premium pr\u00e9sente un \u00e9ventail de fonctionnalit\u00e9s remarquables, y compris plusieurs page d&rsquo;accueil et des dispositions de blog, des widgets personnalisables et un panel administratif robuste qui vous permet de personnaliser tous les aspects de votre site Web. De plus, la conception r\u00e9active de Luxa garantit une exp\u00e9rience de visualisation exceptionnelle sur tous les appareils, garantissant que votre public re\u00e7oit la plus grande satisfaction. \u00c9levez votre pr\u00e9sence en ligne en mettant \u00e0 niveau vers Luxa et assistez \u00e0 votre site Web \u00e0 de nouveaux sommets.<\/p>\n","protected":false},"featured_media":144404,"comment_status":"open","ping_status":"open","template":"","meta":[],"product_brand":[2433],"product_cat":[1214,1212,1213],"product_tag":[1366],"class_list":{"0":"post-115485","1":"product","2":"type-product","3":"status-publish","4":"has-post-thumbnail","6":"product_brand-themeforest","7":"product_cat-polyvalent","8":"product_cat-themes","9":"product_cat-wordpress-themes","10":"product_tag-themeforest","11":"member-discount","12":"discount-restricted","14":"first","15":"instock","16":"sale","17":"downloadable","18":"virtual","19":"sold-individually","20":"purchasable","21":"product-type-simple"},"_links":{"self":[{"href":"https:\/\/gpl-love.com\/fr\/wp-json\/wp\/v2\/product\/115485","targetHints":{"allow":["GET"]}}],"collection":[{"href":"https:\/\/gpl-love.com\/fr\/wp-json\/wp\/v2\/product"}],"about":[{"href":"https:\/\/gpl-love.com\/fr\/wp-json\/wp\/v2\/types\/product"}],"replies":[{"embeddable":true,"href":"https:\/\/gpl-love.com\/fr\/wp-json\/wp\/v2\/comments?post=115485"}],"wp:featuredmedia":[{"embeddable":true,"href":"https:\/\/gpl-love.com\/fr\/wp-json\/wp\/v2\/media\/144404"}],"wp:attachment":[{"href":"https:\/\/gpl-love.com\/fr\/wp-json\/wp\/v2\/media?parent=115485"}],"wp:term":[{"taxonomy":"product_brand","embeddable":true,"href":"https:\/\/gpl-love.com\/fr\/wp-json\/wp\/v2\/product_brand?post=115485"},{"taxonomy":"product_cat","embeddable":true,"href":"https:\/\/gpl-love.com\/fr\/wp-json\/wp\/v2\/product_cat?post=115485"},{"taxonomy":"product_tag","embeddable":true,"href":"https:\/\/gpl-love.com\/fr\/wp-json\/wp\/v2\/product_tag?post=115485"}],"curies":[{"name":"wp","href":"https:\/\/api.w.org\/{rel}","templated":true}]}}