{"id":115481,"date":"2024-11-15T00:00:00","date_gmt":"2024-11-14T23:00:00","guid":{"rendered":"http:\/\/gpl-love.com\/fr\/produit\/graphist-graphs-et-charts-pour-elementor\/"},"modified":"2026-03-20T23:17:27","modified_gmt":"2026-03-20T22:17:27","slug":"graphist-graphs-et-charts-pour-elementor","status":"publish","type":"product","link":"https:\/\/gpl-love.com\/fr\/produit\/graphist-graphs-et-charts-pour-elementor\/","title":{"rendered":"Graphist Graphs et Charts pour Elementor 1.2.7"},"content":{"rendered":"<h3>Graphist Graphs et Charts pour Elementor Traits<\/h3>\n<p>Les graphiques graphiques et les graphiques pour Elementor sont un plugin avanc\u00e9 qui offre aux utilisateurs une pl\u00e9thore de fonctionnalit\u00e9s et de fonctionnalit\u00e9s pour \u00e9laborer sans effort des graphiques et des graphiques frappants visuellement. Int\u00e9gr\u00e9 dans ce plugin se trouve un tableau impressionnant d&rsquo;options de personnalisation, y compris une vaste s\u00e9lection de plus de 20 types de graphiques et un assortiment de sch\u00e9mas de couleurs captivants. De plus, Graphiste s&rsquo;int\u00e8gre de mani\u00e8re transparente \u00e0 Elementor, facilitant l&rsquo;ajout rapide et efficace de graphiques et de graphiques aux pages Web et aux publications. B\u00e9n\u00e9ficiant d&rsquo;une interface qui est \u00e0 la fois conviviale et intuitive, le graphiste r\u00e9pond aux besoins des cr\u00e9ateurs novices et des professionnels assaisonn\u00e9s, leur permettant de fa\u00e7onner des repr\u00e9sentations graphiquement polies et esth\u00e9tique de leurs donn\u00e9es. Que l&rsquo;objectif concerne la pr\u00e9sentation des donn\u00e9es, des statistiques ou toute autre forme d&rsquo;information, des graphiques graphiques et des graphiques pour Elementor est sans \u00e9quivoque comme l&rsquo;outil par excellence qui respire la vie \u00e0 vos donn\u00e9es.<\/p>\n<ul>\n<li>Graphiques et graphiques superbes et professionnels \u00e0 utiliser dans Elementor<\/li>\n<li>Facile \u00e0 utiliser, avec des param\u00e8tres personnalisables pour correspondre \u00e0 votre marque et \u00e0 votre style<\/li>\n<li>Comprend une large gamme de types de graphiques, y compris la barre, la ligne, la tarte et plus<\/li>\n<li>Offre des fonctionnalit\u00e9s avanc\u00e9es telles que l&rsquo;animation, la conception r\u00e9active et les mises \u00e0 jour de donn\u00e9es en direct<\/li>\n<li>Compatible avec WordPress et Elementor, assurant une int\u00e9gration transparente avec votre site Web.<\/li>\n<\/ul>\n","protected":false},"excerpt":{"rendered":"<p>Les graphiques graphiques et les graphiques pour Elementor sont un plugin incroyablement robuste et tr\u00e8s efficace qui vous offre une vaste gamme d&rsquo;options afin de cr\u00e9er des graphiques et des graphiques dynamiques visuellement et dynamiques pour votre site Web en utilisant les puissantes capacit\u00e9s de Elementor. Avec sa vaste s\u00e9lection de types de graphiques, les param\u00e8tres de personnalisation flexibles et la possibilit\u00e9 d&rsquo;afficher la visualisation des donn\u00e9es en temps r\u00e9el, le graphiste est un atout inestimable qui vous permettra de pr\u00e9senter efficacement vos donn\u00e9es de mani\u00e8re articul\u00e9e, convaincante et visuellement captivante. Que vous vous trouviez dans le r\u00f4le d&rsquo;un analyste de donn\u00e9es, d&rsquo;un propri\u00e9taire d&rsquo;entreprise ou m\u00eame d&rsquo;un blogueur, un graphiste est sans aucun doute l&rsquo;outil ultime qui augmentera et propulsera votre site Web Elementor \u00e0 des sommets sans pr\u00e9c\u00e9dent de succ\u00e8s et de croissance.<\/p>\n","protected":false},"featured_media":144045,"comment_status":"open","ping_status":"open","template":"","meta":[],"product_brand":[2435],"product_cat":[1189,1181,1186],"product_tag":[1231],"class_list":{"0":"post-115481","1":"product","2":"type-product","3":"status-publish","4":"has-post-thumbnail","6":"product_brand-codecanyon","7":"product_cat-personnalisation","8":"product_cat-plugins","9":"product_cat-wordpress-plugins","10":"product_tag-codecanyon","11":"member-discount","12":"discount-restricted","14":"first","15":"instock","16":"sale","17":"downloadable","18":"virtual","19":"sold-individually","20":"purchasable","21":"product-type-simple"},"_links":{"self":[{"href":"https:\/\/gpl-love.com\/fr\/wp-json\/wp\/v2\/product\/115481","targetHints":{"allow":["GET"]}}],"collection":[{"href":"https:\/\/gpl-love.com\/fr\/wp-json\/wp\/v2\/product"}],"about":[{"href":"https:\/\/gpl-love.com\/fr\/wp-json\/wp\/v2\/types\/product"}],"replies":[{"embeddable":true,"href":"https:\/\/gpl-love.com\/fr\/wp-json\/wp\/v2\/comments?post=115481"}],"wp:featuredmedia":[{"embeddable":true,"href":"https:\/\/gpl-love.com\/fr\/wp-json\/wp\/v2\/media\/144045"}],"wp:attachment":[{"href":"https:\/\/gpl-love.com\/fr\/wp-json\/wp\/v2\/media?parent=115481"}],"wp:term":[{"taxonomy":"product_brand","embeddable":true,"href":"https:\/\/gpl-love.com\/fr\/wp-json\/wp\/v2\/product_brand?post=115481"},{"taxonomy":"product_cat","embeddable":true,"href":"https:\/\/gpl-love.com\/fr\/wp-json\/wp\/v2\/product_cat?post=115481"},{"taxonomy":"product_tag","embeddable":true,"href":"https:\/\/gpl-love.com\/fr\/wp-json\/wp\/v2\/product_tag?post=115481"}],"curies":[{"name":"wp","href":"https:\/\/api.w.org\/{rel}","templated":true}]}}