{"id":115480,"date":"2025-07-19T00:00:00","date_gmt":"2025-07-18T22:00:00","guid":{"rendered":"http:\/\/gpl-love.com\/fr\/produit\/flatnews-responsive-magazine-wordpress-theme\/"},"modified":"2026-03-20T23:06:00","modified_gmt":"2026-03-20T22:06:00","slug":"flatnews-responsive-magazine-wordpress-theme","status":"publish","type":"product","link":"https:\/\/gpl-love.com\/fr\/produit\/flatnews-responsive-magazine-wordpress-theme\/","title":{"rendered":"FlatNews Responsive Magazine WordPress Theme 6.1"},"content":{"rendered":"<h3>FlatNews Responsive Magazine WordPress Theme Traits<\/h3>\n<p>FlatNews est un th\u00e8me WordPress de pointe et tr\u00e8s adaptable qui a \u00e9t\u00e9 m\u00e9ticuleusement con\u00e7u pour r\u00e9pondre aux besoins des sites Web de magazines. B\u00e9n\u00e9ficiant d&rsquo;une esth\u00e9tique rationalis\u00e9e et \u00e9pur\u00e9e, ce th\u00e8me int\u00e8gre parfaitement un syst\u00e8me de navigation qui est \u00e0 la fois intuitif et sans effort pour naviguer, facilitant une exp\u00e9rience utilisateur optimale quel que soit l&rsquo;appareil utilis\u00e9. De plus, il propose un \u00e9ventail de divers formats de poste, des widgets personnalisables et un assortiment d&rsquo;options de personnalisation avanc\u00e9es, permettant aux utilisateurs de fa\u00e7onner une ambiance distinctive et personnalis\u00e9e qui r\u00e9sonne avec leur flair individualiste. En outre, ce th\u00e8me a \u00e9t\u00e9 m\u00e9ticuleusement optimis\u00e9 pour l&rsquo;optimisation des moteurs de recherche (SEO), garantissant un classement enviable sur les principaux moteurs de recherche. Avec sa capacit\u00e9 inn\u00e9e \u00e0 d\u00e9gager le professionnalisme et l&rsquo;\u00e9l\u00e9gance, FlatNews \u00e9merge sans \u00e9quivoque comme un choix exceptionnel pour les blogueurs ou les \u00e9diteurs en qu\u00eate d&rsquo;un th\u00e8me raffin\u00e9 et sophistiqu\u00e9 pour leur magazine en ligne ou un site Web de nouvelles.<\/p>\n<ul>\n<li>Conception moderne et propre avec plusieurs options de disposition pour la personnalisation.<\/li>\n<li>La conception r\u00e9active garantit que votre site Web a fi\u00e8re allure sur n&rsquo;importe quel appareil.<\/li>\n<li>Options int\u00e9gr\u00e9es pour la publicit\u00e9, avec des emplacements publicitaires personnalisables et une d\u00e9tection de blocage publicitaire.<\/li>\n<li>Plusieurs formats de publication, y compris la vid\u00e9o, l&rsquo;audio, la galerie et les publications r\u00e9guli\u00e8res.<\/li>\n<li>Int\u00e9gration des m\u00e9dias sociaux avec des boutons de partage int\u00e9gr\u00e9s et des ic\u00f4nes des m\u00e9dias sociaux.<\/li>\n<li>Le r\u00e9f\u00e9rencement optimis\u00e9 pour une visibilit\u00e9 accrue et un meilleur classement des moteurs de recherche.<\/li>\n<li>Plusieurs zones de widget pour la personnalisation et les fonctionnalit\u00e9s ajout\u00e9es.<\/li>\n<li>Traduction pr\u00eate pour un public mondial.<\/li>\n<li>Panneau de configuration facile \u00e0 utiliser avec les fonctionnalit\u00e9s de glisser-d\u00e9poser.<\/li>\n<li>Mis \u00e0 jour r\u00e9guli\u00e8rement avec de nouvelles fonctionnalit\u00e9s et corrections de bogues.<\/li>\n<\/ul>\n","protected":false},"excerpt":{"rendered":"<p>FlatNews, un th\u00e8me WordPress exceptionnel con\u00e7u avec soin pour les sites d&rsquo;actualit\u00e9s et de magazines, incarne une esth\u00e9tique contemporaine et sophistiqu\u00e9e. Gr\u00e2ce \u00e0 sa conception responsive, votre contenu de qualit\u00e9 rayonnera et conservera son attrait visuel sur tous les appareils. Ce th\u00e8me offre une mise en page impeccable et parfaitement organis\u00e9e, facilitant une navigation fluide et r\u00e9pondant ais\u00e9ment aux besoins des lecteurs en mati\u00e8re d&rsquo;informations pertinentes. FlatNews propose notamment une multitude d&rsquo;options de personnalisation, permettant d&rsquo;adapter le design \u00e0 l&rsquo;essence m\u00eame de votre marque en toute simplicit\u00e9. Avec ses fonctionnalit\u00e9s avanc\u00e9es, FlatNews s&rsquo;impose comme un choix incontournable pour tout site d&rsquo;actualit\u00e9s ou de magazine en qu\u00eate d&rsquo;une pr\u00e9sentation soign\u00e9e et professionnelle.<\/p>\n","protected":false},"featured_media":143878,"comment_status":"open","ping_status":"open","template":"","meta":[],"product_brand":[2433],"product_cat":[1220,1212,1213],"product_tag":[1366],"class_list":{"0":"post-115480","1":"product","2":"type-product","3":"status-publish","4":"has-post-thumbnail","6":"product_brand-themeforest","7":"product_cat-blog-magazine","8":"product_cat-themes","9":"product_cat-wordpress-themes","10":"product_tag-themeforest","11":"member-discount","12":"discount-restricted","14":"first","15":"instock","16":"sale","17":"downloadable","18":"virtual","19":"sold-individually","20":"purchasable","21":"product-type-simple"},"_links":{"self":[{"href":"https:\/\/gpl-love.com\/fr\/wp-json\/wp\/v2\/product\/115480","targetHints":{"allow":["GET"]}}],"collection":[{"href":"https:\/\/gpl-love.com\/fr\/wp-json\/wp\/v2\/product"}],"about":[{"href":"https:\/\/gpl-love.com\/fr\/wp-json\/wp\/v2\/types\/product"}],"replies":[{"embeddable":true,"href":"https:\/\/gpl-love.com\/fr\/wp-json\/wp\/v2\/comments?post=115480"}],"wp:featuredmedia":[{"embeddable":true,"href":"https:\/\/gpl-love.com\/fr\/wp-json\/wp\/v2\/media\/143878"}],"wp:attachment":[{"href":"https:\/\/gpl-love.com\/fr\/wp-json\/wp\/v2\/media?parent=115480"}],"wp:term":[{"taxonomy":"product_brand","embeddable":true,"href":"https:\/\/gpl-love.com\/fr\/wp-json\/wp\/v2\/product_brand?post=115480"},{"taxonomy":"product_cat","embeddable":true,"href":"https:\/\/gpl-love.com\/fr\/wp-json\/wp\/v2\/product_cat?post=115480"},{"taxonomy":"product_tag","embeddable":true,"href":"https:\/\/gpl-love.com\/fr\/wp-json\/wp\/v2\/product_tag?post=115480"}],"curies":[{"name":"wp","href":"https:\/\/api.w.org\/{rel}","templated":true}]}}